{"id":118,"date":"2016-03-01T13:05:50","date_gmt":"2016-03-01T13:05:50","guid":{"rendered":"http:\/\/grupos.unileon.es\/masterbiologia\/?page_id=118"},"modified":"2017-10-11T12:21:44","modified_gmt":"2017-10-11T12:21:44","slug":"ingenieria-genetica-genetic-engineering","status":"publish","type":"page","link":"https:\/\/grupos.unileon.es\/masterbiologia\/ingenieria-genetica-genetic-engineering\/","title":{"rendered":"Ingenier\u00eda gen\u00e9tica"},"content":{"rendered":"<p>En esta asignatura se intenta dar a los alumnos una visi\u00f3n amplia sobre manipulaci\u00f3n y aplicaciones biotecnol\u00f3gicas de diferentes grupos microbianos que se utilizan actualmente para la investigaci\u00f3n o producci\u00f3n de metabolitos.<br \/>\nSe usan especies del g\u00e9nero <em>Pseudomonas<\/em> que se utilizan para biorremediaci\u00f3n ambiental, biosensores y producci\u00f3n de biomateriales.<br \/>\nTambi\u00e9n se utilizan los generos <em>Streptomyces<\/em> (productor de antibi\u00f3ticos, enzimas extracelulares&#8230;) y <em>Corynebacterium<\/em> (productor de amino\u00e1cidos, nucle\u00f3tidos, agentes savorizantes&#8230;). En este apartado se incluyen nociones sobre an\u00e1lisis inform\u00e1tico de genomas bacterianos usando Artemis y uso de programas para realizar \u00abgenome mining\u201d.<br \/>\nSe usa el hongo <i>Aspergillus nidulans<\/i> como organismo modelo para transformaci\u00f3n de hongos filamentosos, ya que estos hongos incluyen especies productoras de infinidad de metabolitos como antibi\u00f3ticos, aditivos alimentarios, intermediarios metab\u00f3licos, etc.<br \/>\nTambi\u00e9n aprender\u00e1n a manipular secuencias g\u00e9nicas utilizando metodolog\u00edas relacionadas con el campo de la Biolog\u00eda Sint\u00e9tica, consistente en la utilizaci\u00f3n de m\u00f3dulos gen\u00e9ticos funcionales para construir genes con nuevas caracter\u00edsticas. Como ejemplo, en las pr\u00e1cticas se utilizan varios m\u00f3dulos con funci\u00f3n promotora y se cuantifican sus potencias analizando las caracter\u00edsticas que presenta la expresi\u00f3n de genes codificantes para prote\u00ednas fluorescentes.<\/p>\n<p><i><br \/>\n<\/i><\/p>\n","protected":false},"excerpt":{"rendered":"<p>En esta asignatura se intenta dar a los alumnos una visi\u00f3n amplia sobre manipulaci\u00f3n y aplicaciones biotecnol\u00f3gicas de diferentes grupos microbianos que se utilizan actualmente para la investigaci\u00f3n o producci\u00f3n de metabolitos. Se usan especies del g\u00e9nero Pseudomonas que se utilizan para biorremediaci\u00f3n ambiental, biosensores y producci\u00f3n de biomateriales. Tambi\u00e9n se utilizan los generos Streptomyces [&hellip;]<\/p>\n","protected":false},"author":52,"featured_media":0,"parent":0,"menu_order":0,"comment_status":"closed","ping_status":"closed","template":"","meta":{"footnotes":""},"class_list":["post-118","page","type-page","status-publish","hentry"],"_links":{"self":[{"href":"https:\/\/grupos.unileon.es\/masterbiologia\/wp-json\/wp\/v2\/pages\/118","targetHints":{"allow":["GET"]}}],"collection":[{"href":"https:\/\/grupos.unileon.es\/masterbiologia\/wp-json\/wp\/v2\/pages"}],"about":[{"href":"https:\/\/grupos.unileon.es\/masterbiologia\/wp-json\/wp\/v2\/types\/page"}],"author":[{"embeddable":true,"href":"https:\/\/grupos.unileon.es\/masterbiologia\/wp-json\/wp\/v2\/users\/52"}],"replies":[{"embeddable":true,"href":"https:\/\/grupos.unileon.es\/masterbiologia\/wp-json\/wp\/v2\/comments?post=118"}],"version-history":[{"count":3,"href":"https:\/\/grupos.unileon.es\/masterbiologia\/wp-json\/wp\/v2\/pages\/118\/revisions"}],"predecessor-version":[{"id":306,"href":"https:\/\/grupos.unileon.es\/masterbiologia\/wp-json\/wp\/v2\/pages\/118\/revisions\/306"}],"wp:attachment":[{"href":"https:\/\/grupos.unileon.es\/masterbiologia\/wp-json\/wp\/v2\/media?parent=118"}],"curies":[{"name":"wp","href":"https:\/\/api.w.org\/{rel}","templated":true}]}}