{"id":140,"date":"2016-03-11T11:22:20","date_gmt":"2016-03-11T11:22:20","guid":{"rendered":"http:\/\/grupos.unileon.es\/masterbiologia\/?page_id=140"},"modified":"2017-10-16T07:38:50","modified_gmt":"2017-10-16T07:38:50","slug":"metodos-de-estudio-de-acidos-nucleicos-nucleic-acid-methods","status":"publish","type":"page","link":"https:\/\/grupos.unileon.es\/masterbiologia\/metodos-de-estudio-de-acidos-nucleicos-nucleic-acid-methods\/","title":{"rendered":"M\u00e9todos de estudio de \u00e1cidos nucleicos"},"content":{"rendered":"<p><img loading=\"lazy\" decoding=\"async\" class=\"alignnone size-medium wp-image-142\" src=\"http:\/\/grupos.unileon.es\/masterbiologia\/files\/2016\/03\/nucleicos2-265x300.png\" alt=\"nucleicos2\" width=\"265\" height=\"300\" srcset=\"https:\/\/grupos.unileon.es\/masterbiologia\/files\/2016\/03\/nucleicos2-265x300.png 265w, https:\/\/grupos.unileon.es\/masterbiologia\/files\/2016\/03\/nucleicos2.png 505w\" sizes=\"auto, (max-width: 265px) 100vw, 265px\" \/><\/p>\n<p>Esta asignatura tiene como objetivo que los estudiantes se familiaricen con las t\u00e9cnicas m\u00e1s utilizadas actualmente en el an\u00e1lisis de DNA y RNA.<br \/>\nPara ello se profundizar\u00e1 en las propiedades de los \u00e1cidos nucleicos, ya que de este modo los alumnos podr\u00e1n entender y proponer mejoras de las t\u00e9cnicas utilizadas en su aislamiento y purificaci\u00f3n, as\u00ed como tomar las decisiones oportunas en funci\u00f3n de diversos condicionantes, tales como cu\u00e1l es el material de partida, o cu\u00e1l es nuestro principal limitante, por ejemplo, el rendimiento, la pureza o el tiempo requerido para el aislamiento, o cu\u00e1les vayan a ser las posteriores tecnolog\u00edas a emplear con posterioridad. Entre estas tecnolog\u00edas, el estudiante se familiarizar\u00e1 con las siguientes:<br \/>\n&#8211; Obtenci\u00f3n ADN, ARN y ADNc, y an\u00e1lisis de su calidad.<br \/>\n&#8211; Dise\u00f1o de \u00abprimers\u00bb optimizados para realizar diferentes tipos de PCRs.<br \/>\n&#8211; Cuantificaci\u00f3n de la expresi\u00f3n g\u00e9nica gracias a las t\u00e9cnicas especiales de PCR, como PCR cuantitativa a tiempo real y de PCR digital.<br \/>\n&#8211; Realizaci\u00f3n de una genoteca representativa del genoma de un organismo, analizando previamente las ventajas e inconvenientes de los distintos tipos de vectores disponibles,<br \/>\n&#8211; Nuevas metodolog\u00edas de secuenciaci\u00f3n masiva del DNA (NGS), sus caracter\u00edsticas y posibilidades. Se incidir\u00e1 en estas t\u00e9cnicas al constituirse en las principales responsables de los grandes avances en el conocimiento general de los genomas y de expresi\u00f3n g\u00e9nica, gracias a que permiten la secuenciaci\u00f3n de millones de fragmentos de DNA en el mismo tiempo que el m\u00e9todo tradicional lo consigue para una sola secuencia y a un coste irrisorio.<\/p>\n<p><em><span id=\"result_box\" class=\"\" lang=\"en\" tabindex=\"-1\"><span title=\"una sola secuencia ya un coste irrisorio.\">\u00a0<\/span><\/span><\/em><\/p>\n<div id=\"link64_adl_tabid\" style=\"display: none;\" data-url=\"http:\/\/grupos.unileon.es\/masterbiologia\/wp-admin\/post-new.php?post_type=page\">1428<\/div>\n<p><span style=\"border-radius: 2px; text-indent: 20px; width: auto; padding: 0px 4px 0px 0px; text-align: center; font: bold 11px\/20px 'Helvetica Neue',Helvetica,sans-serif; color: #ffffff; background: #bd081c no-repeat scroll 3px 50% \/ 14px 14px; position: absolute; opacity: 1; z-index: 8675309; display: none; cursor: pointer;\">Guardar<\/span><\/p>\n","protected":false},"excerpt":{"rendered":"<p>Esta asignatura tiene como objetivo que los estudiantes se familiaricen con las t\u00e9cnicas m\u00e1s utilizadas actualmente en el an\u00e1lisis de DNA y RNA. Para ello se profundizar\u00e1 en las propiedades de los \u00e1cidos nucleicos, ya que de este modo los alumnos podr\u00e1n entender y proponer mejoras de las t\u00e9cnicas utilizadas en su aislamiento y purificaci\u00f3n, [&hellip;]<\/p>\n","protected":false},"author":52,"featured_media":0,"parent":0,"menu_order":0,"comment_status":"closed","ping_status":"closed","template":"","meta":{"footnotes":""},"class_list":["post-140","page","type-page","status-publish","hentry"],"_links":{"self":[{"href":"https:\/\/grupos.unileon.es\/masterbiologia\/wp-json\/wp\/v2\/pages\/140","targetHints":{"allow":["GET"]}}],"collection":[{"href":"https:\/\/grupos.unileon.es\/masterbiologia\/wp-json\/wp\/v2\/pages"}],"about":[{"href":"https:\/\/grupos.unileon.es\/masterbiologia\/wp-json\/wp\/v2\/types\/page"}],"author":[{"embeddable":true,"href":"https:\/\/grupos.unileon.es\/masterbiologia\/wp-json\/wp\/v2\/users\/52"}],"replies":[{"embeddable":true,"href":"https:\/\/grupos.unileon.es\/masterbiologia\/wp-json\/wp\/v2\/comments?post=140"}],"version-history":[{"count":3,"href":"https:\/\/grupos.unileon.es\/masterbiologia\/wp-json\/wp\/v2\/pages\/140\/revisions"}],"predecessor-version":[{"id":313,"href":"https:\/\/grupos.unileon.es\/masterbiologia\/wp-json\/wp\/v2\/pages\/140\/revisions\/313"}],"wp:attachment":[{"href":"https:\/\/grupos.unileon.es\/masterbiologia\/wp-json\/wp\/v2\/media?parent=140"}],"curies":[{"name":"wp","href":"https:\/\/api.w.org\/{rel}","templated":true}]}}