{"id":146,"date":"2016-03-14T11:44:44","date_gmt":"2016-03-14T11:44:44","guid":{"rendered":"http:\/\/grupos.unileon.es\/masterbiologia\/?page_id=146"},"modified":"2017-10-11T12:21:22","modified_gmt":"2017-10-11T12:21:22","slug":"bases-de-la-experimentacion-animal-foundations-of-animal-experimentation","status":"publish","type":"page","link":"https:\/\/grupos.unileon.es\/masterbiologia\/bases-de-la-experimentacion-animal-foundations-of-animal-experimentation\/","title":{"rendered":"Bases de la experimentaci\u00f3n animal"},"content":{"rendered":"<p>El objetivo general de esta asignatura es proporcionar una orientaci\u00f3n cient\u00edfica global para la utilizaci\u00f3n de los animales de experimentaci\u00f3n, aportando unos conocimientos te\u00f3rico-pr\u00e1cticos generales para un uso racional de los mismos.<\/p>\n<p>El contenido del curso contempla aspectos de la biolog\u00eda, el cuidado, el bienestar, la salud y el manejo de los animales, el reconocimiento del dolor, el sufrimiento y la angustia, los m\u00e9todos incruentos de sacrificio, as\u00ed como de la \u00e9tica y de la legislaci\u00f3n que se aplica en Espa\u00f1a. Tambi\u00e9n se introducen los elementos de un protocolo experimental con animales y de los procedimientos que se llevan a cabo.<\/p>\n<p>El curso estaba acreditado para la obtenci\u00f3n de la capacitaci\u00f3n como personal de categor\u00eda B (personal que lleva a cabo los procedimientos) de acuerdo con el ya derogado Real Decreto 1201\/2005. En estos momentos se est\u00e1 trabajando para adecuar los contenidos a la Orden ECC\/566\/2015, de 20 de marzo, por la que se establecen los requisitos de capacitaci\u00f3n que debe cumplir el personal que maneje animales utilizados, criados o suministrados con fines de experimentaci\u00f3n y otros fines cient\u00edficos, incluyendo la docencia y poder obtener la capacitaci\u00f3n equivalente.<\/p>\n<p>&nbsp;<\/p>\n<div id=\"link64_adl_tabid\" style=\"display: none;\" data-url=\"http:\/\/grupos.unileon.es\/masterbiologia\/wp-admin\/post.php?post=146&amp;action=edit\">1588<\/div>\n","protected":false},"excerpt":{"rendered":"<p>El objetivo general de esta asignatura es proporcionar una orientaci\u00f3n cient\u00edfica global para la utilizaci\u00f3n de los animales de experimentaci\u00f3n, aportando unos conocimientos te\u00f3rico-pr\u00e1cticos generales para un uso racional de los mismos. El contenido del curso contempla aspectos de la biolog\u00eda, el cuidado, el bienestar, la salud y el manejo de los animales, el reconocimiento [&hellip;]<\/p>\n","protected":false},"author":52,"featured_media":0,"parent":0,"menu_order":0,"comment_status":"closed","ping_status":"closed","template":"","meta":{"footnotes":""},"class_list":["post-146","page","type-page","status-publish","hentry"],"_links":{"self":[{"href":"https:\/\/grupos.unileon.es\/masterbiologia\/wp-json\/wp\/v2\/pages\/146","targetHints":{"allow":["GET"]}}],"collection":[{"href":"https:\/\/grupos.unileon.es\/masterbiologia\/wp-json\/wp\/v2\/pages"}],"about":[{"href":"https:\/\/grupos.unileon.es\/masterbiologia\/wp-json\/wp\/v2\/types\/page"}],"author":[{"embeddable":true,"href":"https:\/\/grupos.unileon.es\/masterbiologia\/wp-json\/wp\/v2\/users\/52"}],"replies":[{"embeddable":true,"href":"https:\/\/grupos.unileon.es\/masterbiologia\/wp-json\/wp\/v2\/comments?post=146"}],"version-history":[{"count":4,"href":"https:\/\/grupos.unileon.es\/masterbiologia\/wp-json\/wp\/v2\/pages\/146\/revisions"}],"predecessor-version":[{"id":304,"href":"https:\/\/grupos.unileon.es\/masterbiologia\/wp-json\/wp\/v2\/pages\/146\/revisions\/304"}],"wp:attachment":[{"href":"https:\/\/grupos.unileon.es\/masterbiologia\/wp-json\/wp\/v2\/media?parent=146"}],"curies":[{"name":"wp","href":"https:\/\/api.w.org\/{rel}","templated":true}]}}