{"id":150,"date":"2016-03-16T07:40:28","date_gmt":"2016-03-16T07:40:28","guid":{"rendered":"http:\/\/grupos.unileon.es\/masterbiologia\/?page_id=150"},"modified":"2017-10-11T12:20:47","modified_gmt":"2017-10-11T12:20:47","slug":"analisis-de-datos-data-analysis","status":"publish","type":"page","link":"https:\/\/grupos.unileon.es\/masterbiologia\/analisis-de-datos-data-analysis\/","title":{"rendered":"An\u00e1lisis de datos"},"content":{"rendered":"<p><img loading=\"lazy\" decoding=\"async\" class=\"alignnone size-medium wp-image-151\" src=\"http:\/\/grupos.unileon.es\/masterbiologia\/files\/2016\/03\/Paint_Data_-_example_workflow-300x240.png\" alt=\"Paint_Data_-_example_workflow\" width=\"300\" height=\"240\" srcset=\"https:\/\/grupos.unileon.es\/masterbiologia\/files\/2016\/03\/Paint_Data_-_example_workflow-300x240.png 300w, https:\/\/grupos.unileon.es\/masterbiologia\/files\/2016\/03\/Paint_Data_-_example_workflow.png 750w\" sizes=\"auto, (max-width: 300px) 100vw, 300px\" \/><\/p>\n<p>En la asignatura de An\u00e1lisis de Datos el alumno aprender\u00e1 a llevar a cabo los procedimientos estad\u00edsticos habituales del an\u00e1lisis de datos aplicado a estudios biol\u00f3gicos y m\u00e9dicos, a trav\u00e9s de clases de car\u00e1cter eminentemente pr\u00e1ctico y participativo en aula de inform\u00e1tica.<\/p>\n<div id=\"link64_adl_tabid\" style=\"display: none;\" data-url=\"http:\/\/grupos.unileon.es\/masterbiologia\/wp-admin\/post-new.php?post_type=page\">110<\/div>\n<p><span style=\"border-radius: 2px; text-indent: 20px; width: auto; padding: 0px 4px 0px 0px; text-align: center; font: bold 11px\/20px 'Helvetica Neue',Helvetica,sans-serif; color: #ffffff; background: #bd081c  no-repeat scroll 3px 50% \/ 14px 14px; position: absolute; opacity: 1; z-index: 8675309; display: none; cursor: pointer; top: 36px; left: 20px;\">Guardar<\/span><\/p>\n","protected":false},"excerpt":{"rendered":"<p>En la asignatura de An\u00e1lisis de Datos el alumno aprender\u00e1 a llevar a cabo los procedimientos estad\u00edsticos habituales del an\u00e1lisis de datos aplicado a estudios biol\u00f3gicos y m\u00e9dicos, a trav\u00e9s de clases de car\u00e1cter eminentemente pr\u00e1ctico y participativo en aula de inform\u00e1tica. 110 Guardar<\/p>\n","protected":false},"author":52,"featured_media":0,"parent":0,"menu_order":0,"comment_status":"closed","ping_status":"closed","template":"","meta":{"footnotes":""},"class_list":["post-150","page","type-page","status-publish","hentry"],"_links":{"self":[{"href":"https:\/\/grupos.unileon.es\/masterbiologia\/wp-json\/wp\/v2\/pages\/150","targetHints":{"allow":["GET"]}}],"collection":[{"href":"https:\/\/grupos.unileon.es\/masterbiologia\/wp-json\/wp\/v2\/pages"}],"about":[{"href":"https:\/\/grupos.unileon.es\/masterbiologia\/wp-json\/wp\/v2\/types\/page"}],"author":[{"embeddable":true,"href":"https:\/\/grupos.unileon.es\/masterbiologia\/wp-json\/wp\/v2\/users\/52"}],"replies":[{"embeddable":true,"href":"https:\/\/grupos.unileon.es\/masterbiologia\/wp-json\/wp\/v2\/comments?post=150"}],"version-history":[{"count":3,"href":"https:\/\/grupos.unileon.es\/masterbiologia\/wp-json\/wp\/v2\/pages\/150\/revisions"}],"predecessor-version":[{"id":302,"href":"https:\/\/grupos.unileon.es\/masterbiologia\/wp-json\/wp\/v2\/pages\/150\/revisions\/302"}],"wp:attachment":[{"href":"https:\/\/grupos.unileon.es\/masterbiologia\/wp-json\/wp\/v2\/media?parent=150"}],"curies":[{"name":"wp","href":"https:\/\/api.w.org\/{rel}","templated":true}]}}