{"id":18,"date":"2016-01-29T11:53:07","date_gmt":"2016-01-29T11:53:07","guid":{"rendered":"http:\/\/grupos.unileon.es\/masterbiologia\/?page_id=18"},"modified":"2020-07-27T11:13:48","modified_gmt":"2020-07-27T11:13:48","slug":"profesorado","status":"publish","type":"page","link":"https:\/\/grupos.unileon.es\/masterbiologia\/profesorado\/","title":{"rendered":"Profesorado"},"content":{"rendered":"<div id=\"link64_adl_tabid\" style=\"display: none;\" data-url=\"http:\/\/grupos.unileon.es\/masterbiologia\/wp-admin\/post.php?post=18&amp;action=edit\">755<\/div>\n<p>Profesores responsables de los cursos del m\u00e1ster MUIBFB:<\/p>\n<table class=\"extendida\" style=\"width: 117.173%; height: 744px;\">\n<thead>\n<tr style=\"height: 44px;\">\n<td style=\"width: 1.47493%; height: 44px;\">\u00a0<\/td>\n<td style=\"text-align: center; width: 54.1298%; height: 44px;\">PROFESOR<\/td>\n<td style=\"text-align: center; width: 28.7611%; height: 44px;\">\u00c1REA DE CONOCIMIENTO<\/td>\n<td style=\"text-align: center; width: 12.6844%; height: 44px;\">PERFIL ULE<\/td>\n<td style=\"text-align: center; width: 0.884956%; height: 44px;\">\u00a0<\/td>\n<\/tr>\n<\/thead>\n<tbody>\n<tr style=\"height: 44px;\">\n<td style=\"width: 1.47493%; height: 44px;\">\u00a0<\/td>\n<td style=\"vertical-align: middle; width: 54.1298%; height: 44px;\">Carlos C\u00e9sar P\u00e9rez Garc\u00eda<br \/><a href=\"mailto:ccperg@unileon.es\">ccperg@unileon.es<\/a><\/td>\n<td style=\"vertical-align: middle; width: 28.7611%; height: 44px;\">MEDICINA Y CIRUG\u00cdA ANIMAL<\/td>\n<td style=\"vertical-align: middle; text-align: center; width: 12.6844%; height: 44px;\"><img loading=\"lazy\" decoding=\"async\" class=\"alignnone wp-image-172\" src=\"http:\/\/grupos.unileon.es\/masterbiologia\/files\/2016\/01\/ULE-300x140.png\" alt=\"ULE\" width=\"32\" height=\"15\" \/><\/td>\n<td style=\"width: 0.884956%; height: 44px;\">\u00a0<\/td>\n<\/tr>\n<tr style=\"height: 44px;\">\n<td style=\"width: 1.47493%; height: 44px;\">\u00a0<\/td>\n<td style=\"vertical-align: middle; width: 54.1298%; height: 44px;\">Mar\u00eda Cano R\u00e1bano<br \/><a href=\"mailto:maria.cano@unileon.es\">maria.cano@unileon.es<\/a><\/td>\n<td style=\"vertical-align: middle; width: 28.7611%; height: 44px;\">MEDICINA Y CIRUG\u00cdA ANIMAL<\/td>\n<td style=\"vertical-align: middle; text-align: center; width: 12.6844%; height: 44px;\"><a href=\"http:\/\/www.unileon.es\/ficheros\/perfildocente\/curriculum-mjcanr.pdf\"><img loading=\"lazy\" decoding=\"async\" class=\"alignnone wp-image-172\" src=\"http:\/\/grupos.unileon.es\/masterbiologia\/files\/2016\/01\/ULE-300x140.png\" alt=\"ULE\" width=\"32\" height=\"15\" \/><\/a><\/td>\n<td style=\"width: 0.884956%; height: 44px;\">\u00a0<\/td>\n<\/tr>\n<tr style=\"height: 84px;\">\n<td style=\"width: 1.47493%; height: 84px;\">\u00a0<\/td>\n<td style=\"vertical-align: middle; width: 54.1298%; height: 84px;\">M\u00aa Vega Villar Su\u00e1rez<br \/><a href=\"mailto:vega.villar@unileon.es\">vega.villar@unileon.es<\/a><\/td>\n<td style=\"vertical-align: middle; width: 28.7611%; height: 84px;\">ANATOM\u00cdA Y ANATOM\u00cdA PATOL\u00d3GICA COMPARADA<\/td>\n<td style=\"vertical-align: middle; text-align: center; width: 12.6844%; height: 84px;\"><a href=\"http:\/\/www.unileon.es\/ficheros\/perfildocente\/curriculum-jpbarl.pdf\"><img loading=\"lazy\" decoding=\"async\" class=\"alignnone wp-image-172\" src=\"http:\/\/grupos.unileon.es\/masterbiologia\/files\/2016\/01\/ULE-300x140.png\" alt=\"ULE\" width=\"32\" height=\"15\" \/><\/a><\/td>\n<td style=\"width: 0.884956%; height: 84px;\">\u00a0<\/td>\n<\/tr>\n<tr style=\"height: 44px;\">\n<td style=\"width: 1.47493%; height: 44px;\">\u00a0<\/td>\n<td style=\"vertical-align: middle; width: 54.1298%; height: 44px;\">Mar\u00eda Jes\u00fas Tu\u00f1\u00f3n<br \/><a href=\"mailto:mjtung@unileon.es\">mjtung@unileon.es<\/a><\/td>\n<td style=\"vertical-align: middle; width: 28.7611%; height: 44px;\">FISIOLOG\u00cdA<\/td>\n<td style=\"vertical-align: middle; text-align: center; width: 12.6844%; height: 44px;\"><a href=\"http:\/\/www.unileon.es\/ficheros\/perfildocente\/curriculum-mjtung.pdf\"><img loading=\"lazy\" decoding=\"async\" class=\"alignnone wp-image-172\" src=\"http:\/\/grupos.unileon.es\/masterbiologia\/files\/2016\/01\/ULE-300x140.png\" alt=\"ULE\" width=\"32\" height=\"15\" \/><\/a><\/td>\n<td style=\"width: 0.884956%; height: 44px;\">\u00a0<\/td>\n<\/tr>\n<tr style=\"height: 44px;\">\n<td style=\"width: 1.47493%; height: 44px;\">\u00a0<\/td>\n<td style=\"vertical-align: middle; width: 54.1298%; height: 44px;\">Pedro Garc\u00eda Garc\u00eda<br \/><a href=\"mailto:pgarg@unileon.es\">pgarg@unileon.es<\/a><\/td>\n<td style=\"vertical-align: middle; width: 28.7611%; height: 44px;\">GEN\u00c9TICA<\/td>\n<td style=\"vertical-align: middle; text-align: center; width: 12.6844%; height: 44px;\"><a href=\"http:\/\/www.unileon.es\/ficheros\/perfildocente\/curriculum-pgarg.pdf\"><img loading=\"lazy\" decoding=\"async\" class=\"alignnone wp-image-172\" src=\"http:\/\/grupos.unileon.es\/masterbiologia\/files\/2016\/01\/ULE-300x140.png\" alt=\"ULE\" width=\"32\" height=\"15\" \/><\/a><\/td>\n<td style=\"width: 0.884956%; height: 44px;\">\u00a0<\/td>\n<\/tr>\n<tr style=\"height: 44px;\">\n<td style=\"width: 1.47493%; height: 44px;\">\u00a0<\/td>\n<td style=\"vertical-align: middle; width: 54.1298%; height: 44px;\">Sonia S\u00e1nchez Campos<br \/><a href=\"mailto:ssanc@unileon.es\">ssanc@unileon.es<\/a><\/td>\n<td style=\"vertical-align: middle; width: 28.7611%; height: 44px;\">FISIOLOG\u00cdA<\/td>\n<td style=\"vertical-align: middle; text-align: center; width: 12.6844%; height: 44px;\"><a href=\"http:\/\/www.unileon.es\/ficheros\/perfildocente\/curriculum-ssanc.pdf\"><img loading=\"lazy\" decoding=\"async\" class=\"alignnone wp-image-172\" src=\"http:\/\/grupos.unileon.es\/masterbiologia\/files\/2016\/01\/ULE-300x140.png\" alt=\"ULE\" width=\"32\" height=\"15\" \/><\/a><\/td>\n<td style=\"width: 0.884956%; height: 44px;\">\u00a0<\/td>\n<\/tr>\n<tr style=\"height: 44px;\">\n<td style=\"width: 1.47493%; height: 44px;\">\u00a0<\/td>\n<td style=\"vertical-align: middle; width: 54.1298%; height: 44px;\">Alicia Quir\u00f3s Carretero<br \/><a href=\"mailto:alicia.quiros@unileon.es\">alicia.quiros@unileon.es<\/a><\/td>\n<td style=\"vertical-align: middle; width: 28.7611%; height: 44px;\">MATEM\u00c1TICA APLICADA<\/td>\n<td style=\"vertical-align: middle; text-align: center; width: 12.6844%; height: 44px;\"><a href=\"http:\/\/www.unileon.es\/ficheros\/perfildocente\/curriculum-darim.pdf\"><img loading=\"lazy\" decoding=\"async\" class=\"alignnone wp-image-172\" src=\"http:\/\/grupos.unileon.es\/masterbiologia\/files\/2016\/01\/ULE-300x140.png\" alt=\"ULE\" width=\"32\" height=\"15\" \/><\/a><\/td>\n<td style=\"width: 0.884956%; height: 44px;\">\u00a0<\/td>\n<\/tr>\n<tr style=\"height: 44px;\">\n<td style=\"width: 1.47493%; height: 44px;\">\u00a0<\/td>\n<td style=\"vertical-align: middle; width: 54.1298%; height: 44px;\">Mar\u00eda Jos\u00e9 Cuevas Gonz\u00e1lez<br \/><a href=\"mailto:mj.cuevas@unileon.es\">mj.cuevas@unileon.es<\/a><\/td>\n<td style=\"vertical-align: middle; width: 28.7611%; height: 44px;\">FISIOLOG\u00cdA<\/td>\n<td style=\"vertical-align: middle; text-align: center; width: 12.6844%; height: 44px;\"><a href=\"http:\/\/www.unileon.es\/ficheros\/perfildocente\/curriculum-mjcueg.pdf\"><img loading=\"lazy\" decoding=\"async\" class=\"alignnone wp-image-172\" src=\"http:\/\/grupos.unileon.es\/masterbiologia\/files\/2016\/01\/ULE-300x140.png\" alt=\"ULE\" width=\"32\" height=\"15\" \/><\/a><\/td>\n<td style=\"width: 0.884956%; height: 44px;\">\u00a0<\/td>\n<\/tr>\n<tr style=\"height: 44px;\">\n<td style=\"width: 1.47493%; height: 44px;\">\u00a0<\/td>\n<td style=\"vertical-align: middle; width: 54.1298%; height: 44px;\">Javier Casqueiro<br \/><a href=\"mailto:javier.casqueiro@unileon.es\">javier.casqueiro@unileon.es<\/a><\/td>\n<td style=\"vertical-align: middle; width: 28.7611%; height: 44px;\">MICROBIOLOG\u00cdA<\/td>\n<td style=\"vertical-align: middle; text-align: center; width: 12.6844%; height: 44px;\"><a href=\"http:\/\/www.unileon.es\/ficheros\/perfildocente\/curriculum-fjcasb.pdf\"><img loading=\"lazy\" decoding=\"async\" class=\"alignnone wp-image-172\" src=\"http:\/\/grupos.unileon.es\/masterbiologia\/files\/2016\/01\/ULE-300x140.png\" alt=\"ULE\" width=\"32\" height=\"15\" \/><\/a><\/td>\n<td style=\"width: 0.884956%; height: 44px;\">\u00a0<\/td>\n<\/tr>\n<tr style=\"height: 44px;\">\n<td style=\"width: 1.47493%; height: 44px;\">\u00a0<\/td>\n<td style=\"vertical-align: middle; width: 54.1298%; height: 44px;\">Carmen Mar\u00edn<br \/><a href=\"mailto:carmen.marin@unileon.es\">carmen.marin@unileon.es<\/a><\/td>\n<td style=\"vertical-align: middle; width: 28.7611%; height: 44px;\">BIOLOG\u00cdA CELULAR<\/td>\n<td style=\"vertical-align: middle; text-align: center; width: 12.6844%; height: 44px;\"><img loading=\"lazy\" decoding=\"async\" class=\"alignnone wp-image-172\" src=\"http:\/\/grupos.unileon.es\/masterbiologia\/files\/2016\/01\/ULE-300x140.png\" alt=\"ULE\" width=\"32\" height=\"15\" \/><\/td>\n<td style=\"width: 0.884956%; height: 44px;\">\u00a0<\/td>\n<\/tr>\n<tr style=\"height: 44px;\">\n<td style=\"width: 1.47493%; height: 44px;\">\u00a0<\/td>\n<td style=\"vertical-align: middle; width: 54.1298%; height: 44px;\">Arsenio Fern\u00e1ndez L\u00f3pez<br \/><a href=\"mailto:arsenio.fernandez@unileon.es\">arsenio.fernandez@unileon.es<\/a><\/td>\n<td style=\"vertical-align: middle; width: 28.7611%; height: 44px;\">BIOLOG\u00cdA CELULAR<\/td>\n<td style=\"vertical-align: middle; text-align: center; width: 12.6844%; height: 44px;\"><a href=\"http:\/\/www.unileon.es\/ficheros\/perfildocente\/curriculum-aferl.pdf\"><img loading=\"lazy\" decoding=\"async\" class=\"alignnone wp-image-172\" src=\"http:\/\/grupos.unileon.es\/masterbiologia\/files\/2016\/01\/ULE-300x140.png\" alt=\"ULE\" width=\"32\" height=\"15\" \/><\/a><\/td>\n<td style=\"width: 0.884956%; height: 44px;\">\u00a0<\/td>\n<\/tr>\n<tr style=\"height: 44px;\">\n<td style=\"width: 1.47493%; height: 44px;\">\u00a0<\/td>\n<td style=\"vertical-align: middle; width: 54.1298%; height: 44px;\">Carlos Polanco<br \/><a href=\"mailto:carlos.polanco@unileon.es\">carlos.polanco@unileon.es<\/a><\/td>\n<td style=\"vertical-align: middle; width: 28.7611%; height: 44px;\">GEN\u00c9TICA<\/td>\n<td style=\"vertical-align: middle; text-align: center; width: 12.6844%; height: 44px;\"><a href=\"http:\/\/www.unileon.es\/ficheros\/perfildocente\/curriculum-cgpolp.pdf\"><img loading=\"lazy\" decoding=\"async\" class=\"alignnone wp-image-172\" src=\"http:\/\/grupos.unileon.es\/masterbiologia\/files\/2016\/01\/ULE-300x140.png\" alt=\"ULE\" width=\"32\" height=\"15\" \/><\/a><\/td>\n<td style=\"width: 0.884956%; height: 44px;\">\u00a0<\/td>\n<\/tr>\n<tr style=\"height: 44px;\">\n<td style=\"width: 1.47493%; height: 44px;\">\u00a0<\/td>\n<td style=\"vertical-align: middle; width: 54.1298%; height: 44px;\">Jos\u00e9 M. Fern\u00e1ndez Ca\u00f1\u00f3n<br \/><a href=\"mailto:jose.fernandez.canon@unileon.es\">jose.fernandez.canon@unileon.es<\/a><\/td>\n<td style=\"vertical-align: middle; width: 28.7611%; height: 44px;\">BIOQU\u00cdMICA Y BIOLOG\u00cdA MOLECULAR<\/td>\n<td style=\"vertical-align: middle; text-align: center; width: 12.6844%; height: 44px;\"><a href=\"http:\/\/www.unileon.es\/ficheros\/perfildocente\/curriculum-jmferc.pdf\"><img loading=\"lazy\" decoding=\"async\" class=\"alignnone wp-image-172\" src=\"http:\/\/grupos.unileon.es\/masterbiologia\/files\/2016\/01\/ULE-300x140.png\" alt=\"ULE\" width=\"32\" height=\"15\" \/><\/a><\/td>\n<td style=\"width: 0.884956%; height: 44px;\">\u00a0<\/td>\n<\/tr>\n<tr style=\"height: 44px;\">\n<td style=\"width: 1.47493%; height: 44px;\">\u00a0<\/td>\n<td style=\"vertical-align: middle; width: 54.1298%; height: 44px;\">Margarita Marqu\u00e9s<br \/><a href=\"mailto:mmarm@unileon.es\">mmarm@unileon.es<\/a><\/td>\n<td style=\"vertical-align: middle; width: 28.7611%; height: 44px;\">PRODUCCI\u00d3N ANIMAL<\/td>\n<td style=\"vertical-align: middle; text-align: center; width: 12.6844%; height: 44px;\"><a href=\"http:\/\/www.unileon.es\/ficheros\/perfildocente\/curriculum-mmarm.pdf\"><img loading=\"lazy\" decoding=\"async\" class=\"alignnone wp-image-172\" src=\"http:\/\/grupos.unileon.es\/masterbiologia\/files\/2016\/01\/ULE-300x140.png\" alt=\"ULE\" width=\"32\" height=\"15\" \/><\/a><\/td>\n<td style=\"width: 0.884956%; height: 44px;\">\u00a0<\/td>\n<\/tr>\n<\/tbody>\n<\/table>\n<p><\/p>\n","protected":false},"excerpt":{"rendered":"<p>755 Profesores responsables de los cursos del m\u00e1ster MUIBFB: \u00a0 PROFESOR \u00c1REA DE CONOCIMIENTO PERFIL ULE \u00a0 \u00a0 Carlos C\u00e9sar P\u00e9rez Garc\u00edaccperg@unileon.es MEDICINA Y CIRUG\u00cdA ANIMAL \u00a0 \u00a0 Mar\u00eda Cano R\u00e1banomaria.cano@unileon.es MEDICINA Y CIRUG\u00cdA ANIMAL \u00a0 \u00a0 M\u00aa Vega Villar Su\u00e1rezvega.villar@unileon.es ANATOM\u00cdA Y ANATOM\u00cdA PATOL\u00d3GICA COMPARADA \u00a0 \u00a0 Mar\u00eda Jes\u00fas Tu\u00f1\u00f3nmjtung@unileon.es FISIOLOG\u00cdA \u00a0 \u00a0 Pedro [&hellip;]<\/p>\n","protected":false},"author":52,"featured_media":0,"parent":0,"menu_order":0,"comment_status":"closed","ping_status":"closed","template":"","meta":{"footnotes":""},"class_list":["post-18","page","type-page","status-publish","hentry"],"_links":{"self":[{"href":"https:\/\/grupos.unileon.es\/masterbiologia\/wp-json\/wp\/v2\/pages\/18","targetHints":{"allow":["GET"]}}],"collection":[{"href":"https:\/\/grupos.unileon.es\/masterbiologia\/wp-json\/wp\/v2\/pages"}],"about":[{"href":"https:\/\/grupos.unileon.es\/masterbiologia\/wp-json\/wp\/v2\/types\/page"}],"author":[{"embeddable":true,"href":"https:\/\/grupos.unileon.es\/masterbiologia\/wp-json\/wp\/v2\/users\/52"}],"replies":[{"embeddable":true,"href":"https:\/\/grupos.unileon.es\/masterbiologia\/wp-json\/wp\/v2\/comments?post=18"}],"version-history":[{"count":28,"href":"https:\/\/grupos.unileon.es\/masterbiologia\/wp-json\/wp\/v2\/pages\/18\/revisions"}],"predecessor-version":[{"id":481,"href":"https:\/\/grupos.unileon.es\/masterbiologia\/wp-json\/wp\/v2\/pages\/18\/revisions\/481"}],"wp:attachment":[{"href":"https:\/\/grupos.unileon.es\/masterbiologia\/wp-json\/wp\/v2\/media?parent=18"}],"curies":[{"name":"wp","href":"https:\/\/api.w.org\/{rel}","templated":true}]}}