{"id":201,"date":"2016-05-18T07:26:09","date_gmt":"2016-05-18T07:26:09","guid":{"rendered":"http:\/\/grupos.unileon.es\/masterbiologia\/?page_id=201"},"modified":"2017-10-11T10:59:53","modified_gmt":"2017-10-11T10:59:53","slug":"competencias","status":"publish","type":"page","link":"https:\/\/grupos.unileon.es\/masterbiologia\/competencias\/","title":{"rendered":"Competencias"},"content":{"rendered":"<p>El M\u00e1ster tiene como prop\u00f3sito la ense\u00f1anza te\u00f3rico-pr\u00e1ctica de los fundamentos metodol\u00f3gicos de investigaci\u00f3n b\u00e1sica y aplicada en Biolog\u00eda, Biomedicina y Veterinaria. El objetivo fundamental es proporcionar a los alumnos los conocimientos conceptuales y las habilidades pr\u00e1cticas necesarias para la comprensi\u00f3n y la utilizaci\u00f3n de los m\u00e9todos y t\u00e9cnicas experimentales actuales y multidisciplinares que se utilizan en la investigaci\u00f3n en los \u00e1mbitos indicados, incluyendo la biotecnolog\u00eda, la patolog\u00eda y el diagn\u00f3stico.<\/p>\n<p>El M\u00e1ster proporciona a los alumnos competencias profesionales e investigadoras para la aplicaci\u00f3n de la metodolog\u00eda experimental en las \u00e1reas anteriormente indicadas, con un car\u00e1cter multidisciplinar y abarcando desde la experimentaci\u00f3n animal al diagn\u00f3stico e incluyendo m\u00e9todos anal\u00edticos, de ingenier\u00eda gen\u00e9tica y biotecnol\u00f3gicos. En estas competencias se incluyen tambi\u00e9n las relativas a las establecidas por el RD 1201\/2005, de 10 de octubre, sobre protecci\u00f3n de los animales utilizados para experimentaci\u00f3n y otros fines cient\u00edficos.<\/p>\n<p>Las competencias otorgadas cubren las carencias en formaci\u00f3n especializada y pr\u00e1ctica en las metodolog\u00edas de investigaci\u00f3n en los planes de estudio de Licenciaturas y Grados en Ciencias de la Vida (Biolog\u00eda, Biotecnolog\u00eda, Bioqu\u00edmica y Ciencias Ambientales), en Sanidad Humana (Medicina, Enfermer\u00eda y Fisioterapia) y en Veterinaria.<\/p>\n<p>Se indican a continuaci\u00f3n las competencias espec\u00edficas seg\u00fan los distintos m\u00f3dulos en los que se divide el M\u00e1ster.<\/p>\n<p><strong>Metodolog\u00edas en la experimentaci\u00f3n con animales<\/strong>, incluyendo \u00e9tica y legislaci\u00f3n, caracter\u00edsticas biol\u00f3gicas, manejo, cuidado, mantenimiento y reconocimiento de la salud y de enfermedades de los animales de experimentaci\u00f3n, procedimientos experimentales b\u00e1sicos.<br \/>\n\u2022 <em>Perfil de competencias<\/em>:<\/p>\n<ul>\n<li style=\"padding-left: 30px;\">Capacidad para utilizar animales de experimentaci\u00f3n acorde a lo dispuesto en el R.D. 1201\/2005, de 10 de octubre, sobre protecci\u00f3n de los animales utilizados para experimentaci\u00f3n y otros fines cient\u00edficos.<\/li>\n<li style=\"padding-left: 30px;\">Competencia para plantear protocolos de experimentaci\u00f3n animal.<\/li>\n<\/ul>\n<p><strong>Metodolog\u00edas en la experimentaci\u00f3n <em>ex vivo<\/em> y en cultivos<\/strong>, incluyendo procedimientos de mantenimiento y experimentaci\u00f3n fisiol\u00f3gica en \u00f3rganos aislados y explantes, cultivos de l\u00edneas celulares animales, cultivos vegetales, t\u00e9cnicas de cultivos microbiol\u00f3gicos (levaduras, bacterias y virus) e identificaci\u00f3n microbiol\u00f3gica.<br \/>\n\u2022 <em>Perfil de competencias<\/em>:<\/p>\n<ul>\n<li style=\"padding-left: 30px;\">Dominio de las t\u00e9cnicas de cultivos de \u00f3rganos, explantes animales y vegetales, l\u00edneas celulares animales, cultivos microbianos e identificaci\u00f3n microbiol\u00f3gica.<\/li>\n<li style=\"padding-left: 30px;\">Aptitud para la recogida sistematizada, el an\u00e1lisis y la presentaci\u00f3n de los resultados de ensayos realizados con estas metodolog\u00edas.<\/li>\n<li style=\"padding-left: 30px;\">Competencia para formular y realizar protocolos de investigaci\u00f3n con ensayos ex vivo e in vitro usando metodolog\u00edas de cultivos de \u00f3rganos aislados, celulares animales y vegetales, y cultivos microbiol\u00f3gicos.<\/li>\n<\/ul>\n<p><strong>Metodolog\u00edas para el an\u00e1lisis e identificaci\u00f3n de mol\u00e9culas biol\u00f3gicas<\/strong>, incluyendo prote\u00ednas, \u00e1cidos nucleicos, y otras mol\u00e9culas.<br \/>\n\u2022 <em>Perfil de competencias<\/em>:<\/p>\n<ul>\n<li style=\"padding-left: 30px;\">Habilidad para el manejo de instrumentaci\u00f3n y de protocolos anal\u00edticos para la identificaci\u00f3n de mol\u00e9culas biol\u00f3gicas.<\/li>\n<li style=\"padding-left: 30px;\">Aptitud para la recogida sistematizada, el an\u00e1lisis y la presentaci\u00f3n de los resultados de ensayos realizados con estas metodolog\u00edas.<\/li>\n<li style=\"padding-left: 30px;\">Competencia para plantear y realizar ensayos de investigaci\u00f3n anal\u00edtica para mol\u00e9culas biol\u00f3gicas.<\/li>\n<\/ul>\n<p><strong>Metodolog\u00edas en ingenier\u00eda y en el an\u00e1lisis gen\u00e9tico<\/strong>, incluyendo gen\u00f3mica y prote\u00f3mica, modificaci\u00f3n gen\u00e9tica, identificaci\u00f3n de genes.<br \/>\n\u2022 <em>Perfil de competencias<\/em>:<\/p>\n<ul>\n<li style=\"padding-left: 30px;\">Dominio de las metodolog\u00edas de an\u00e1lisis gen\u00f3micos y prote\u00f3micos, de la modificaci\u00f3n gen\u00e9tica de microorganismos, animales y plantas, de an\u00e1lisis e identificaci\u00f3n de genes, especialmente los implicados en enfermedades.<\/li>\n<li style=\"padding-left: 30px;\">Habilidad para la recogida sistematizada, el an\u00e1lisis y la presentaci\u00f3n de los resultados de ensayos realizados con estas metodolog\u00edas.<\/li>\n<li style=\"padding-left: 30px;\">Competencia para formular y realizar estudios de investigaci\u00f3n gen\u00f3mica, prote\u00f3mica, de ingenier\u00eda y de an\u00e1lisis gen\u00e9tico.<\/li>\n<\/ul>\n<p><strong>Metodolog\u00edas en farmacolog\u00eda, toxicolog\u00eda y patolog\u00eda<\/strong>, incluyendo modelos animales de patolog\u00edas, modelos de farmacocin\u00e9tica, interacciones y biodisponibilidad de f\u00e1rmacos, detecci\u00f3n de t\u00f3xicos y ensayos de toxicidad.<br \/>\n\u2022 <em>Perfil de competencias<\/em>:<\/p>\n<ul>\n<li style=\"padding-left: 30px;\">Dominio de las metodolog\u00edas necesarias para realizar los estudios precl\u00ednicos y cl\u00ednicos de un medicamento, as\u00ed como los estudios de seguridad incluidos los de depleci\u00f3n de residuos.<\/li>\n<li style=\"padding-left: 30px;\">Dominio de las metodolog\u00edas de an\u00e1lisis toxicol\u00f3gicos en animales y por m\u00e9todos alternativos, de t\u00e9cnicas para la determinaci\u00f3n del potencial mutag\u00e9nico de los agentes qu\u00edmicos y de las t\u00e9cnicas para el estudio de los procesos de biotransformaci\u00f3n y activaci\u00f3n de xenobi\u00f3ticos.<\/li>\n<li style=\"padding-left: 30px;\">Habilidad para la recogida sistematizada, el an\u00e1lisis y la presentaci\u00f3n de los resultados de ensayos realizados con estas metodolog\u00edas.<\/li>\n<li style=\"padding-left: 30px;\">Competencia para formular y realizar estudios de investigaci\u00f3n en seguridad qu\u00edmica y en toxicolog\u00eda y en eficacia y seguridad de medicamentos.<\/li>\n<li style=\"padding-left: 30px;\">Competencia para planear experimentos con modelos animales para la identificaci\u00f3n de mecanismos patog\u00e9nicos y de efectos terap\u00e9uticos en patolog\u00edas humanas.<\/li>\n<\/ul>\n<p><strong>Metodolog\u00edas en producciones biotecnol\u00f3gicas<\/strong>, incluyendo bios\u00edntesis de productos en microorganismos, animales y plantas, desarrollo de productos biom\u00e9dicos a partir de cultivos celulares.<br \/>\n\u2022 <em>Perfil de competencias<\/em>:<\/p>\n<ul>\n<li style=\"padding-left: 30px;\">Dominio de t\u00e9cnicas relacionadas con la obtenci\u00f3n de productos mediante procesos biotecnol\u00f3gicos que utilicen microorganismos, a peque\u00f1a y gran escala (fermentaciones industriales).<\/li>\n<li style=\"padding-left: 30px;\">Dominio de t\u00e9cnicas biotecnol\u00f3gicas para la modificaci\u00f3n de animales y plantas dirigidas a la obtenci\u00f3n de productos de inter\u00e9s biom\u00e9dico e industrial.<\/li>\n<li style=\"padding-left: 30px;\">Dominio de t\u00e9cnicas de cultivo celular para la producci\u00f3n de material biol\u00f3gico con aplicaci\u00f3n biom\u00e9dica.<\/li>\n<li style=\"padding-left: 30px;\">Dominio de las t\u00e9cnicas de biotransformaci\u00f3n y biorremediaci\u00f3n aplicadas a medioambiente y productos industriales.<\/li>\n<li style=\"padding-left: 30px;\">Capacidad para la recogida sistematizada, el an\u00e1lisis y la presentaci\u00f3n de los resultados de ensayos realizados con estas metodolog\u00edas.<\/li>\n<li style=\"padding-left: 30px;\">Competencia para plantear protocolos e investigar problemas susceptibles de ser resueltos a trav\u00e9s de procesos biotecnol\u00f3gicos.<\/li>\n<\/ul>\n<p><strong>Trabajo Fin de M\u00e1ster<\/strong>, donde el alumno aprender\u00e1 a concebir, dise\u00f1ar, poner en pr\u00e1ctica y presentar los resultados de un trabajo de investigaci\u00f3n original.<\/p>\n<div id=\"link64_adl_tabid\" style=\"display: none;\" data-url=\"http:\/\/grupos.unileon.es\/masterbiologia\/wp-admin\/post-new.php?post_type=page\">2215<\/div>\n","protected":false},"excerpt":{"rendered":"<p>El M\u00e1ster tiene como prop\u00f3sito la ense\u00f1anza te\u00f3rico-pr\u00e1ctica de los fundamentos metodol\u00f3gicos de investigaci\u00f3n b\u00e1sica y aplicada en Biolog\u00eda, Biomedicina y Veterinaria. El objetivo fundamental es proporcionar a los alumnos los conocimientos conceptuales y las habilidades pr\u00e1cticas necesarias para la comprensi\u00f3n y la utilizaci\u00f3n de los m\u00e9todos y t\u00e9cnicas experimentales actuales y multidisciplinares que se [&hellip;]<\/p>\n","protected":false},"author":52,"featured_media":0,"parent":0,"menu_order":0,"comment_status":"closed","ping_status":"closed","template":"","meta":{"footnotes":""},"class_list":["post-201","page","type-page","status-publish","hentry"],"_links":{"self":[{"href":"https:\/\/grupos.unileon.es\/masterbiologia\/wp-json\/wp\/v2\/pages\/201","targetHints":{"allow":["GET"]}}],"collection":[{"href":"https:\/\/grupos.unileon.es\/masterbiologia\/wp-json\/wp\/v2\/pages"}],"about":[{"href":"https:\/\/grupos.unileon.es\/masterbiologia\/wp-json\/wp\/v2\/types\/page"}],"author":[{"embeddable":true,"href":"https:\/\/grupos.unileon.es\/masterbiologia\/wp-json\/wp\/v2\/users\/52"}],"replies":[{"embeddable":true,"href":"https:\/\/grupos.unileon.es\/masterbiologia\/wp-json\/wp\/v2\/comments?post=201"}],"version-history":[{"count":2,"href":"https:\/\/grupos.unileon.es\/masterbiologia\/wp-json\/wp\/v2\/pages\/201\/revisions"}],"predecessor-version":[{"id":292,"href":"https:\/\/grupos.unileon.es\/masterbiologia\/wp-json\/wp\/v2\/pages\/201\/revisions\/292"}],"wp:attachment":[{"href":"https:\/\/grupos.unileon.es\/masterbiologia\/wp-json\/wp\/v2\/media?parent=201"}],"curies":[{"name":"wp","href":"https:\/\/api.w.org\/{rel}","templated":true}]}}