{"id":24,"date":"2016-01-29T11:54:22","date_gmt":"2016-01-29T11:54:22","guid":{"rendered":"http:\/\/grupos.unileon.es\/masterbiologia\/?page_id=24"},"modified":"2021-03-22T10:45:03","modified_gmt":"2021-03-22T10:45:03","slug":"tfm","status":"publish","type":"page","link":"https:\/\/grupos.unileon.es\/masterbiologia\/tfm\/","title":{"rendered":"TFM"},"content":{"rendered":"<p>El Trabajo de Fin de M\u00e1ster constituye 30 ECTS. A lo largo del curso cada estudiante realizar\u00e1 un proyecto supervisado por un tutor. Cada proyecto requiere cursos espec\u00edficos para garantizar la adquisici\u00f3n de competencias necesarias para llevarlo a cabo. Los estudiantes deber\u00e1n indicar un orden de prioridad para cada uno de los proyectos propuestos. La asignaci\u00f3n de proyecto depender\u00e1 del expediente acad\u00e9mico y la experiencia previa del estudiante.<\/p>\n<p>Los estudiantes presentar\u00e1n un informe final incluyendo resumen (en espa\u00f1ol y en ingl\u00e9s), introducci\u00f3n, m\u00e9todos, resultados, discusi\u00f3n, conclusiones y bibliograf\u00eda.<\/p>\n<p>Los estudiantes realizar\u00e1n una presentaci\u00f3n oral en ingl\u00e9s de su proyecto durante 10 minutos.<\/p>\n<p>Una comisi\u00f3n de profesores (locales e invitados de otras universidades europeas) evaluar\u00e1 la presentaci\u00f3n oral y el informe final.<\/p>\n<p><a href=\"https:\/\/grupos.unileon.es\/masterbiologia\/files\/2019\/11\/REGLAMENTO-TFM-2019.pdf\">REGLAMENTO TFM <\/a><\/p>\n<p><a href=\"https:\/\/grupos.unileon.es\/masterbiologia\/files\/2020\/07\/NORMAS-TFM.pdf\">NORMAS-TFM.pdf<\/a><\/p>\n<p><a href=\"https:\/\/grupos.unileon.es\/masterbiologia\/files\/2020\/07\/DECLARACI\u00d3N-DE-CO-AUTOR\u00cdA.docx\">DECLARACI\u00d3N DE CO-AUTOR\u00cdA DEL TFM<\/a><\/p>\n<p><a href=\"https:\/\/grupos.unileon.es\/masterbiologia\/files\/2020\/07\/Informe-razonado-sobre-TFM-Rellenar-tutor-1.doc\">Autorizaci\u00f3n e Informe razonado sobre TFM a rellenar por el tutor<\/a><\/p>\n<p><a href=\"https:\/\/grupos.unileon.es\/masterbiologia\/files\/2019\/09\/Criterios-baremaci\u00f3n-TFM-1.doc\">Criterios para la evaluaci\u00f3n de los TFM<\/a><\/p>\n<p><a href=\"https:\/\/grupos.unileon.es\/masterbiologia\/files\/2021\/03\/PLANTILLA-TFM-2020-21.docx\">PLANTILLA TFM 2020-21<\/a><\/p>\n<p>\u00a0<\/p>\n<p>&#8212;&#8212;&#8212;&#8212;&#8212;&#8212;&#8212;&#8212;&#8212;&#8212;-<\/p>\n<p><span style=\"text-decoration: underline;\">Propuestas de TFM para el curso 2020-21:<\/span><\/p>\n<table style=\"height: 581px; width: 586.883px;\">\n<tbody>\n<tr style=\"height: 24px;\">\n<td style=\"height: 24px; width: 210px;\"><em>Tutores<\/em><\/td>\n<td style=\"height: 24px; width: 276.883px;\"><em>TFM ofertados<\/em><\/td>\n<\/tr>\n<tr style=\"height: 48px;\">\n<td style=\"height: 48px; width: 210px;\"><a href=\"beatriz.gutierrez@unileon.es\">BEATRIZ GUTI\u00c9RREZ GIL<\/a><\/td>\n<td style=\"height: 48px; width: 276.883px;\">Evaluaci\u00f3n de mutaciones candidatas en los genes NPR2, NCAPG, LCORL en relaci\u00f3n a efectos fenot\u00edpicos de inter\u00e9s econ\u00f3mico en el ganado ovino lechero.<\/td>\n<\/tr>\n<tr style=\"height: 48px;\">\n<td style=\"height: 48px; width: 210px;\"><a href=\"mailto:vega.villar@unileon.es\">MAR\u00cdA VEGA VILLAR SU\u00c1REZ<\/a><\/td>\n<td style=\"height: 48px; width: 276.883px;\">Capacidad protectora del secretoma de c\u00e9lulas troncales mesenquimales en un modelo <em>in vitro<\/em> de osteoartritis.<\/td>\n<\/tr>\n<tr style=\"height: 48px;\">\n<td style=\"height: 48px; width: 210px;\"><a href=\"mailto:alicia.quiros@unileon.es\">ALICIA QUIR\u00d3S CARRETERO<\/a><\/td>\n<td style=\"height: 48px; width: 276.883px;\">Estad\u00edstica aplicada a la biomedicina.<\/td>\n<\/tr>\n<tr style=\"height: 48px;\">\n<td style=\"height: 48px; width: 210px;\"><a href=\"mailto:jl.felipe.martinez@unileon.es\">FELIPE MART\u00cdNEZ PASTOR<\/a><\/td>\n<td style=\"height: 48px; width: 276.883px;\">Estudio de la fisiolog\u00eda y estructura de la cromatina del espermatozoide mediante citometr\u00eda de flujo.<\/td>\n<\/tr>\n<tr style=\"height: 48px;\">\n<td style=\"height: 48px; width: 210px;\"><a href=\"mailto:jmferc@unileon.es\">JOSE MANUEL FERN\u00c1NDEZ CA\u00d1\u00d3N\u00a0<\/a><\/td>\n<td style=\"height: 48px; width: 276.883px;\">Utilizaci\u00f3n de pl\u00e1sticos PET por hongos.<\/td>\n<\/tr>\n<tr style=\"height: 48px;\">\n<td style=\"height: 48px; width: 210px;\"><a href=\"erodo@unileon.es\">EL\u00cdAS RODR\u00cdGUEZ OLIVERA<\/a>\/<a href=\"jm.luengo@unileon.es\">JOSE M\u00aa LUENGO RODR\u00cdGUEZ<\/a><\/td>\n<td style=\"height: 48px; width: 276.883px;\">Biodegradaci\u00f3n de pl\u00e1sticos de origen petroqu\u00edmico, utilizaci\u00f3n de nuevos chasis biotecnol\u00f3gicos.<\/td>\n<\/tr>\n<tr style=\"height: 48px;\">\n<td style=\"height: 48px; width: 210px;\"><a href=\"aferl@unileon.es\">ARSENIO FERN\u00c1NDEZ<\/a>\/<a href=\"michal.letek@unileon.es\">MICHAL LETEK<\/a><\/td>\n<td style=\"height: 48px; width: 276.883px;\">Efecto del miRNA 155 en celulas HEK.<\/td>\n<\/tr>\n<tr style=\"height: 48px;\">\n<td style=\"height: 48px; width: 210px;\"><a href=\"javier.casqueiro@unileon.es\">JAVIER CASQUEIRO<\/a>\/<a href=\"smarm@unileon.es\">SONIA MART\u00cdNEZ<\/a><\/td>\n<td style=\"height: 48px; width: 276.883px;\">Vacunas frente a la enfermedad de Gl\u00e4sser basadas en la prote\u00edna de uni\u00f3n a la transferrina.<\/td>\n<\/tr>\n<tr style=\"height: 48px;\">\n<td style=\"height: 48px; width: 210px;\"><a href=\"jl.acebes@unileon.es\">JOSE LUIS ACEBES<\/a>\/<a href=\"a.encina@unileon.es\">ANTONIO ENCINA<\/a><\/td>\n<td style=\"height: 48px; width: 276.883px;\">Evoluci\u00f3n de par\u00e1metros fisiol\u00f3gicos en el desarrollo de injertos.<\/td>\n<\/tr>\n<tr style=\"height: 48px;\">\n<td style=\"height: 48px; width: 210px;\"><a href=\"mlcenm@unileon.es\">MAR\u00cdA LUZ CENTENO<\/a>\/<a href=\"a.encina@unileon.es\">ANTONIO ENCINA<\/a><\/td>\n<td style=\"height: 48px; width: 276.883px;\">Effect of jasmonic acid on maize (<i>Zea mays<\/i> L.) cell cultures: analysis of the cell wall.<\/td>\n<\/tr>\n<tr style=\"height: 48px;\">\n<td style=\"height: 48px; width: 210px;\"><a href=\"carmen.marin@unileon.es\">CARMEN MAR\u00cdN<\/a>\/<a href=\"mmarm@unileon.es\">MARGARITA MARQU\u00c9S<\/a><\/td>\n<td style=\"height: 48px; width: 276.883px;\">Estudio de la regulaci\u00f3n circadiana de los genes de la familia p53 en modelos celulares.<\/td>\n<\/tr>\n<tr style=\"height: 48px;\">\n<td style=\"height: 48px; width: 210px;\"><a href=\"jgutg@unileon.es\">JUAN JOS\u00c9 GUTI\u00c9RREZ GONZ\u00c1LEZ<\/a><\/td>\n<td style=\"height: 48px; width: 276.883px;\">El transcriptoma de <i>Lens culinaris\u00a0<\/i>y su anotaci\u00f3n.<\/td>\n<\/tr>\n<tr style=\"height: 48px;\">\n<td style=\"height: 48px; width: 210px;\"><a href=\"paz.herraez@unileon.es\">MAR\u00cdA PAZ HERR\u00c1EZ\/ <\/a><a href=\"bmarf@unileon.es\">BEATRIZ MART\u00cdN FERN\u00c1NDEZ<\/a><\/td>\n<td style=\"height: 48px; width: 276.883px;\">Disfunci\u00f3n mitocondrial en c\u00e9lulas cardiacas: efectos terap\u00e9uticos\u00a0<i>in vitro\u00a0<\/i>de catequinas y polifenoles.<\/td>\n<\/tr>\n<tr style=\"height: 48px;\">\n<td style=\"height: 48px; width: 210px;\">\u00a0<\/td>\n<td style=\"height: 48px; width: 276.883px;\">\u00a0<\/td>\n<\/tr>\n<tr style=\"height: 48px;\">\n<td style=\"height: 48px; width: 210px;\">\u00a0<\/td>\n<td style=\"height: 48px; width: 276.883px;\">\u00a0<\/td>\n<\/tr>\n<tr style=\"height: 48px;\">\n<td style=\"height: 48px; width: 210px;\">\u00a0<\/td>\n<td style=\"height: 48px; width: 276.883px;\">\u00a0<\/td>\n<\/tr>\n<\/tbody>\n<\/table>\n<div id=\"link64_adl_tabid\" style=\"display: none;\" data-url=\"http:\/\/grupos.unileon.es\/masterbiologia\/wp-admin\/post.php?post=24&amp;action=edit\">758<\/div>\n<p><\/p>\n","protected":false},"excerpt":{"rendered":"<p>El Trabajo de Fin de M\u00e1ster constituye 30 ECTS. A lo largo del curso cada estudiante realizar\u00e1 un proyecto supervisado por un tutor. Cada proyecto requiere cursos espec\u00edficos para garantizar la adquisici\u00f3n de competencias necesarias para llevarlo a cabo. Los estudiantes deber\u00e1n indicar un orden de prioridad para cada uno de los proyectos propuestos. La [&hellip;]<\/p>\n","protected":false},"author":79,"featured_media":0,"parent":0,"menu_order":0,"comment_status":"closed","ping_status":"closed","template":"","meta":{"footnotes":""},"class_list":["post-24","page","type-page","status-publish","hentry"],"_links":{"self":[{"href":"https:\/\/grupos.unileon.es\/masterbiologia\/wp-json\/wp\/v2\/pages\/24","targetHints":{"allow":["GET"]}}],"collection":[{"href":"https:\/\/grupos.unileon.es\/masterbiologia\/wp-json\/wp\/v2\/pages"}],"about":[{"href":"https:\/\/grupos.unileon.es\/masterbiologia\/wp-json\/wp\/v2\/types\/page"}],"author":[{"embeddable":true,"href":"https:\/\/grupos.unileon.es\/masterbiologia\/wp-json\/wp\/v2\/users\/79"}],"replies":[{"embeddable":true,"href":"https:\/\/grupos.unileon.es\/masterbiologia\/wp-json\/wp\/v2\/comments?post=24"}],"version-history":[{"count":89,"href":"https:\/\/grupos.unileon.es\/masterbiologia\/wp-json\/wp\/v2\/pages\/24\/revisions"}],"predecessor-version":[{"id":532,"href":"https:\/\/grupos.unileon.es\/masterbiologia\/wp-json\/wp\/v2\/pages\/24\/revisions\/532"}],"wp:attachment":[{"href":"https:\/\/grupos.unileon.es\/masterbiologia\/wp-json\/wp\/v2\/media?parent=24"}],"curies":[{"name":"wp","href":"https:\/\/api.w.org\/{rel}","templated":true}]}}