{"id":259,"date":"2017-09-19T11:42:46","date_gmt":"2017-09-19T11:42:46","guid":{"rendered":"http:\/\/grupos.unileon.es\/masterbiologia\/?page_id=259"},"modified":"2017-09-19T11:46:27","modified_gmt":"2017-09-19T11:46:27","slug":"plan-de-accion-tutorial","status":"publish","type":"page","link":"https:\/\/grupos.unileon.es\/masterbiologia\/plan-de-accion-tutorial\/","title":{"rendered":"Plan de Acci\u00f3n Tutorial"},"content":{"rendered":"<p>El Plan de Acci\u00f3n Tutorial (PAT) se desarrolla de acuerdo con lo especificado en la Memoria de Verificaci\u00f3n y en el proceso MP2008P_1 del Sistema de Garant\u00eda de Calidad\u00a0 de la Facultad de Ciencias Biol\u00f3gicas y Ambientales.<\/p>\n<p>La tutora del mismo se encarga de la gesti\u00f3n de las reuniones.<\/p>\n<p>Esta tutorizaci\u00f3n se desarrolla mediante tres sesiones grupales que tienen lugar al principio de curso, al final del primer semestre, y un poco antes de finalizar el segundo semestre.<\/p>\n<p>Tutora del PAT del MUIBFB: <a href=\"mailto:maria.cano@unileon.es\">Mar\u00eda Jos\u00e9 Cano R\u00e1bano<\/a><\/p>\n","protected":false},"excerpt":{"rendered":"<p>El Plan de Acci\u00f3n Tutorial (PAT) se desarrolla de acuerdo con lo especificado en la Memoria de Verificaci\u00f3n y en el proceso MP2008P_1 del Sistema de Garant\u00eda de Calidad\u00a0 de la Facultad de Ciencias Biol\u00f3gicas y Ambientales. La tutora del mismo se encarga de la gesti\u00f3n de las reuniones. Esta tutorizaci\u00f3n se desarrolla mediante tres [&hellip;]<\/p>\n","protected":false},"author":52,"featured_media":0,"parent":0,"menu_order":0,"comment_status":"closed","ping_status":"closed","template":"","meta":{"footnotes":""},"class_list":["post-259","page","type-page","status-publish","hentry"],"_links":{"self":[{"href":"https:\/\/grupos.unileon.es\/masterbiologia\/wp-json\/wp\/v2\/pages\/259","targetHints":{"allow":["GET"]}}],"collection":[{"href":"https:\/\/grupos.unileon.es\/masterbiologia\/wp-json\/wp\/v2\/pages"}],"about":[{"href":"https:\/\/grupos.unileon.es\/masterbiologia\/wp-json\/wp\/v2\/types\/page"}],"author":[{"embeddable":true,"href":"https:\/\/grupos.unileon.es\/masterbiologia\/wp-json\/wp\/v2\/users\/52"}],"replies":[{"embeddable":true,"href":"https:\/\/grupos.unileon.es\/masterbiologia\/wp-json\/wp\/v2\/comments?post=259"}],"version-history":[{"count":2,"href":"https:\/\/grupos.unileon.es\/masterbiologia\/wp-json\/wp\/v2\/pages\/259\/revisions"}],"predecessor-version":[{"id":264,"href":"https:\/\/grupos.unileon.es\/masterbiologia\/wp-json\/wp\/v2\/pages\/259\/revisions\/264"}],"wp:attachment":[{"href":"https:\/\/grupos.unileon.es\/masterbiologia\/wp-json\/wp\/v2\/media?parent=259"}],"curies":[{"name":"wp","href":"https:\/\/api.w.org\/{rel}","templated":true}]}}