{"id":30,"date":"2016-01-29T11:56:35","date_gmt":"2016-01-29T11:56:35","guid":{"rendered":"http:\/\/grupos.unileon.es\/masterbiologia\/?page_id=30"},"modified":"2020-07-27T11:20:34","modified_gmt":"2020-07-27T11:20:34","slug":"horarios","status":"publish","type":"page","link":"https:\/\/grupos.unileon.es\/masterbiologia\/horarios\/","title":{"rendered":"Horarios"},"content":{"rendered":"<h3>Horario Curso 2020-2021<\/h3>\n<p>El Trabajo Fin de M\u00e1ster se desarrollar\u00e1 durante todas las ma\u00f1anas (octubre a junio) en el laboratorio del supervisor del proyecto de investigaci\u00f3n.<\/p>\n<div id=\"link64_adl_tabid\" style=\"display: none;\" data-url=\"http:\/\/grupos.unileon.es\/masterbiologia\/wp-admin\/post.php?post=30&amp;action=edit\">761<\/div>\n<p><iframe loading=\"lazy\" style=\"border-width: 0;\" src=\"https:\/\/calendar.google.com\/calendar\/embed?title=M%C3%A1ster%20en%20Investigaci%C3%B3n%20en%20Biolog%C3%ADa%20Fundamental%20y%20Biomedicina&amp;mode=WEEK&amp;height=500&amp;wkst=2&amp;bgcolor=%23FFFFFF&amp;src=horariosmbiologiafundamental%40gmail.com&amp;color=%231B887A&amp;src=8u1pef1pc79eocvtg9pci07tac%40group.calendar.google.com&amp;color=%238C500B&amp;src=36l05r54odd5fnv4q6dl4ir1dc%40group.calendar.google.com&amp;color=%23875509&amp;src=9bvhvqtab60kusml3fptcpsq2g%40group.calendar.google.com&amp;color=%23865A5A&amp;src=c7s19kdsfjcsvir7rc03jj21vk%40group.calendar.google.com&amp;color=%2323164E&amp;src=9q38is7qddsrpifkvna6m1uaog%40group.calendar.google.com&amp;color=%230F4B38&amp;src=f78plfj148c3u6e8i8kqmt77rs%40group.calendar.google.com&amp;color=%230F4B38&amp;src=5q3t5nnchg2qlth3dfb7eekpv4%40group.calendar.google.com&amp;color=%23B1365F&amp;src=h996ge8ajvokufui9f2h7hj7i4%40group.calendar.google.com&amp;color=%236B3304&amp;src=calendario.lectivo.ule%40gmail.com&amp;color=%23711616&amp;src=i4l34pepc5m86ibta90kidsi5c%40group.calendar.google.com&amp;color=%23333333&amp;src=rme1dlbbva3986qj1cfciop1pc%40group.calendar.google.com&amp;color=%2342104A&amp;src=1itg8pf1lcpg01l62r11i0pqn4%40group.calendar.google.com&amp;color=%23182C57&amp;src=jcrs2s3u46pcohrvu2te5lfh9g%40group.calendar.google.com&amp;color=%238D6F47&amp;src=g30rtvm0t5343en8447riq64do%40group.calendar.google.com&amp;color=%23711616&amp;src=cv0qn287i69qu2l51bj4thp97s%40group.calendar.google.com&amp;color=%23B1440E&amp;src=68p46thfngm14cg3a1ops9687k%40group.calendar.google.com&amp;color=%235F6B02&amp;src=6f3hfrdf66qqkf5ofvabtgudpk%40group.calendar.google.com&amp;color=%232952A3&amp;src=6ea760looctkue75aamntdonug%40group.calendar.google.com&amp;color=%236B3304&amp;ctz=Europe%2FMadrid\" width=\"600\" height=\"500\" frameborder=\"0\" scrolling=\"no\"><\/iframe><br \/>\n&#8211;&gt;<\/p>\n","protected":false},"excerpt":{"rendered":"<p>Horario Curso 2020-2021 El Trabajo Fin de M\u00e1ster se desarrollar\u00e1 durante todas las ma\u00f1anas (octubre a junio) en el laboratorio del supervisor del proyecto de investigaci\u00f3n. 761 &#8211;&gt;<\/p>\n","protected":false},"author":52,"featured_media":0,"parent":0,"menu_order":0,"comment_status":"closed","ping_status":"closed","template":"","meta":{"footnotes":""},"class_list":["post-30","page","type-page","status-publish","hentry"],"_links":{"self":[{"href":"https:\/\/grupos.unileon.es\/masterbiologia\/wp-json\/wp\/v2\/pages\/30","targetHints":{"allow":["GET"]}}],"collection":[{"href":"https:\/\/grupos.unileon.es\/masterbiologia\/wp-json\/wp\/v2\/pages"}],"about":[{"href":"https:\/\/grupos.unileon.es\/masterbiologia\/wp-json\/wp\/v2\/types\/page"}],"author":[{"embeddable":true,"href":"https:\/\/grupos.unileon.es\/masterbiologia\/wp-json\/wp\/v2\/users\/52"}],"replies":[{"embeddable":true,"href":"https:\/\/grupos.unileon.es\/masterbiologia\/wp-json\/wp\/v2\/comments?post=30"}],"version-history":[{"count":13,"href":"https:\/\/grupos.unileon.es\/masterbiologia\/wp-json\/wp\/v2\/pages\/30\/revisions"}],"predecessor-version":[{"id":487,"href":"https:\/\/grupos.unileon.es\/masterbiologia\/wp-json\/wp\/v2\/pages\/30\/revisions\/487"}],"wp:attachment":[{"href":"https:\/\/grupos.unileon.es\/masterbiologia\/wp-json\/wp\/v2\/media?parent=30"}],"curies":[{"name":"wp","href":"https:\/\/api.w.org\/{rel}","templated":true}]}}