{"id":317,"date":"2017-10-17T10:49:17","date_gmt":"2017-10-17T10:49:17","guid":{"rendered":"http:\/\/grupos.unileon.es\/masterbiologia\/?page_id=317"},"modified":"2017-10-17T10:49:17","modified_gmt":"2017-10-17T10:49:17","slug":"analisis-de-enfermedades-geneticas","status":"publish","type":"page","link":"https:\/\/grupos.unileon.es\/masterbiologia\/analisis-de-enfermedades-geneticas\/","title":{"rendered":"An\u00e1lisis de enfermedades gen\u00e9ticas"},"content":{"rendered":"<p>En esta asignatura se presenta a los alumnos una visi\u00f3n general de la estructura b\u00e1sica de los genes y de los genomas y las alteraciones que pueden presentar. Se presta especial atenci\u00f3n a los distintos tipos de polimorfismos que pueden localizarse en ellos y las t\u00e9cnicas que se emplean para su detecci\u00f3n y an\u00e1lisis en distintos grupos poblacionales.<br \/>\nPor otro lado se describir\u00e1n y aplicar\u00e1n distintos m\u00e9todos para el an\u00e1lisis de ligamiento que permitan elaborar mapas gen\u00e9ticos, as\u00ed como las t\u00e9cnicas de mapeo fino, an\u00e1lisis de QTLs, clonado posicional y an\u00e1lisis del desequilibrio de ligamiento que permitan detectar genes responsables de enfermedades u otras alteraciones fenot\u00edpicas.<br \/>\nEsta asignatura es de especial inter\u00e9s para aquellos alumnos que est\u00e9n interesados en realizar an\u00e1lisis gen\u00e9ticos relacionados con distintos fenotipos tanto de tipo cualitativo como cuantitativo.<\/p>\n","protected":false},"excerpt":{"rendered":"<p>En esta asignatura se presenta a los alumnos una visi\u00f3n general de la estructura b\u00e1sica de los genes y de los genomas y las alteraciones que pueden presentar. Se presta especial atenci\u00f3n a los distintos tipos de polimorfismos que pueden localizarse en ellos y las t\u00e9cnicas que se emplean para su detecci\u00f3n y an\u00e1lisis en [&hellip;]<\/p>\n","protected":false},"author":52,"featured_media":0,"parent":0,"menu_order":0,"comment_status":"closed","ping_status":"closed","template":"","meta":{"footnotes":""},"class_list":["post-317","page","type-page","status-publish","hentry"],"_links":{"self":[{"href":"https:\/\/grupos.unileon.es\/masterbiologia\/wp-json\/wp\/v2\/pages\/317","targetHints":{"allow":["GET"]}}],"collection":[{"href":"https:\/\/grupos.unileon.es\/masterbiologia\/wp-json\/wp\/v2\/pages"}],"about":[{"href":"https:\/\/grupos.unileon.es\/masterbiologia\/wp-json\/wp\/v2\/types\/page"}],"author":[{"embeddable":true,"href":"https:\/\/grupos.unileon.es\/masterbiologia\/wp-json\/wp\/v2\/users\/52"}],"replies":[{"embeddable":true,"href":"https:\/\/grupos.unileon.es\/masterbiologia\/wp-json\/wp\/v2\/comments?post=317"}],"version-history":[{"count":1,"href":"https:\/\/grupos.unileon.es\/masterbiologia\/wp-json\/wp\/v2\/pages\/317\/revisions"}],"predecessor-version":[{"id":318,"href":"https:\/\/grupos.unileon.es\/masterbiologia\/wp-json\/wp\/v2\/pages\/317\/revisions\/318"}],"wp:attachment":[{"href":"https:\/\/grupos.unileon.es\/masterbiologia\/wp-json\/wp\/v2\/media?parent=317"}],"curies":[{"name":"wp","href":"https:\/\/api.w.org\/{rel}","templated":true}]}}