{"id":130,"date":"2016-03-09T12:07:52","date_gmt":"2016-03-09T12:07:52","guid":{"rendered":"http:\/\/grupos.unileon.es\/masterbiology\/?page_id=130"},"modified":"2017-10-16T07:31:14","modified_gmt":"2017-10-16T07:31:14","slug":"analisis-de-farmacos-carbohidratos-y-compuestos-fenolicos-analysis-of-drugs-carbohydrates-and-phenolics","status":"publish","type":"page","link":"https:\/\/grupos.unileon.es\/masterbiology\/analisis-de-farmacos-carbohidratos-y-compuestos-fenolicos-analysis-of-drugs-carbohydrates-and-phenolics\/","title":{"rendered":"Analysis of drugs, carbohydrates, and phenolics"},"content":{"rendered":"<p><img loading=\"lazy\" decoding=\"async\" class=\"alignnone wp-image-131\" src=\"http:\/\/grupos.unileon.es\/masterbiology\/files\/2016\/03\/analisis-farmacos-300x169.jpg\" alt=\"analisis farmacos\" width=\"426\" height=\"240\" srcset=\"https:\/\/grupos.unileon.es\/masterbiology\/files\/2016\/03\/analisis-farmacos-300x169.jpg 300w, https:\/\/grupos.unileon.es\/masterbiology\/files\/2016\/03\/analisis-farmacos-768x432.jpg 768w, https:\/\/grupos.unileon.es\/masterbiology\/files\/2016\/03\/analisis-farmacos-1024x576.jpg 1024w, https:\/\/grupos.unileon.es\/masterbiology\/files\/2016\/03\/analisis-farmacos.jpg 1300w\" sizes=\"auto, (max-width: 426px) 100vw, 426px\" \/><\/p>\n<p><span id=\"result_box\" class=\"\" lang=\"en\"><span title=\"La asignatura tiene como objetivo principal conocer las diferentes t\u00e9cnicas para la detecci\u00f3n, la separaci\u00f3n, la purificaci\u00f3n y\/o la cuantificaci\u00f3n de diversas mol\u00e9culas de inter\u00e9s biol\u00f3gico, principalmente f\u00e1rmacos y\/o metabolitos de f\u00e1rmacos, carbohidratos y compuestos fen\u00f3licos.\">The course&#8217;s main objective is to know the different techniques for detection, separation, purification and\/or quantification of molecules of biological interest, mainly drugs and\/or drug metabolites, carbohydrates and phenolics. <\/span><span title=\"Para ello, se profundizar\u00e1 en el estudio y la aplicaci\u00f3n de diferentes metodolog\u00edas como inmunoan\u00e1lisis, espectroscop\u00eda de infrarrojo, m\u00e9todos espectrofotom\u00e9tricos y m\u00e9todos cromatogr\u00e1ficos, incluyendo gel-filtraci\u00f3n, cromatograf\u00eda en capa fina, cromatograf\u00eda de gases y HPLC (con utilizaci\u00f3n de distintos sistemas de detecci\u00f3n\">The study and application of different methodologies as immunoassays, infrared spectroscopy, spectrophotometric methods and chromatographic methods, including gel filtration, thin layer chromatography, gas chromatography and HPLC (with use of different detection systems <\/span><span title=\").\">) will be emphasized. <\/span><span title=\"Todas estas t\u00e9cnicas son ampliamente utilizadas en el aislamiento y la purificaci\u00f3n de productos de valor en las industrias qu\u00edmicas y farmac\u00e9uticas as\u00ed como en la Biotecnolog\u00eda y la Bioqu\u00edmica.\">All these techniques are widely used in the isolation and purification of valuable products for chemical and pharmaceutical industries as well as biotechnology and biochemistry. <\/span><span title=\"Asimismo, a nivel pr\u00e1ctico, los alumnos no s\u00f3lo aprender\u00e1n c\u00f3mo preparar las muestras seg\u00fan su origen, c\u00f3mo realizar la extracci\u00f3n y pre-purificaci\u00f3n de diferentes compuestos, etc..;\">Also, on a practical level, students not only learn how to prepare samples according its origin, how to perform the extraction and pre-purification of different compounds, etc .., <\/span><span title=\"sino que comprobar\u00e1n cuales pueden ser los problemas reales que los usuarios pueden encontrarse al llevar a cabo algunas de las t\u00e9cnicas mencionadas previamente.\">but they will check the real problems users may encounter in carrying out some of the techniques mentioned above.<\/span><\/span><\/p>\n<p>&nbsp;<\/p>\n<div id=\"link64_adl_tabid\" style=\"display: none;\" data-url=\"http:\/\/grupos.unileon.es\/masterbiology\/wp-admin\/post-new.php?post_type=page\">881<\/div>\n<p><span style=\"border-radius: 2px; text-indent: 20px; width: auto; padding: 0px 4px 0px 0px; text-align: center; font: bold 11px\/20px 'Helvetica Neue',Helvetica,sans-serif; color: #ffffff; background: #bd081c no-repeat scroll 3px 50% \/ 14px 14px; position: absolute; opacity: 1; z-index: 8675309; display: none; cursor: pointer; top: 36px; left: 20px;\">Guardar<\/span><\/p>\n","protected":false},"excerpt":{"rendered":"<p>The course&#8217;s main objective is to know the different techniques for detection, separation, purification and\/or quantification of molecules of biological interest, mainly drugs and\/or drug metabolites, carbohydrates and phenolics. The study and application of different methodologies as immunoassays, infrared spectroscopy, spectrophotometric methods and chromatographic methods, including gel filtration, thin layer chromatography, gas chromatography and HPLC [&hellip;]<\/p>\n","protected":false},"author":52,"featured_media":0,"parent":0,"menu_order":0,"comment_status":"closed","ping_status":"closed","template":"","meta":{"footnotes":""},"class_list":["post-130","page","type-page","status-publish","hentry"],"_links":{"self":[{"href":"https:\/\/grupos.unileon.es\/masterbiology\/wp-json\/wp\/v2\/pages\/130","targetHints":{"allow":["GET"]}}],"collection":[{"href":"https:\/\/grupos.unileon.es\/masterbiology\/wp-json\/wp\/v2\/pages"}],"about":[{"href":"https:\/\/grupos.unileon.es\/masterbiology\/wp-json\/wp\/v2\/types\/page"}],"author":[{"embeddable":true,"href":"https:\/\/grupos.unileon.es\/masterbiology\/wp-json\/wp\/v2\/users\/52"}],"replies":[{"embeddable":true,"href":"https:\/\/grupos.unileon.es\/masterbiology\/wp-json\/wp\/v2\/comments?post=130"}],"version-history":[{"count":3,"href":"https:\/\/grupos.unileon.es\/masterbiology\/wp-json\/wp\/v2\/pages\/130\/revisions"}],"predecessor-version":[{"id":330,"href":"https:\/\/grupos.unileon.es\/masterbiology\/wp-json\/wp\/v2\/pages\/130\/revisions\/330"}],"wp:attachment":[{"href":"https:\/\/grupos.unileon.es\/masterbiology\/wp-json\/wp\/v2\/media?parent=130"}],"curies":[{"name":"wp","href":"https:\/\/api.w.org\/{rel}","templated":true}]}}