{"id":146,"date":"2016-03-14T11:44:44","date_gmt":"2016-03-14T11:44:44","guid":{"rendered":"http:\/\/grupos.unileon.es\/masterbiology\/?page_id=146"},"modified":"2017-10-16T07:31:53","modified_gmt":"2017-10-16T07:31:53","slug":"bases-de-la-experimentacion-animal-foundations-of-animal-experimentation","status":"publish","type":"page","link":"https:\/\/grupos.unileon.es\/masterbiology\/bases-de-la-experimentacion-animal-foundations-of-animal-experimentation\/","title":{"rendered":"Foundations of animal experimentation"},"content":{"rendered":"<p>&nbsp;<\/p>\n<p><span id=\"result_box\" class=\"\" lang=\"en\" tabindex=\"-1\"><span title=\"El objetivo general de esta asignatura es proporcionar una orientaci\u00f3n cient\u00edfica global para la utilizaci\u00f3n de los animales de experimentaci\u00f3n, aportando unos conocimientos te\u00f3rico-pr\u00e1cticos generales para un uso racional de los mismos. \">The overall objective of this course is to provide an overall scientific guidance for the use of experimental animals, providing some general theoretical and practical knowledge for a rational use of them.<\/span><\/span><\/p>\n<p><span title=\"El contenido del curso contempla aspectos de la biolog\u00eda, el cuidado, el bienestar, la salud y el manejo de los animales, el reconocimiento del dolor, el sufrimiento y la angustia, los m\u00e9todos incruentos de sacrificio, as\u00ed como de la \u00e9tica y de la\">The course content includes aspects of biology, care, welfare, health and animal handling, recognition of pain, suffering and distress, non-lethal methods of slaughter, as well as ethics and <\/span><span title=\"legislaci\u00f3n que se aplica en Espa\u00f1a.\">legislation as applied in Spain. <\/span><span title=\"Tambi\u00e9n se introducen los elementos de un protocolo experimental con animales y de los procedimientos que se llevan a cabo. \">Elements of experimental animal protocols and procedures that are carried out are also introduced.<\/span><\/p>\n<p><span title=\"El curso estaba acreditado para la obtenci\u00f3n de la capacitaci\u00f3n como personal de categor\u00eda B (personal que lleva a cabo los procedimientos) de acuerdo con el ya derogado Real Decreto 1201\/2005.\">The course was accredited to obtain training as category B staff (personnel carrying out animal procedures) according to the already repealed Royal Decree 1201\/2005. <\/span><span title=\"En estos momentos se est\u00e1 trabajando para adecuar los contenidos a la Orden ECC\/566\/2015, de 20 de marzo, por la que se establecen los requisitos de capacitaci\u00f3n que debe cumplir el personal que maneje animales utilizados, criados o suministrados con fines de experimentaci\u00f3n\">Right now we are working to adapt the contents to the Order ECC \/ 566\/2015 of 20 March, establishing the training requirements to be met by personnel in charge of animal handling, either bred or supplied for experimental <\/span><span title=\"y otros fines cient\u00edficos, incluyendo la docencia y poder obtener la capacitaci\u00f3n equivalente.\">and other scientific purposes (including teaching) to obtain the equivalent training.<\/span><\/p>\n<div id=\"link64_adl_tabid\" style=\"display: none;\" data-url=\"http:\/\/grupos.unileon.es\/masterbiology\/wp-admin\/post.php?post=146&amp;action=edit\">1588<\/div>\n","protected":false},"excerpt":{"rendered":"<p>&nbsp; The overall objective of this course is to provide an overall scientific guidance for the use of experimental animals, providing some general theoretical and practical knowledge for a rational use of them. The course content includes aspects of biology, care, welfare, health and animal handling, recognition of pain, suffering and distress, non-lethal methods of [&hellip;]<\/p>\n","protected":false},"author":52,"featured_media":0,"parent":0,"menu_order":0,"comment_status":"closed","ping_status":"closed","template":"","meta":{"footnotes":""},"class_list":["post-146","page","type-page","status-publish","hentry"],"_links":{"self":[{"href":"https:\/\/grupos.unileon.es\/masterbiology\/wp-json\/wp\/v2\/pages\/146","targetHints":{"allow":["GET"]}}],"collection":[{"href":"https:\/\/grupos.unileon.es\/masterbiology\/wp-json\/wp\/v2\/pages"}],"about":[{"href":"https:\/\/grupos.unileon.es\/masterbiology\/wp-json\/wp\/v2\/types\/page"}],"author":[{"embeddable":true,"href":"https:\/\/grupos.unileon.es\/masterbiology\/wp-json\/wp\/v2\/users\/52"}],"replies":[{"embeddable":true,"href":"https:\/\/grupos.unileon.es\/masterbiology\/wp-json\/wp\/v2\/comments?post=146"}],"version-history":[{"count":5,"href":"https:\/\/grupos.unileon.es\/masterbiology\/wp-json\/wp\/v2\/pages\/146\/revisions"}],"predecessor-version":[{"id":332,"href":"https:\/\/grupos.unileon.es\/masterbiology\/wp-json\/wp\/v2\/pages\/146\/revisions\/332"}],"wp:attachment":[{"href":"https:\/\/grupos.unileon.es\/masterbiology\/wp-json\/wp\/v2\/media?parent=146"}],"curies":[{"name":"wp","href":"https:\/\/api.w.org\/{rel}","templated":true}]}}