{"id":22,"date":"2016-01-29T11:54:03","date_gmt":"2016-01-29T11:54:03","guid":{"rendered":"http:\/\/grupos.unileon.es\/masterbiology\/?page_id=22"},"modified":"2019-01-10T13:26:07","modified_gmt":"2019-01-10T13:26:07","slug":"plan-de-estudios","status":"publish","type":"page","link":"https:\/\/grupos.unileon.es\/masterbiology\/plan-de-estudios\/","title":{"rendered":"Master&#8217;s program"},"content":{"rendered":"<div id=\"link64_adl_tabid\" style=\"display: none;\" data-url=\"http:\/\/grupos.unileon.es\/masterbiology\/wp-admin\/post.php?post=22&amp;action=edit\">757<\/div>\n<table class=\"directory\" style=\"margin-right: 0;\">\n<thead>\n<tr>\n<th>Subject<\/th>\n<th>Term<\/th>\n<th>Type<\/th>\n<th>ECTS<\/th>\n<th>Teaching 2018-19<\/th>\n<\/tr>\n<\/thead>\n<tfoot>\n<tr>\n<td colspan=\"5\">Term: A = Yearly<br \/>\nType: Comp = Compulsory; OP = Optional<\/td>\n<\/tr>\n<\/tfoot>\n<tbody>\n<tr>\n<td style=\"background-color: #ccc; font-weight: bold;\" colspan=\"5\">\u00a0\u00a0\u00a0\u00a0Module A. <i>Animal experimentation<\/i><\/td>\n<\/tr>\n<tr>\n<td><a href=\"http:\/\/www.unileon.es\/estudiantes\/estudiantes-master\/oferta-titulaciones\/mu-metodologia-investigacion-biologia-biomedicina\/plan-estudios?id=0212001&amp;curso=2015\">BASES DE LA EXPERIMENTACI\u00d3N ANIMAL<\/a> \/ <i>Foundations of animal experimentation<\/i><\/td>\n<td>A<\/td>\n<td>OP<\/td>\n<td>5<\/td>\n<td><\/td>\n<\/tr>\n<tr>\n<td><a href=\"http:\/\/www.unileon.es\/estudiantes\/estudiantes-master\/oferta-titulaciones\/mu-metodologia-investigacion-biologia-biomedicina\/plan-estudios?id=0212002&amp;curso=2015\">AMPLIACI\u00d3N DE EXPERIMENTACI\u00d3N ANIMAL<\/a> \/ <i>Advanced animal experimentation<\/i><\/td>\n<td>A<\/td>\n<td>OP<\/td>\n<td>5<\/td>\n<td><\/td>\n<\/tr>\n<tr>\n<td><a href=\"http:\/\/www.unileon.es\/estudiantes\/estudiantes-master\/oferta-titulaciones\/mu-metodologia-investigacion-biologia-biomedicina\/plan-estudios?id=0212003&amp;curso=2015\">EXPERIMENTACI\u00d3N COMPORTAMENTAL EN ANIMALES DE LABORATORIO<\/a> \/ <i>Behavioral testing in lab animals<\/i><\/td>\n<td>A<\/td>\n<td>OP<\/td>\n<td>5<\/td>\n<td>\u00a0NO<\/td>\n<\/tr>\n<tr>\n<td><a href=\"http:\/\/www.unileon.es\/estudiantes\/estudiantes-master\/oferta-titulaciones\/mu-metodologia-investigacion-biologia-biomedicina\/plan-estudios?id=0212004&amp;curso=2015\">MODELOS ANIMALES EN PATOLOG\u00cdA<\/a> \/ <i>Animal models in pathology<\/i><\/td>\n<td>A<\/td>\n<td>OP<\/td>\n<td>5<\/td>\n<td><\/td>\n<\/tr>\n<tr>\n<td style=\"background-color: #ccc; font-weight: bold;\" colspan=\"5\">\u00a0\u00a0\u00a0\u00a0Module B. <i>Analysis of biological molecules<\/i><\/td>\n<\/tr>\n<tr>\n<td><a href=\"http:\/\/www.unileon.es\/estudiantes\/estudiantes-master\/oferta-titulaciones\/mu-metodologia-investigacion-biologia-biomedicina\/plan-estudios?id=0212005&amp;curso=2015\">M\u00c9TODOS DE ESTUDIO DE \u00c1CIDOS NUCLEICOS<\/a> \/ <i>Nucleic acid methods<\/i><\/td>\n<td>A<\/td>\n<td>Comp.<\/td>\n<td>5<\/td>\n<td><\/td>\n<\/tr>\n<tr>\n<td><a href=\"http:\/\/www.unileon.es\/estudiantes\/estudiantes-master\/oferta-titulaciones\/mu-metodologia-investigacion-biologia-biomedicina\/plan-estudios?id=0212006&amp;curso=2015\">M\u00c9TODOS DE ESTUDIO DE PROTE\u00cdNAS<\/a> \/ <i>Protein methods<\/i><\/td>\n<td>A<\/td>\n<td>Comp.<\/td>\n<td>5<\/td>\n<td><\/td>\n<\/tr>\n<tr>\n<td><a href=\"http:\/\/www.unileon.es\/estudiantes\/estudiantes-master\/oferta-titulaciones\/mu-metodologia-investigacion-biologia-biomedicina\/plan-estudios?id=0212007&amp;curso=2015\">AN\u00c1LISIS DE DATOS<\/a> \/ <i>Data analysis<\/i><\/td>\n<td>A<\/td>\n<td>OP<\/td>\n<td>5<\/td>\n<td>NO<\/td>\n<\/tr>\n<tr>\n<td><a href=\"http:\/\/www.unileon.es\/estudiantes\/estudiantes-master\/oferta-titulaciones\/mu-metodologia-investigacion-biologia-biomedicina\/plan-estudios?id=0212008&amp;curso=2015\">AN\u00c1LISIS DE F\u00c1RMACOS, CARBOHIDRATOS Y COMPUESTOS FEN\u00d3LICOS<\/a> \/ <i>Analysis of drugs, carbohydrates, and phenolics<\/i><\/td>\n<td>A<\/td>\n<td>OP<\/td>\n<td>5<\/td>\n<td><\/td>\n<\/tr>\n<tr>\n<td style=\"background-color: #ccc; font-weight: bold;\" colspan=\"5\">\u00a0\u00a0\u00a0\u00a0Module C. <i>Ex vivo &amp; cell culture assays<\/i><\/td>\n<\/tr>\n<tr>\n<td><a href=\"http:\/\/www.unileon.es\/estudiantes\/estudiantes-master\/oferta-titulaciones\/mu-metodologia-investigacion-biologia-biomedicina\/plan-estudios?id=0212009&amp;curso=2015\">CULTIVO E IDENTIFICACI\u00d3N DE MICROORGANISMOS<\/a> \/ <i>Culture &amp; identification of microorganisms<\/i><\/td>\n<td>A<\/td>\n<td>OP<\/td>\n<td>5<\/td>\n<td>\u00a0NO<\/td>\n<\/tr>\n<tr>\n<td><a href=\"http:\/\/www.unileon.es\/estudiantes\/estudiantes-master\/oferta-titulaciones\/mu-metodologia-investigacion-biologia-biomedicina\/plan-estudios?id=0212010&amp;curso=2015\">APLICACIONES BIOTECNOL\u00d3GICAS DE CULTIVOS CELULARES<\/a> \/ <i>Applications of cell culture biotechnology<\/i><\/td>\n<td>A<\/td>\n<td>OP<\/td>\n<td>10<\/td>\n<td><\/td>\n<\/tr>\n<tr>\n<td><a href=\"http:\/\/www.unileon.es\/estudiantes\/estudiantes-master\/oferta-titulaciones\/mu-metodologia-investigacion-biologia-biomedicina\/plan-estudios?id=0212011&amp;curso=2015\">ENSAYOS DE \u00d3RGANO AISLADO<\/a> \/ <i>Isolated organ assays<\/i><\/td>\n<td>A<\/td>\n<td>OP<\/td>\n<td>5<\/td>\n<td><\/td>\n<\/tr>\n<tr>\n<td style=\"background-color: #ccc; font-weight: bold;\" colspan=\"5\">\u00a0\u00a0\u00a0\u00a0Module D. <i>Genetic engineering &amp; genome analysis<\/i><\/td>\n<\/tr>\n<tr>\n<td><a href=\"http:\/\/www.unileon.es\/estudiantes\/estudiantes-master\/oferta-titulaciones\/mu-metodologia-investigacion-biologia-biomedicina\/plan-estudios?id=0212012&amp;curso=2015\">AN\u00c1LISIS DE ENFERMEDADES GEN\u00c9TICAS<\/a> \/ <i>Genetic disorder testing<\/i><\/td>\n<td>A<\/td>\n<td>OP<\/td>\n<td>5<\/td>\n<td><\/td>\n<\/tr>\n<tr>\n<td><a href=\"http:\/\/www.unileon.es\/estudiantes\/estudiantes-master\/oferta-titulaciones\/mu-metodologia-investigacion-biologia-biomedicina\/plan-estudios?id=0212013&amp;curso=2015\">INGENIER\u00cdA GEN\u00c9TICA<\/a> \/ <i>Genetic engineering<\/i><\/td>\n<td>A<\/td>\n<td>OP<\/td>\n<td>5<\/td>\n<td><\/td>\n<\/tr>\n<tr>\n<td><a href=\"http:\/\/www.unileon.es\/estudiantes\/estudiantes-master\/oferta-titulaciones\/mu-metodologia-investigacion-biologia-biomedicina\/plan-estudios?id=0212014&amp;curso=2015\">GEN\u00d3MICA Y PROTE\u00d3MICA<\/a> \/ <i>Genomics &amp; proteomics<\/i><\/td>\n<td>A<\/td>\n<td>OP<\/td>\n<td>10<\/td>\n<td><\/td>\n<\/tr>\n<tr>\n<td style=\"background-color: #ccc; font-weight: bold;\" colspan=\"5\">\u00a0\u00a0\u00a0\u00a0Module E. <i>Biotechnological production techniques<\/i><\/td>\n<\/tr>\n<tr>\n<td><a href=\"http:\/\/www.unileon.es\/estudiantes\/estudiantes-master\/oferta-titulaciones\/mu-metodologia-investigacion-biologia-biomedicina\/plan-estudios?id=0212015&amp;curso=2015\">BANCOS DE GERMOPLASMA<\/a> \/ <i>Germplasm banks<\/i><\/td>\n<td>A<\/td>\n<td>OP<\/td>\n<td>5<\/td>\n<td>\u00a0NO<\/td>\n<\/tr>\n<tr>\n<td><a href=\"http:\/\/www.unileon.es\/estudiantes\/estudiantes-master\/oferta-titulaciones\/mu-metodologia-investigacion-biologia-biomedicina\/plan-estudios?id=0212016&amp;curso=2015\">BIOIMAGEN<\/a> \/ <i>Bioimaging<\/i><\/td>\n<td>A<\/td>\n<td>OP<\/td>\n<td>5<\/td>\n<td>\u00a0NO<\/td>\n<\/tr>\n<tr>\n<td style=\"background-color: #ccc; font-weight: bold;\" colspan=\"5\">\u00a0\u00a0\u00a0 End-of-Master Work<\/td>\n<\/tr>\n<tr>\n<td><a href=\"http:\/\/www.unileon.es\/estudiantes\/estudiantes-master\/oferta-titulaciones\/mu-metodologia-investigacion-biologia-biomedicina\/plan-estudios?id=0212017&amp;curso=2015\">TRABAJO FIN DE M\u00c1STER<\/a><\/td>\n<td>A<\/td>\n<td>OB<\/td>\n<td>30<\/td>\n<td><\/td>\n<\/tr>\n<\/tbody>\n<\/table>\n","protected":false},"excerpt":{"rendered":"<p>757 Subject Term Type ECTS Teaching 2018-19 Term: A = Yearly Type: Comp = Compulsory; OP = Optional \u00a0\u00a0\u00a0\u00a0Module A. Animal experimentation BASES DE LA EXPERIMENTACI\u00d3N ANIMAL \/ Foundations of animal experimentation A OP 5 AMPLIACI\u00d3N DE EXPERIMENTACI\u00d3N ANIMAL \/ Advanced animal experimentation A OP 5 EXPERIMENTACI\u00d3N COMPORTAMENTAL EN ANIMALES DE LABORATORIO \/ Behavioral testing [&hellip;]<\/p>\n","protected":false},"author":52,"featured_media":0,"parent":0,"menu_order":0,"comment_status":"closed","ping_status":"closed","template":"","meta":{"footnotes":""},"class_list":["post-22","page","type-page","status-publish","hentry"],"_links":{"self":[{"href":"https:\/\/grupos.unileon.es\/masterbiology\/wp-json\/wp\/v2\/pages\/22","targetHints":{"allow":["GET"]}}],"collection":[{"href":"https:\/\/grupos.unileon.es\/masterbiology\/wp-json\/wp\/v2\/pages"}],"about":[{"href":"https:\/\/grupos.unileon.es\/masterbiology\/wp-json\/wp\/v2\/types\/page"}],"author":[{"embeddable":true,"href":"https:\/\/grupos.unileon.es\/masterbiology\/wp-json\/wp\/v2\/users\/52"}],"replies":[{"embeddable":true,"href":"https:\/\/grupos.unileon.es\/masterbiology\/wp-json\/wp\/v2\/comments?post=22"}],"version-history":[{"count":14,"href":"https:\/\/grupos.unileon.es\/masterbiology\/wp-json\/wp\/v2\/pages\/22\/revisions"}],"predecessor-version":[{"id":367,"href":"https:\/\/grupos.unileon.es\/masterbiology\/wp-json\/wp\/v2\/pages\/22\/revisions\/367"}],"wp:attachment":[{"href":"https:\/\/grupos.unileon.es\/masterbiology\/wp-json\/wp\/v2\/media?parent=22"}],"curies":[{"name":"wp","href":"https:\/\/api.w.org\/{rel}","templated":true}]}}