{"id":24,"date":"2016-01-29T11:54:22","date_gmt":"2016-01-29T11:54:22","guid":{"rendered":"http:\/\/grupos.unileon.es\/masterbiology\/?page_id=24"},"modified":"2019-02-04T07:39:15","modified_gmt":"2019-02-04T07:39:15","slug":"tfm","status":"publish","type":"page","link":"https:\/\/grupos.unileon.es\/masterbiology\/tfm\/","title":{"rendered":"End-of-Master&#8217;s Work (TFM)"},"content":{"rendered":"<p>Master&#8217;s Thesis (TFM) contributes 30 ECTS. Throughout the course each student will carry out a project supervised by a tutor. Each project requires specific courses to ensure the acquisition of the necessary skills to complete it. Students should indicate an order of priority for each of the proposed projects. The project assignment will depend on the academic record, and previous experience of the student.<\/p>\n<p>Students will present a final report including Abstract (in Spanish and English), Introduction, Methods, Results, Discussion, Conclusions and Bibliography.<\/p>\n<p>Students will perform an oral presentation in English of his project for 10 to 30 minutes maximum.<\/p>\n<p>A committee of teachers (local staff and guests from other European universities) will assess the oral presentation and the final report.<\/p>\n<p><a href=\"https:\/\/www.unileon.es\/modelos\/archivo\/norregint\/201510201340392_n_reglamento_trabajos_fin_de_master.pdf\">Regulation of Master&#8217;s Theses, University of Le\u00f3n (spanish)<\/a><\/p>\n<p><a href=\"http:\/\/grupos.unileon.es\/masterbiology\/tfm-ofertados-en-ediciones-anteriores\/\">Listing of projects offered in previous editions of the Master<\/a><\/p>\n<p><span style=\"text-decoration: underline;\">Master&#8217;s Theses project proposals for 2018-19:<\/span><\/p>\n<table style=\"height: 581px; width: 578px;\">\n<tbody>\n<tr style=\"height: 24px;\">\n<td style=\"height: 24px; width: 248px;\"><em>Tutors<\/em><\/td>\n<td style=\"height: 24px; width: 330px;\"><em>TFM projects offered<br \/>\n<\/em><\/td>\n<\/tr>\n<tr style=\"height: 48px;\">\n<td style=\"height: 48px; width: 248px;\"><a href=\"mailto:jose.fernandez.canon@unileon.es\">JOSE MANUEL FERNANDEZ CA\u00d1ON<\/a><\/td>\n<td style=\"width: 330px;\">Biotransformaci\u00f3n de esteroides<\/td>\n<\/tr>\n<tr style=\"height: 48px;\">\n<td style=\"height: 48px; width: 248px;\"><a href=\"mailto:pgarg@unileon.es\">PEDRO GARC\u00cdA GARC\u00cdA<\/a><\/td>\n<td style=\"height: 48px; width: 330px;\">An\u00e1lisis de genes de respuesta a estreses en lenteja<\/td>\n<\/tr>\n<tr style=\"height: 70px;\">\n<td style=\"height: 70px; width: 248px;\"><a href=\"mailto:vega.villar@unileon.es\">MAR\u00cdA VEGA VILLAR SU\u00c1REZ<\/a><\/td>\n<td style=\"height: 70px; width: 330px;\">Papel de los exosomas derivados de c\u00e9lulas troncales mesenquimales en la osteoartritis<\/td>\n<\/tr>\n<tr style=\"height: 48px;\">\n<td style=\"height: 48px; width: 248px;\"><a href=\"mailto:alicia.quiros@unileon.es\">ALICIA QUIR\u00d3S CARRETERO<\/a><\/td>\n<td style=\"height: 48px; width: 330px;\">An\u00e1lisis de datos de cardiolog\u00eda<\/td>\n<\/tr>\n<tr style=\"height: 48px;\">\n<td style=\"height: 48px; width: 248px;\"><a href=\"mailto:penelope.garcia@unileon.es\">PEN\u00c9LOPE GARC\u00cdA ANGULO\/ANTONIO ENCINA GARC\u00cdA<\/a><\/td>\n<td style=\"height: 48px; width: 330px;\">Caracterizaci\u00f3n de paredes celulares de ma\u00edz sometido a estr\u00e9s<\/td>\n<\/tr>\n<tr style=\"height: 48px;\">\n<td style=\"height: 48px; width: 248px;\"><a href=\"mailto:jl.acebes@unileon.es\">JOS\u00c9 LUIS ACEBES ARRANZ<\/a>\u00a0\/\u00a0<a href=\"mailto:a.encina@unileon.es\">ANTONIO ENCINA<\/a><\/td>\n<td style=\"height: 48px; width: 330px;\">Estudio de la incompatibilidad de injertos en plantas<\/td>\n<\/tr>\n<tr style=\"height: 48px;\">\n<td style=\"height: 48px; width: 248px;\">\u00a0<a href=\"mailto:mpvalf@unileon.es\">PILAR DEL VALLE<\/a> \u2013 <a href=\"mailto:javier.rua@unileon.es\">FCO.JAVIER RUA<\/a><\/td>\n<td style=\"height: 48px; width: 330px;\">Efecto antimicrobiano de compuestos fen\u00f3licos y\/o extractos vegetales sobre microorganismos alterantes y\/o pat\u00f3genos de alimentos<\/td>\n<\/tr>\n<tr style=\"height: 48px;\">\n<td style=\"height: 48px; width: 248px;\"><a href=\"http:\/\/grupos.unileon.es\/masterbiologia\/profesorado\/\">CARMEN MAR\u00cdN VIEIRA\/MARGARITA MARQU\u00c9S MART\u00cdNEZ<\/a><\/td>\n<td style=\"height: 48px; width: 330px;\">Desarrollo de modelos celulares para el estudio de la migraci\u00f3n e invasividad de c\u00e9lulas de glioblastoma<\/td>\n<\/tr>\n<tr style=\"height: 48px;\">\n<td style=\"height: 48px; width: 248px;\"><\/td>\n<td style=\"height: 48px; width: 330px;\"><\/td>\n<\/tr>\n<tr style=\"height: 48px;\">\n<td style=\"height: 48px; width: 248px;\"><\/td>\n<td style=\"height: 48px; width: 330px;\"><\/td>\n<\/tr>\n<tr style=\"height: 48px;\">\n<td style=\"height: 48px; width: 248px;\"><\/td>\n<td style=\"height: 48px; width: 330px;\"><\/td>\n<\/tr>\n<tr style=\"height: 48px;\">\n<td style=\"height: 48px; width: 248px;\"><\/td>\n<td style=\"height: 48px; width: 330px;\"><\/td>\n<\/tr>\n<tr style=\"height: 48px;\">\n<td style=\"height: 48px; width: 248px;\"><\/td>\n<td style=\"height: 48px; width: 330px;\"><\/td>\n<\/tr>\n<tr style=\"height: 48px;\">\n<td style=\"height: 48px; width: 248px;\"><\/td>\n<td style=\"height: 48px; width: 330px;\"><\/td>\n<\/tr>\n<tr style=\"height: 48px;\">\n<td style=\"height: 48px; width: 248px;\"><\/td>\n<td style=\"height: 48px; width: 330px;\"><\/td>\n<\/tr>\n<tr style=\"height: 48px;\">\n<td style=\"height: 48px; width: 248px;\"><\/td>\n<td style=\"height: 48px; width: 330px;\"><\/td>\n<\/tr>\n<\/tbody>\n<\/table>\n<div id=\"link64_adl_tabid\" style=\"display: none;\" data-url=\"http:\/\/grupos.unileon.es\/masterbiology\/wp-admin\/post.php?post=24&amp;action=edit\">758<\/div>\n","protected":false},"excerpt":{"rendered":"<p>Master&#8217;s Thesis (TFM) contributes 30 ECTS. Throughout the course each student will carry out a project supervised by a tutor. Each project requires specific courses to ensure the acquisition of the necessary skills to complete it. Students should indicate an order of priority for each of the proposed projects. The project assignment will depend on [&hellip;]<\/p>\n","protected":false},"author":52,"featured_media":0,"parent":0,"menu_order":0,"comment_status":"closed","ping_status":"closed","template":"","meta":{"footnotes":""},"class_list":["post-24","page","type-page","status-publish","hentry"],"_links":{"self":[{"href":"https:\/\/grupos.unileon.es\/masterbiology\/wp-json\/wp\/v2\/pages\/24","targetHints":{"allow":["GET"]}}],"collection":[{"href":"https:\/\/grupos.unileon.es\/masterbiology\/wp-json\/wp\/v2\/pages"}],"about":[{"href":"https:\/\/grupos.unileon.es\/masterbiology\/wp-json\/wp\/v2\/types\/page"}],"author":[{"embeddable":true,"href":"https:\/\/grupos.unileon.es\/masterbiology\/wp-json\/wp\/v2\/users\/52"}],"replies":[{"embeddable":true,"href":"https:\/\/grupos.unileon.es\/masterbiology\/wp-json\/wp\/v2\/comments?post=24"}],"version-history":[{"count":36,"href":"https:\/\/grupos.unileon.es\/masterbiology\/wp-json\/wp\/v2\/pages\/24\/revisions"}],"predecessor-version":[{"id":372,"href":"https:\/\/grupos.unileon.es\/masterbiology\/wp-json\/wp\/v2\/pages\/24\/revisions\/372"}],"wp:attachment":[{"href":"https:\/\/grupos.unileon.es\/masterbiology\/wp-json\/wp\/v2\/media?parent=24"}],"curies":[{"name":"wp","href":"https:\/\/api.w.org\/{rel}","templated":true}]}}