{"id":259,"date":"2017-09-19T11:42:46","date_gmt":"2017-09-19T11:42:46","guid":{"rendered":"http:\/\/grupos.unileon.es\/masterbiology\/?page_id=259"},"modified":"2017-10-11T12:05:52","modified_gmt":"2017-10-11T12:05:52","slug":"plan-de-accion-tutorial","status":"publish","type":"page","link":"https:\/\/grupos.unileon.es\/masterbiology\/plan-de-accion-tutorial\/","title":{"rendered":"Plan de Acci\u00f3n Tutorial"},"content":{"rendered":"<p><span id=\"result_box\" class=\"\" lang=\"en\" tabindex=\"-1\">The Tutorial Action Plan (PAT) is developed in accordance with what is specified in the Verification Report and in the MP2008P_1 process of the Quality Assurance System of the Faculty of Biological and Environmental Sciences.<\/p>\n<p>The tutor of the PAT is in charge of the management of the meetings.<\/p>\n<p><span class=\"\">The tutorial is developed through three group sessions that take place at the beginning of the course, at the end of the first semester, and shortly before the end of the second semester.<\/span><\/span><\/p>\n<p>&nbsp;<\/p>\n<p>Tutor of the PAT of MUIBFB: <a href=\"mailto:maria.cano@unileon.es\">Mar\u00eda Jos\u00e9 Cano R\u00e1bano<\/a><\/p>\n","protected":false},"excerpt":{"rendered":"<p>The Tutorial Action Plan (PAT) is developed in accordance with what is specified in the Verification Report and in the MP2008P_1 process of the Quality Assurance System of the Faculty of Biological and Environmental Sciences. The tutor of the PAT is in charge of the management of the meetings. The tutorial is developed through three [&hellip;]<\/p>\n","protected":false},"author":52,"featured_media":0,"parent":0,"menu_order":0,"comment_status":"closed","ping_status":"closed","template":"","meta":{"footnotes":""},"class_list":["post-259","page","type-page","status-publish","hentry"],"_links":{"self":[{"href":"https:\/\/grupos.unileon.es\/masterbiology\/wp-json\/wp\/v2\/pages\/259","targetHints":{"allow":["GET"]}}],"collection":[{"href":"https:\/\/grupos.unileon.es\/masterbiology\/wp-json\/wp\/v2\/pages"}],"about":[{"href":"https:\/\/grupos.unileon.es\/masterbiology\/wp-json\/wp\/v2\/types\/page"}],"author":[{"embeddable":true,"href":"https:\/\/grupos.unileon.es\/masterbiology\/wp-json\/wp\/v2\/users\/52"}],"replies":[{"embeddable":true,"href":"https:\/\/grupos.unileon.es\/masterbiology\/wp-json\/wp\/v2\/comments?post=259"}],"version-history":[{"count":4,"href":"https:\/\/grupos.unileon.es\/masterbiology\/wp-json\/wp\/v2\/pages\/259\/revisions"}],"predecessor-version":[{"id":314,"href":"https:\/\/grupos.unileon.es\/masterbiology\/wp-json\/wp\/v2\/pages\/259\/revisions\/314"}],"wp:attachment":[{"href":"https:\/\/grupos.unileon.es\/masterbiology\/wp-json\/wp\/v2\/media?parent=259"}],"curies":[{"name":"wp","href":"https:\/\/api.w.org\/{rel}","templated":true}]}}