{"id":16,"date":"2016-01-29T11:51:48","date_gmt":"2016-01-29T11:51:48","guid":{"rendered":"http:\/\/grupos.unileon.es\/masterbiologia\/?page_id=16"},"modified":"2022-05-11T11:01:35","modified_gmt":"2022-05-11T11:01:35","slug":"presentacion","status":"publish","type":"page","link":"https:\/\/grupos.unileon.es\/masterbiotecnologia\/","title":{"rendered":"Presentaci\u00f3n"},"content":{"rendered":"<h2>Investigaci\u00f3n en Biotecnolog\u00eda y Biomedicina<\/h2>\n<table class=\"sinbordes\" style=\"width: 100%;\">\n<tbody>\n<tr style=\"border: none;\">\n<td style=\"width: 33.7931%; vertical-align: middle; border: none;\"><img loading=\"lazy\" decoding=\"async\" class=\"alignnone wp-image-625\" src=\"https:\/\/grupos.unileon.es\/masterbiotecnologia\/files\/2022\/05\/logo-Master-verde.jpg\" alt=\"\" width=\"248\" height=\"218\" \/><\/td>\n<td style=\"width: 64.8276%; border: none; vertical-align: middle; text-align: left;\">El M\u00e1ster en Investigaci\u00f3n en Biotecnolog\u00eda y Biomedicina es una titulaci\u00f3n oficial de la Universidad de Le\u00f3n dirigido a proporcionar formaci\u00f3n especializada y entrenamiento experimental en laboratorios a aquellas personas que quieran realizar investigaci\u00f3n b\u00e1sica y aplicada en \u00e1reas relacionadas con la biolog\u00eda fundamental, biotecnolog\u00eda y biomedicina.<\/td>\n<\/tr>\n<\/tbody>\n<\/table>\n<p><i>\u00a0<\/i><\/p>\n<div id=\"link64_adl_tabid\" style=\"display: none;\" data-url=\"http:\/\/grupos.unileon.es\/masterbiologia\/wp-admin\/post-new.php?post_type=page\">753<\/div>\n","protected":false},"excerpt":{"rendered":"<p>Investigaci\u00f3n en Biotecnolog\u00eda y Biomedicina El M\u00e1ster en Investigaci\u00f3n en Biotecnolog\u00eda y Biomedicina es una titulaci\u00f3n oficial de la Universidad de Le\u00f3n dirigido a proporcionar formaci\u00f3n especializada y entrenamiento experimental en laboratorios a aquellas personas que quieran realizar investigaci\u00f3n b\u00e1sica y aplicada en \u00e1reas relacionadas con la biolog\u00eda fundamental, biotecnolog\u00eda y biomedicina. \u00a0 753<\/p>\n","protected":false},"author":52,"featured_media":0,"parent":0,"menu_order":0,"comment_status":"closed","ping_status":"closed","template":"","meta":{"footnotes":""},"class_list":["post-16","page","type-page","status-publish","hentry"],"_links":{"self":[{"href":"https:\/\/grupos.unileon.es\/masterbiotecnologia\/wp-json\/wp\/v2\/pages\/16","targetHints":{"allow":["GET"]}}],"collection":[{"href":"https:\/\/grupos.unileon.es\/masterbiotecnologia\/wp-json\/wp\/v2\/pages"}],"about":[{"href":"https:\/\/grupos.unileon.es\/masterbiotecnologia\/wp-json\/wp\/v2\/types\/page"}],"author":[{"embeddable":true,"href":"https:\/\/grupos.unileon.es\/masterbiotecnologia\/wp-json\/wp\/v2\/users\/52"}],"replies":[{"embeddable":true,"href":"https:\/\/grupos.unileon.es\/masterbiotecnologia\/wp-json\/wp\/v2\/comments?post=16"}],"version-history":[{"count":4,"href":"https:\/\/grupos.unileon.es\/masterbiotecnologia\/wp-json\/wp\/v2\/pages\/16\/revisions"}],"predecessor-version":[{"id":626,"href":"https:\/\/grupos.unileon.es\/masterbiotecnologia\/wp-json\/wp\/v2\/pages\/16\/revisions\/626"}],"wp:attachment":[{"href":"https:\/\/grupos.unileon.es\/masterbiotecnologia\/wp-json\/wp\/v2\/media?parent=16"}],"curies":[{"name":"wp","href":"https:\/\/api.w.org\/{rel}","templated":true}]}}