{"id":20,"date":"2016-01-29T11:53:44","date_gmt":"2016-01-29T11:53:44","guid":{"rendered":"http:\/\/grupos.unileon.es\/masterbiologia\/?page_id=20"},"modified":"2024-10-02T07:54:37","modified_gmt":"2024-10-02T07:54:37","slug":"oferta-formativa","status":"publish","type":"page","link":"https:\/\/grupos.unileon.es\/masterbiotecnologia\/oferta-formativa\/","title":{"rendered":"Oferta formativa"},"content":{"rendered":"<p>Este M\u00e1ster tiene una duraci\u00f3n de 9 meses (octubre a julio). Los estudiantes deben cursar un m\u00ednimo de 60 ECTS, de los cuales 24 corresponden al Trabajo de Fin de M\u00e1ster y el resto pueden seleccionarse entre las diferentes materias que se ofrecen:<\/p>\n<p>OBLIGATORIAS (27 ECTS)+TFM (24 ECTS)<\/p>\n<p>OPTATIVAS (9 ECTS)<\/p>\n<table style=\"width: 100%; height: 1008px;\" width=\"580\">\n<tbody>\n<tr style=\"height: 24px;\">\n<td style=\"width: 43.2143%; text-align: center; height: 24px;\" width=\"255\"><strong>ASIGNATURA<\/strong><\/td>\n<td style=\"width: 25.9524%; text-align: center; height: 24px;\" width=\"153\"><strong>Periodo<\/strong><\/td>\n<td style=\"width: 7.14286%; text-align: center; height: 24px;\" width=\"42\"><strong>Tipo<\/strong><\/td>\n<td style=\"width: 22.2619%; text-align: center; height: 24px;\" width=\"131\"><strong>Cr\u00e9d<\/strong><strong>.\/ECTS<\/strong><\/td>\n<\/tr>\n<tr style=\"height: 24px;\">\n<td style=\"width: 43.2143%; text-align: center; height: 24px;\" width=\"255\"><a href=\"https:\/\/www.unileon.es\/estudiantes\/oferta-academica\/masteres\/mu-investigacion-biotecnologia-biomedicina\/plan-estudios?id=1745001\"><strong>AN\u00c1LISIS DE DATOS<\/strong><\/a><\/td>\n<td style=\"width: 25.9524%; text-align: center; height: 24px;\" width=\"153\"><strong>S2<\/strong><\/td>\n<td style=\"width: 7.14286%; text-align: center; height: 24px;\" width=\"42\"><strong>OB<\/strong><\/td>\n<td style=\"width: 22.2619%; text-align: center; height: 24px;\" width=\"131\"><strong>3<\/strong><\/td>\n<\/tr>\n<tr style=\"height: 96px;\">\n<td style=\"width: 43.2143%; text-align: center; height: 96px;\" width=\"255\"><a href=\"https:\/\/www.unileon.es\/estudiantes\/oferta-academica\/masteres\/mu-investigacion-biotecnologia-biomedicina\/plan-estudios?id=1745002\"><strong>T\u00c9CNICAS AVANZADAS DE AN\u00c1LISIS Y MANIPULACI\u00d3N DE<\/strong><strong> \u00c1CIDOS NUCLEICOS<\/strong><\/a><\/td>\n<td style=\"width: 25.9524%; text-align: center; height: 96px;\" width=\"153\"><strong>S1<\/strong><\/td>\n<td style=\"width: 7.14286%; text-align: center; height: 96px;\" width=\"42\"><strong>OB<\/strong><\/td>\n<td style=\"width: 22.2619%; text-align: center; height: 96px;\" width=\"131\"><strong>4,5<\/strong><\/td>\n<\/tr>\n<tr style=\"height: 48px;\">\n<td style=\"width: 43.2143%; text-align: center; height: 48px;\" width=\"255\"><a href=\"https:\/\/www.unileon.es\/estudiantes\/oferta-academica\/masteres\/mu-investigacion-biotecnologia-biomedicina\/plan-estudios?id=1745003\"><strong>M\u00c9TODOS DE ESTUDIO DE PROTE\u00cdNAS<\/strong><\/a><\/td>\n<td style=\"width: 25.9524%; text-align: center; height: 48px;\" width=\"153\"><strong>S1<\/strong><\/td>\n<td style=\"width: 7.14286%; text-align: center; height: 48px;\" width=\"42\"><strong>OB<\/strong><\/td>\n<td style=\"width: 22.2619%; text-align: center; height: 48px;\" width=\"131\"><strong>4,5<\/strong><\/td>\n<\/tr>\n<tr style=\"height: 72px;\">\n<td style=\"width: 43.2143%; text-align: center; height: 72px;\" width=\"255\"><a href=\"https:\/\/www.unileon.es\/estudiantes\/oferta-academica\/masteres\/mu-investigacion-biotecnologia-biomedicina\/plan-estudios?id=1745004\"><strong>ENSAYOS DE MICROBIOLOG\u00cdA M\u00c9DICA<\/strong><\/a><\/td>\n<td style=\"width: 25.9524%; text-align: center; height: 72px;\" width=\"153\"><strong>S1<\/strong><\/td>\n<td style=\"width: 7.14286%; text-align: center; height: 72px;\" width=\"42\"><strong>OB<\/strong><\/td>\n<td style=\"width: 22.2619%; text-align: center; height: 72px;\" width=\"131\"><strong>3<\/strong><\/td>\n<\/tr>\n<tr style=\"height: 24px;\">\n<td style=\"width: 43.2143%; text-align: center; height: 24px;\" width=\"255\"><a href=\"https:\/\/www.unileon.es\/estudiantes\/oferta-academica\/masteres\/mu-investigacion-biotecnologia-biomedicina\/plan-estudios?id=1745005\"><strong>GEN\u00d3MICA <\/strong><\/a><\/td>\n<td style=\"width: 25.9524%; text-align: center; height: 24px;\" width=\"153\"><strong>S2<\/strong><\/td>\n<td style=\"width: 7.14286%; text-align: center; height: 24px;\" width=\"42\"><strong>OB<\/strong><\/td>\n<td style=\"width: 22.2619%; text-align: center; height: 24px;\" width=\"131\"><strong>3<\/strong><\/td>\n<\/tr>\n<tr style=\"height: 96px;\">\n<td style=\"width: 43.2143%; text-align: center; height: 96px;\" width=\"255\"><a href=\"https:\/\/www.unileon.es\/estudiantes\/oferta-academica\/masteres\/mu-investigacion-biotecnologia-biomedicina\/plan-estudios?id=1745006\"><strong>T\u00c9CNICAS<\/strong><strong> ANAL\u00cdTICAS DE METABOLITOS Y COMPUESTOS FARMACE\u00daTICOS<\/strong><\/a><\/td>\n<td style=\"width: 25.9524%; text-align: center; height: 96px;\" width=\"153\"><strong>S1<\/strong><\/td>\n<td style=\"width: 7.14286%; text-align: center; height: 96px;\" width=\"42\"><strong>OB<\/strong><\/td>\n<td style=\"width: 22.2619%; text-align: center; height: 96px;\" width=\"131\"><strong>3<\/strong><\/td>\n<\/tr>\n<tr style=\"height: 48px;\">\n<td style=\"width: 43.2143%; text-align: center; height: 48px;\" width=\"255\"><a href=\"https:\/\/www.unileon.es\/estudiantes\/oferta-academica\/masteres\/mu-investigacion-biotecnologia-biomedicina\/plan-estudios?id=1745007\"><strong>CULTIVO DE C\u00c9LULAS ANIMALES<\/strong><\/a><\/td>\n<td style=\"width: 25.9524%; text-align: center; height: 48px;\" width=\"153\"><strong>S2<\/strong><\/td>\n<td style=\"width: 7.14286%; text-align: center; height: 48px;\" width=\"42\"><strong>OB<\/strong><\/td>\n<td style=\"width: 22.2619%; text-align: center; height: 48px;\" width=\"131\"><strong>3<\/strong><\/td>\n<\/tr>\n<tr style=\"height: 48px;\">\n<td style=\"width: 43.2143%; text-align: center; height: 48px;\" width=\"255\"><a href=\"https:\/\/www.unileon.es\/estudiantes\/oferta-academica\/masteres\/mu-investigacion-biotecnologia-biomedicina\/plan-estudios?id=1745008\"><strong>ENSAYOS DE \u00d3RGANO AISLADO <\/strong><\/a><\/td>\n<td style=\"width: 25.9524%; text-align: center; height: 48px;\" width=\"153\"><strong>S2<\/strong><\/td>\n<td style=\"width: 7.14286%; text-align: center; height: 48px;\" width=\"42\"><strong>OB<\/strong><\/td>\n<td style=\"width: 22.2619%; text-align: center; height: 48px;\" width=\"131\"><strong>3<\/strong><\/td>\n<\/tr>\n<tr style=\"height: 96px;\">\n<td style=\"width: 43.2143%; text-align: center; height: 96px;\" width=\"255\"><a href=\"https:\/\/www.unileon.es\/estudiantes\/oferta-academica\/masteres\/mu-investigacion-biotecnologia-biomedicina\/plan-estudios?id=1745009\"><strong>ACREDITACI\u00d3N<\/strong> <strong>PARA EL MANEJO DE ANIMALES DE EXPERIMENTACI\u00d3N<\/strong><\/a><\/td>\n<td style=\"width: 25.9524%; text-align: center; height: 96px;\" width=\"153\"><strong>S2<\/strong><\/td>\n<td style=\"width: 7.14286%; text-align: center; height: 96px;\" width=\"42\"><strong>OP<\/strong><\/td>\n<td style=\"width: 22.2619%; text-align: center; height: 96px;\" width=\"131\"><strong>6<\/strong><\/td>\n<\/tr>\n<tr style=\"height: 72px;\">\n<td style=\"width: 43.2143%; text-align: center; height: 72px;\" width=\"255\"><a href=\"https:\/\/www.unileon.es\/estudiantes\/oferta-academica\/masteres\/mu-investigacion-biotecnologia-biomedicina\/plan-estudios?id=1745010\"><strong>APLICACIONES DE CULTIVOS CELULARES ANIMALES <\/strong><\/a><\/td>\n<td style=\"width: 25.9524%; text-align: center; height: 72px;\" width=\"153\"><strong>S2<\/strong><\/td>\n<td style=\"width: 7.14286%; text-align: center; height: 72px;\" width=\"42\"><strong>OP<\/strong><\/td>\n<td style=\"width: 22.2619%; text-align: center; height: 72px;\" width=\"131\"><strong>3<\/strong><\/td>\n<\/tr>\n<tr style=\"height: 72px;\">\n<td style=\"width: 43.2143%; text-align: center; height: 72px;\" width=\"255\"><a href=\"https:\/\/www.unileon.es\/estudiantes\/oferta-academica\/masteres\/mu-investigacion-biotecnologia-biomedicina\/plan-estudios?id=1745011\"><strong>APLICACIONES BIOTECNOL\u00d3GICAS DE CULTIVOS VEGETALES<\/strong><\/a><\/td>\n<td style=\"width: 25.9524%; text-align: center; height: 72px;\" width=\"153\"><strong>S2<\/strong><\/td>\n<td style=\"width: 7.14286%; text-align: center; height: 72px;\" width=\"42\"><strong>OP<\/strong><\/td>\n<td style=\"width: 22.2619%; text-align: center; height: 72px;\" width=\"131\"><strong>3<\/strong><\/td>\n<\/tr>\n<tr style=\"height: 72px;\">\n<td style=\"width: 43.2143%; text-align: center; height: 72px;\" width=\"255\"><a href=\"https:\/\/www.unileon.es\/estudiantes\/oferta-academica\/masteres\/mu-investigacion-biotecnologia-biomedicina\/plan-estudios?id=1745012\"><strong>TRANSCRIPT\u00d3MICA Y <\/strong><strong>AN\u00c1LISIS FUNCIONALES<\/strong><\/a><\/td>\n<td style=\"width: 25.9524%; text-align: center; height: 72px;\" width=\"153\"><strong>S2<\/strong><\/td>\n<td style=\"width: 7.14286%; text-align: center; height: 72px;\" width=\"42\"><strong>OP<\/strong><\/td>\n<td style=\"width: 22.2619%; text-align: center; height: 72px;\" width=\"131\"><strong>3<\/strong><\/td>\n<\/tr>\n<tr style=\"height: 96px;\">\n<td style=\"width: 43.2143%; text-align: center; height: 96px;\" width=\"255\"><a href=\"https:\/\/www.unileon.es\/estudiantes\/oferta-academica\/masteres\/mu-investigacion-biotecnologia-biomedicina\/plan-estudios?id=1745013\"><strong>ESTRATEGIAS DE DEFENSA DE LOS ORGANISMOS FRENTE A PAT\u00d3GENOS<\/strong><\/a><\/td>\n<td style=\"width: 25.9524%; text-align: center; height: 96px;\" width=\"153\"><strong>S2<\/strong><\/td>\n<td style=\"width: 7.14286%; text-align: center; height: 96px;\" width=\"42\"><strong>OP<\/strong><\/td>\n<td style=\"width: 22.2619%; text-align: center; height: 96px;\" width=\"131\"><strong>3<\/strong><\/td>\n<\/tr>\n<tr style=\"height: 48px;\">\n<td style=\"width: 43.2143%; text-align: center; height: 48px;\" width=\"255\"><a href=\"https:\/\/www.unileon.es\/estudiantes\/oferta-academica\/masteres\/mu-investigacion-biotecnologia-biomedicina\/plan-estudios?id=1745014\"><strong>TEMAS AVANZADOS DE AN\u00c1LISIS DE DATOS <\/strong><\/a><\/td>\n<td style=\"width: 25.9524%; text-align: center; height: 48px;\" width=\"153\"><strong>S2<\/strong><\/td>\n<td style=\"width: 7.14286%; text-align: center; height: 48px;\" width=\"42\"><strong>OP<\/strong><\/td>\n<td style=\"width: 22.2619%; text-align: center; height: 48px;\" width=\"131\"><strong>3<\/strong><\/td>\n<\/tr>\n<tr style=\"height: 48px;\">\n<td style=\"width: 43.2143%; text-align: center; height: 48px;\" width=\"255\"><strong><a href=\"https:\/\/www.unileon.es\/estudiantes\/oferta-academica\/masteres\/mu-investigacion-biotecnologia-biomedicina\/plan-estudios?id=1745777&amp;curso=2024\">TRABAJO FIN DE M\u00c1STER<\/a><\/strong><\/td>\n<td style=\"width: 25.9524%; text-align: center; height: 48px;\" width=\"153\"><strong>ANUAL<\/strong><\/td>\n<td style=\"width: 7.14286%; text-align: center; height: 48px;\" width=\"42\"><strong>OB<\/strong><\/td>\n<td style=\"width: 22.2619%; text-align: center; height: 48px;\" width=\"131\"><strong>24<\/strong><\/td>\n<\/tr>\n<tr style=\"height: 24px;\">\n<td style=\"width: 43.2143%; text-align: center; height: 24px;\" width=\"255\"><strong>CR\u00c9DITOS TOTALES<\/strong><\/td>\n<td style=\"width: 25.9524%; text-align: center; height: 24px;\" width=\"153\"><strong>\u00a0<\/strong><\/td>\n<td style=\"width: 7.14286%; text-align: center; height: 24px;\" width=\"42\"><strong>\u00a0<\/strong><\/td>\n<td style=\"width: 22.2619%; text-align: center; height: 24px;\" width=\"131\"><strong>60<\/strong><\/td>\n<\/tr>\n<\/tbody>\n<\/table>\n<p>Cada estudiante tendr\u00e1 un supervisor\/director de proyecto que actuar\u00e1 tambi\u00e9n de tutor a lo largo del curso.<\/p>\n<p>La docencia ser\u00e1 presencial y estar\u00e1 soportada en gran parte en la <a href=\"https:\/\/agora.unileon.es\" target=\"_blank\" rel=\"noopener noreferrer\">plataforma Moodle institucional<\/a> donde se proporcionar\u00e1 informaci\u00f3n complementaria.<\/p>\n<p>Antes de formalizar la matr\u00edcula es recomendable que los futuros alumnos contacten con los profesores del M\u00e1ster para elegir su Trabajo de Fin de M\u00e1ster.<\/p>\n<p>El Trabajo de Fin de M\u00e1ster se desarrollar\u00e1 durante todas las ma\u00f1anas (octubre a junio) en el laboratorio del supervisor del proyecto de investigaci\u00f3n.<\/p>\n<div id=\"link64_adl_tabid\" style=\"display: none;\" data-url=\"http:\/\/grupos.unileon.es\/masterbiologia\/wp-admin\/post.php?post=20&amp;action=edit\">756<\/div>\n","protected":false},"excerpt":{"rendered":"<p>Este M\u00e1ster tiene una duraci\u00f3n de 9 meses (octubre a julio). Los estudiantes deben cursar un m\u00ednimo de 60 ECTS, de los cuales 24 corresponden al Trabajo de Fin de M\u00e1ster y el resto pueden seleccionarse entre las diferentes materias que se ofrecen: OBLIGATORIAS (27 ECTS)+TFM (24 ECTS) OPTATIVAS (9 ECTS) ASIGNATURA Periodo Tipo Cr\u00e9d.\/ECTS [&hellip;]<\/p>\n","protected":false},"author":52,"featured_media":0,"parent":0,"menu_order":0,"comment_status":"closed","ping_status":"closed","template":"","meta":{"footnotes":""},"class_list":["post-20","page","type-page","status-publish","hentry"],"_links":{"self":[{"href":"https:\/\/grupos.unileon.es\/masterbiotecnologia\/wp-json\/wp\/v2\/pages\/20","targetHints":{"allow":["GET"]}}],"collection":[{"href":"https:\/\/grupos.unileon.es\/masterbiotecnologia\/wp-json\/wp\/v2\/pages"}],"about":[{"href":"https:\/\/grupos.unileon.es\/masterbiotecnologia\/wp-json\/wp\/v2\/types\/page"}],"author":[{"embeddable":true,"href":"https:\/\/grupos.unileon.es\/masterbiotecnologia\/wp-json\/wp\/v2\/users\/52"}],"replies":[{"embeddable":true,"href":"https:\/\/grupos.unileon.es\/masterbiotecnologia\/wp-json\/wp\/v2\/comments?post=20"}],"version-history":[{"count":29,"href":"https:\/\/grupos.unileon.es\/masterbiotecnologia\/wp-json\/wp\/v2\/pages\/20\/revisions"}],"predecessor-version":[{"id":634,"href":"https:\/\/grupos.unileon.es\/masterbiotecnologia\/wp-json\/wp\/v2\/pages\/20\/revisions\/634"}],"wp:attachment":[{"href":"https:\/\/grupos.unileon.es\/masterbiotecnologia\/wp-json\/wp\/v2\/media?parent=20"}],"curies":[{"name":"wp","href":"https:\/\/api.w.org\/{rel}","templated":true}]}}