{"id":24,"date":"2016-01-29T11:54:22","date_gmt":"2016-01-29T11:54:22","guid":{"rendered":"http:\/\/grupos.unileon.es\/masterbiologia\/?page_id=24"},"modified":"2025-12-16T09:59:36","modified_gmt":"2025-12-16T09:59:36","slug":"tfm","status":"publish","type":"page","link":"https:\/\/grupos.unileon.es\/masterbiotecnologia\/tfm\/","title":{"rendered":"TFM"},"content":{"rendered":"<p>El Trabajo de Fin de M\u00e1ster constituye 24 ECTS. A lo largo del curso cada estudiante realizar\u00e1 un proyecto supervisado por un tutor. Cada proyecto requiere cursos espec\u00edficos para garantizar la adquisici\u00f3n de competencias necesarias para llevarlo a cabo. Los estudiantes deber\u00e1n indicar un orden de prioridad para cada uno de los proyectos propuestos. La asignaci\u00f3n de proyecto depender\u00e1 del expediente acad\u00e9mico y la experiencia previa del estudiante.<\/p>\n<p>Los estudiantes presentar\u00e1n una memoria final en ingl\u00e9s incluyendo resumen (en espa\u00f1ol y en ingl\u00e9s), introducci\u00f3n, m\u00e9todos, resultados, discusi\u00f3n, conclusiones y bibliograf\u00eda.<\/p>\n<p>Los estudiantes realizar\u00e1n una presentaci\u00f3n oral en ingl\u00e9s de su proyecto durante 10 minutos y, a continuaci\u00f3n, tendr\u00e1n 10 minutos para contestar a las preguntas de la comisi\u00f3n evaluadora.<\/p>\n<p>Una comisi\u00f3n de profesores (locales e invitados de otras universidades extranjeras) evaluar\u00e1 la presentaci\u00f3n oral y el informe final.<\/p>\n<p>La normativa general de la Universidad de Le\u00f3n relativa al TFM se puede consultar en el siguiente <a href=\"https:\/\/www.unileon.es\/estudiantes\/futuros-estudiantes\/normativa-calendario\/normativa-ule-master\">enlace<\/a>.<\/p>\n<p><a href=\"https:\/\/grupos.unileon.es\/masterbiotecnologia\/files\/2023\/09\/NORMAS-TFM-1.pdf\">Normas TFM del M\u00e1ster Universitario en Investigaci\u00f3n en Biotecnolog\u00eda y Biomedicina<\/a><\/p>\n<p><a href=\"https:\/\/grupos.unileon.es\/masterbiotecnologia\/files\/2022\/05\/DeclaracionCoAutoria.docx\">DECLARACI\u00d3N DE CO-AUTOR\u00cdA DEL TFM<\/a><\/p>\n<p><a href=\"https:\/\/grupos.unileon.es\/masterbiotecnologia\/files\/2020\/07\/Informe-razonado-sobre-TFM-Rellenar-tutor-1.doc\">Autorizaci\u00f3n e Informe razonado sobre TFM a rellenar por el tutor<\/a><\/p>\n<p><a href=\"https:\/\/grupos.unileon.es\/masterbiotecnologia\/files\/2022\/05\/evaluacionTFMcriterios.pdf\">Criterios para la evaluaci\u00f3n de los TFM<\/a><\/p>\n<p><a href=\"https:\/\/grupos.unileon.es\/masterbiotecnologia\/files\/2023\/09\/PLANTILLA-TFM.docx\">PLANTILLA TFM<\/a><\/p>\n<p>&#8212;&#8212;&#8212;&#8212;&#8212;&#8212;&#8212;&#8212;&#8212;&#8212;-<\/p>\n<p><span style=\"text-decoration: underline;\">Propuestas de TFM para el curso 2025\/26:<\/span><\/p>\n<table style=\"width: 692px;\" width=\"700\">\n<tbody>\n<tr>\n<td style=\"width: 193px;\" width=\"429\">TUTOR\/ES<\/td>\n<td style=\"width: 499px;\" width=\"1241\">T\u00cdTULO TFM<\/td>\n<\/tr>\n<tr>\n<td style=\"width: 193px;\" width=\"169\">Alicia Quir\u00f3s Carretero\/ Ana Montero<\/td>\n<td style=\"width: 499px;\" width=\"418\">An\u00e1lisis de datos biom\u00e9dicos desde una perspectiva bayesiana<\/td>\n<\/tr>\n<tr>\n<td style=\"width: 193px;\" width=\"169\">Antonio Encina Garc\u00eda\/ Diego Rebaque Mor\u00e1n<\/td>\n<td style=\"width: 499px;\" width=\"418\">\u00a0Plant phenolics derived from lignocellulosic material as elicitors of immune response in plants<\/td>\n<\/tr>\n<tr>\n<td style=\"width: 193px;\">Beatriz Mart\u00edn Fern\u00e1ndez<\/td>\n<td style=\"width: 499px;\" width=\"418\">Study of the effects of proanthocyanidins on cellular and molecular changes in an\u00a0in vitro\u00a0model of cardiac hypertrophy<\/td>\n<\/tr>\n<tr>\n<td style=\"width: 193px;\" width=\"169\">Beatriz Mart\u00edn Fern\u00e1ndez\/ Felipe Mart\u00ednez Pastor<\/td>\n<td style=\"width: 499px;\">Efectos de extractos naturales de plantas en la fisiolog\u00eda esperm\u00e1tica<\/td>\n<\/tr>\n<tr>\n<td style=\"width: 193px;\" width=\"169\">Jos\u00e9 M. Fernandez Ca\u00f1\u00f3n\/ Alejandro Chamizo Ampudia<\/td>\n<td style=\"width: 499px;\" width=\"418\">Evaluaci\u00f3n del potencial de Epicoccum nigrum en la degradaci\u00f3n enzim\u00e1tica de PET y la bios\u00edntesis de pigmentos<\/td>\n<\/tr>\n<tr>\n<td style=\"width: 193px;\" width=\"169\">Hugo M\u00e9lida Martinez\/ Jos\u00e9 Luis Acebes Arranz<\/td>\n<td style=\"width: 499px;\" width=\"418\">Estudio de la activaci\u00f3n de mecanismos defensivos inducidos tras el microinjerto en tomate<\/td>\n<\/tr>\n<tr>\n<td style=\"width: 193px;\" width=\"169\">Mar\u00eda Luz Centeno Mart\u00edn\/ Carlota Cerezo Ant\u00f3n<\/td>\n<td style=\"width: 499px;\" width=\"418\">Potencial de extractos de residuos de infusiones de t\u00e9 verde para proteger a la alubia de la enfermedad de la grasa. Relaci\u00f3n con el contenido en catequinas de los extractos y su capacidad para inhibir pectin-metil esterasas<\/td>\n<\/tr>\n<tr>\n<td style=\"width: 193px;\">Marta Fern\u00e1ndez Riesco<\/td>\n<td style=\"width: 499px;\" width=\"418\">Modificaciones epigen\u00e9ticas asociadas al cambio clim\u00e1tico en peces<\/td>\n<\/tr>\n<tr>\n<td style=\"width: 193px;\">Marta Fern\u00e1ndez Riesco<\/td>\n<td style=\"width: 499px;\">Estrategias de mitigaci\u00f3n frente al cambio clim\u00e1tico en acuicultura<\/td>\n<\/tr>\n<tr>\n<td style=\"width: 193px;\" width=\"169\">Pen\u00e9lope Garc\u00eda Angulo\/ Asier Largo Gosens<\/td>\n<td style=\"width: 499px;\" width=\"418\">Capacidad moduladora de la respuesta de defensa en planta de derivados sint\u00e9ticos de amino\u00e1cidos<\/td>\n<\/tr>\n<tr>\n<td style=\"width: 193px;\" width=\"169\">Sonia Mart\u00ednez Mart\u00ednez\/ Oscar Menc\u00eda Ares<\/td>\n<td style=\"width: 499px;\" width=\"418\">Comparative analysis of virulence- and immune- related gene expression in different\u00a0Streptococcus suis\u00a0serotypes in a murine infection model<\/td>\n<\/tr>\n<tr>\n<td style=\"width: 193px;\" width=\"169\">Sonia Mart\u00ednez Mart\u00ednez\/ Oscar Menc\u00eda Ares<\/td>\n<td style=\"width: 499px;\" width=\"418\">Assessment of the antimicrobial potential of plants extracts targeting porcine respiratory pathogens<\/td>\n<\/tr>\n<tr>\n<td style=\"width: 193px;\" width=\"169\">Vanesa Robles Rodr\u00edguez\/ David Garc\u00eda Valcarce<\/td>\n<td style=\"width: 499px;\">Efecto de los probi\u00f3ticos en la modulaci\u00f3n del estr\u00e9s en peces<\/td>\n<\/tr>\n<tr>\n<td style=\"width: 193px;\" width=\"169\">Vega Villar Su\u00e1rez\/ Alejandro Casado Santos<\/td>\n<td style=\"width: 499px;\" width=\"418\">Development of mammosphere systems and derived exosomes for evaluation of ABCG2 functionality<\/td>\n<\/tr>\n<\/tbody>\n<\/table>\n<div data-url=\"http:\/\/grupos.unileon.es\/masterbiologia\/wp-admin\/post.php?post=24&amp;action=edit\">\u00a0<\/div>\n<div data-url=\"http:\/\/grupos.unileon.es\/masterbiologia\/wp-admin\/post.php?post=24&amp;action=edit\"><a href=\"https:\/\/grupos.unileon.es\/masterbiotecnologia\/files\/2025\/12\/asignacion-tutores-25_26.pdf\">Asignaci\u00f3n de tutores para el curso 2025\/2026<\/a><\/div>\n<div id=\"link64_adl_tabid\" style=\"display: none;\" data-url=\"http:\/\/grupos.unileon.es\/masterbiologia\/wp-admin\/post.php?post=24&amp;action=edit\">758<\/div>\n<p><\/p>\n","protected":false},"excerpt":{"rendered":"<p>El Trabajo de Fin de M\u00e1ster constituye 24 ECTS. A lo largo del curso cada estudiante realizar\u00e1 un proyecto supervisado por un tutor. Cada proyecto requiere cursos espec\u00edficos para garantizar la adquisici\u00f3n de competencias necesarias para llevarlo a cabo. Los estudiantes deber\u00e1n indicar un orden de prioridad para cada uno de los proyectos propuestos. La [&hellip;]<\/p>\n","protected":false},"author":79,"featured_media":0,"parent":0,"menu_order":0,"comment_status":"closed","ping_status":"closed","template":"","meta":{"footnotes":""},"class_list":["post-24","page","type-page","status-publish","hentry"],"_links":{"self":[{"href":"https:\/\/grupos.unileon.es\/masterbiotecnologia\/wp-json\/wp\/v2\/pages\/24","targetHints":{"allow":["GET"]}}],"collection":[{"href":"https:\/\/grupos.unileon.es\/masterbiotecnologia\/wp-json\/wp\/v2\/pages"}],"about":[{"href":"https:\/\/grupos.unileon.es\/masterbiotecnologia\/wp-json\/wp\/v2\/types\/page"}],"author":[{"embeddable":true,"href":"https:\/\/grupos.unileon.es\/masterbiotecnologia\/wp-json\/wp\/v2\/users\/79"}],"replies":[{"embeddable":true,"href":"https:\/\/grupos.unileon.es\/masterbiotecnologia\/wp-json\/wp\/v2\/comments?post=24"}],"version-history":[{"count":141,"href":"https:\/\/grupos.unileon.es\/masterbiotecnologia\/wp-json\/wp\/v2\/pages\/24\/revisions"}],"predecessor-version":[{"id":782,"href":"https:\/\/grupos.unileon.es\/masterbiotecnologia\/wp-json\/wp\/v2\/pages\/24\/revisions\/782"}],"wp:attachment":[{"href":"https:\/\/grupos.unileon.es\/masterbiotecnologia\/wp-json\/wp\/v2\/media?parent=24"}],"curies":[{"name":"wp","href":"https:\/\/api.w.org\/{rel}","templated":true}]}}