{"id":30,"date":"2016-01-29T11:56:35","date_gmt":"2016-01-29T11:56:35","guid":{"rendered":"http:\/\/grupos.unileon.es\/masterbiologia\/?page_id=30"},"modified":"2025-10-08T07:41:22","modified_gmt":"2025-10-08T07:41:22","slug":"horarios","status":"publish","type":"page","link":"https:\/\/grupos.unileon.es\/masterbiotecnologia\/horarios\/","title":{"rendered":"Horarios"},"content":{"rendered":"<h3>Horario Curso <span style=\"font-size: 16px;\">2025-2026<\/span><\/h3>\n<p>El Trabajo Fin de M\u00e1ster se desarrollar\u00e1 durante todas las ma\u00f1anas (octubre a junio) en el laboratorio del supervisor del proyecto de investigaci\u00f3n.<\/p>\n<div id=\"link64_adl_tabid\" style=\"display: none;\" data-url=\"http:\/\/grupos.unileon.es\/masterbiologia\/wp-admin\/post.php?post=30&amp;action=edit\">761<\/div>\n<p><iframe loading=\"lazy\" style=\"border: solid 1px #777;\" src=\"https:\/\/calendar.google.com\/calendar\/embed?height=600&amp;wkst=2&amp;bgcolor=%23ffffff&amp;ctz=Europe%2FMadrid&amp;title=M%C3%A1ster%20Universitario%20en%20Investigaci%C3%B3n%20en%20Biotecnolog%C3%ADa%20y%20Biomedicina&amp;mode=WEEK&amp;src=MDk3YjZlMjE0NWMwNmFmZGZkMmIxZjNkMmQyNjI5YjM0ZGYzZDUzYWY5OGM4YTQwYWY5Njg2NGMwMjU5NzRhN0Bncm91cC5jYWxlbmRhci5nb29nbGUuY29t&amp;src=aDk5NmdlOGFqdm9rdWZ1aTlmMmg3aGo3aTRAZ3JvdXAuY2FsZW5kYXIuZ29vZ2xlLmNvbQ&amp;src=NjhwNDZ0aGZuZ20xNGNnM2Exb3BzOTY4N2tAZ3JvdXAuY2FsZW5kYXIuZ29vZ2xlLmNvbQ&amp;src=YzdzMTlrZHNmamNzdmlyN3JjMDNqajIxdmtAZ3JvdXAuY2FsZW5kYXIuZ29vZ2xlLmNvbQ&amp;src=NmYzaGZyZGY2NnFxa2Y1b2Z2YWJ0Z3VkcGtAZ3JvdXAuY2FsZW5kYXIuZ29vZ2xlLmNvbQ&amp;src=NXEzdDVubmNoZzJxbHRoM2RmYjdlZWtwdjRAZ3JvdXAuY2FsZW5kYXIuZ29vZ2xlLmNvbQ&amp;src=MzZsMDVyNTRvZGQ1Zm52NHE2ZGw0aXIxZGNAZ3JvdXAuY2FsZW5kYXIuZ29vZ2xlLmNvbQ&amp;src=OWJ2aHZxdGFiNjBrdXNtbDNmcHRjcHNxMmdAZ3JvdXAuY2FsZW5kYXIuZ29vZ2xlLmNvbQ&amp;src=bmZ1bzU1MnQ3Mm9nZGs1NHE5YnRiZXV2YWdAZ3JvdXAuY2FsZW5kYXIuZ29vZ2xlLmNvbQ&amp;src=OXEzOGlzN3FkZHNycGlma3ZuYTZtMXVhb2dAZ3JvdXAuY2FsZW5kYXIuZ29vZ2xlLmNvbQ&amp;src=cm1lMWRsYmJ2YTM5ODZxajFjZmNpb3AxcGNAZ3JvdXAuY2FsZW5kYXIuZ29vZ2xlLmNvbQ&amp;src=aTRsMzRwZXBjNW04NmlidGE5MGtpZHNpNWNAZ3JvdXAuY2FsZW5kYXIuZ29vZ2xlLmNvbQ&amp;src=amNyczJzM3U0NnBjb2hydnUydGU1bGZoOWdAZ3JvdXAuY2FsZW5kYXIuZ29vZ2xlLmNvbQ&amp;src=MWl0ZzhwZjFsY3BnMDFsNjJyMTFpMHBxbjRAZ3JvdXAuY2FsZW5kYXIuZ29vZ2xlLmNvbQ&amp;src=NmVhNzYwbG9vY3RrdWU3NWFhbW50ZG9udWdAZ3JvdXAuY2FsZW5kYXIuZ29vZ2xlLmNvbQ&amp;src=Zjc4cGxmajE0OGMzdTZlOGk4a3FtdDc3cnNAZ3JvdXAuY2FsZW5kYXIuZ29vZ2xlLmNvbQ&amp;src=ZXMuc3BhaW4jaG9saWRheUBncm91cC52LmNhbGVuZGFyLmdvb2dsZS5jb20&amp;src=Y2FsZW5kYXJpby5sZWN0aXZvLnVsZUBnbWFpbC5jb20&amp;color=%23B39DDB&amp;color=%23795548&amp;color=%23C0CA33&amp;color=%239E69AF&amp;color=%234285F4&amp;color=%23D81B60&amp;color=%23F6BF26&amp;color=%23AD1457&amp;color=%23F4511E&amp;color=%23009688&amp;color=%238E24AA&amp;color=%23616161&amp;color=%23A79B8E&amp;color=%233F51B5&amp;color=%23795548&amp;color=%23009688&amp;color=%230B8043&amp;color=%23D50000\" width=\"600\" height=\"500\" frameborder=\"0\" scrolling=\"no\"><span data-mce-type=\"bookmark\" style=\"display: inline-block; width: 0px; overflow: hidden; line-height: 0;\" class=\"mce_SELRES_start\">\ufeff<\/span><span data-mce-type=\"bookmark\" style=\"display: inline-block; width: 0px; overflow: hidden; line-height: 0;\" class=\"mce_SELRES_start\">\ufeff<\/span><\/iframe><\/p>\n<p><strong>ANA:<\/strong> T\u00e9cnicas avanzadas de an\u00e1lisis y manipulaci\u00f3n de \u00e1cidos nucleicos<\/p>\n<p><strong>PROT:<\/strong> M\u00e9todos de estudio de prote\u00ednas<\/p>\n<p><strong>MM:<\/strong> Ensayos de microbiolog\u00eda m\u00e9dica<\/p>\n<p><strong>MCF:<\/strong> T\u00e9cnicas anal\u00edticas de metabolitos y compuestos farmac\u00e9uticos<\/p>\n<p><strong>G:<\/strong> Gen\u00f3mica<\/p>\n<p><strong>OA:<\/strong> Ensayos de \u00f3rgano aislado<\/p>\n<p><strong>CA:<\/strong> Cultivo de c\u00e9lulas animales<\/p>\n<p><strong>AD:<\/strong> An\u00e1lisis de datos<\/p>\n<p><strong>ACA:<\/strong> Aplicaciones de cultivos celulares animales<\/p>\n<p><strong>EDP:<\/strong> Estrategias de defensa de los organismos frente a pat\u00f3genos<\/p>\n<p><strong>ADA:<\/strong> Temas avanzados de an\u00e1lisis de datos<\/p>\n<p><strong>TAF:<\/strong> Transcript\u00f3mica y an\u00e1lisis funcionales<\/p>\n<p><strong>ACV:<\/strong> Aplicaciones biotecnol\u00f3gicas de cultivos vegetales<\/p>\n<p><strong>EA:<\/strong> Acreditaci\u00f3n para el manejo de animales de experimentaci\u00f3n<\/p>\n<p><strong>TFM:<\/strong> Trabajo Fin de M\u00e1ster<\/p>\n<p><!--\n<iframe loading=\"lazy\" src=\"https:\/\/calendar.google.com\/calendar\/embed?height=600&#038;wkst=2&#038;bgcolor=%23ffffff&#038;ctz=Europe%2FMadrid&#038;mode=WEEK&#038;src=MDk3YjZlMjE0NWMwNmFmZGZkMmIxZjNkMmQyNjI5YjM0ZGYzZDUzYWY5OGM4YTQwYWY5Njg2NGMwMjU5NzRhN0Bncm91cC5jYWxlbmRhci5nb29nbGUuY29t&#038;src=aDk5NmdlOGFqdm9rdWZ1aTlmMmg3aGo3aTRAZ3JvdXAuY2FsZW5kYXIuZ29vZ2xlLmNvbQ&#038;src=NjhwNDZ0aGZuZ20xNGNnM2Exb3BzOTY4N2tAZ3JvdXAuY2FsZW5kYXIuZ29vZ2xlLmNvbQ&#038;src=YzdzMTlrZHNmamNzdmlyN3JjMDNqajIxdmtAZ3JvdXAuY2FsZW5kYXIuZ29vZ2xlLmNvbQ&#038;src=NmYzaGZyZGY2NnFxa2Y1b2Z2YWJ0Z3VkcGtAZ3JvdXAuY2FsZW5kYXIuZ29vZ2xlLmNvbQ&#038;src=NXEzdDVubmNoZzJxbHRoM2RmYjdlZWtwdjRAZ3JvdXAuY2FsZW5kYXIuZ29vZ2xlLmNvbQ&#038;src=MzZsMDVyNTRvZGQ1Zm52NHE2ZGw0aXIxZGNAZ3JvdXAuY2FsZW5kYXIuZ29vZ2xlLmNvbQ&#038;src=OWJ2aHZxdGFiNjBrdXNtbDNmcHRjcHNxMmdAZ3JvdXAuY2FsZW5kYXIuZ29vZ2xlLmNvbQ&#038;src=bmZ1bzU1MnQ3Mm9nZGs1NHE5YnRiZXV2YWdAZ3JvdXAuY2FsZW5kYXIuZ29vZ2xlLmNvbQ&#038;src=OXEzOGlzN3FkZHNycGlma3ZuYTZtMXVhb2dAZ3JvdXAuY2FsZW5kYXIuZ29vZ2xlLmNvbQ&#038;src=cm1lMWRsYmJ2YTM5ODZxajFjZmNpb3AxcGNAZ3JvdXAuY2FsZW5kYXIuZ29vZ2xlLmNvbQ&#038;src=aTRsMzRwZXBjNW04NmlidGE5MGtpZHNpNWNAZ3JvdXAuY2FsZW5kYXIuZ29vZ2xlLmNvbQ&#038;src=amNyczJzM3U0NnBjb2hydnUydGU1bGZoOWdAZ3JvdXAuY2FsZW5kYXIuZ29vZ2xlLmNvbQ&#038;src=MWl0ZzhwZjFsY3BnMDFsNjJyMTFpMHBxbjRAZ3JvdXAuY2FsZW5kYXIuZ29vZ2xlLmNvbQ&#038;src=NmVhNzYwbG9vY3RrdWU3NWFhbW50ZG9udWdAZ3JvdXAuY2FsZW5kYXIuZ29vZ2xlLmNvbQ&#038;src=Zjc4cGxmajE0OGMzdTZlOGk4a3FtdDc3cnNAZ3JvdXAuY2FsZW5kYXIuZ29vZ2xlLmNvbQ&#038;src=ZXMuc3BhaW4jaG9saWRheUBncm91cC52LmNhbGVuZGFyLmdvb2dsZS5jb20&#038;src=Y2FsZW5kYXJpby5sZWN0aXZvLnVsZUBnbWFpbC5jb20&#038;color=%23B39DDB&#038;color=%23795548&#038;color=%23C0CA33&#038;color=%239E69AF&#038;color=%234285F4&#038;color=%23D81B60&#038;color=%23F6BF26&#038;color=%23AD1457&#038;color=%23F4511E&#038;color=%23009688&#038;color=%238E24AA&#038;color=%23616161&#038;color=%23A79B8E&#038;color=%233F51B5&#038;color=%23795548&#038;color=%23009688&#038;color=%230B8043&#038;color=%23D50000\" style=\"border:solid 1px #777\" width=\"800\" height=\"600\" frameborder=\"0\" scrolling=\"no\"><\/iframe>\n--><\/p>\n","protected":false},"excerpt":{"rendered":"<p>Horario Curso 2025-2026 El Trabajo Fin de M\u00e1ster se desarrollar\u00e1 durante todas las ma\u00f1anas (octubre a junio) en el laboratorio del supervisor del proyecto de investigaci\u00f3n. 761 \ufeff\ufeff ANA: T\u00e9cnicas avanzadas de an\u00e1lisis y manipulaci\u00f3n de \u00e1cidos nucleicos PROT: M\u00e9todos de estudio de prote\u00ednas MM: Ensayos de microbiolog\u00eda m\u00e9dica MCF: T\u00e9cnicas anal\u00edticas de metabolitos y [&hellip;]<\/p>\n","protected":false},"author":52,"featured_media":0,"parent":0,"menu_order":0,"comment_status":"closed","ping_status":"closed","template":"","meta":{"footnotes":""},"class_list":["post-30","page","type-page","status-publish","hentry"],"_links":{"self":[{"href":"https:\/\/grupos.unileon.es\/masterbiotecnologia\/wp-json\/wp\/v2\/pages\/30","targetHints":{"allow":["GET"]}}],"collection":[{"href":"https:\/\/grupos.unileon.es\/masterbiotecnologia\/wp-json\/wp\/v2\/pages"}],"about":[{"href":"https:\/\/grupos.unileon.es\/masterbiotecnologia\/wp-json\/wp\/v2\/types\/page"}],"author":[{"embeddable":true,"href":"https:\/\/grupos.unileon.es\/masterbiotecnologia\/wp-json\/wp\/v2\/users\/52"}],"replies":[{"embeddable":true,"href":"https:\/\/grupos.unileon.es\/masterbiotecnologia\/wp-json\/wp\/v2\/comments?post=30"}],"version-history":[{"count":29,"href":"https:\/\/grupos.unileon.es\/masterbiotecnologia\/wp-json\/wp\/v2\/pages\/30\/revisions"}],"predecessor-version":[{"id":762,"href":"https:\/\/grupos.unileon.es\/masterbiotecnologia\/wp-json\/wp\/v2\/pages\/30\/revisions\/762"}],"wp:attachment":[{"href":"https:\/\/grupos.unileon.es\/masterbiotecnologia\/wp-json\/wp\/v2\/media?parent=30"}],"curies":[{"name":"wp","href":"https:\/\/api.w.org\/{rel}","templated":true}]}}