{"id":34,"date":"2016-01-29T11:57:29","date_gmt":"2016-01-29T11:57:29","guid":{"rendered":"http:\/\/grupos.unileon.es\/masterbiologia\/?page_id=34"},"modified":"2025-12-10T10:05:16","modified_gmt":"2025-12-10T10:05:16","slug":"contacto","status":"publish","type":"page","link":"https:\/\/grupos.unileon.es\/masterbiotecnologia\/contacto\/","title":{"rendered":"Contacto"},"content":{"rendered":"<p><img loading=\"lazy\" decoding=\"async\" class=\"alignnone wp-image-123\" src=\"http:\/\/grupos.unileon.es\/masterbiologia\/files\/2016\/01\/contacto.jpg\" alt=\"contacto\" width=\"125\" height=\"125\" srcset=\"https:\/\/grupos.unileon.es\/masterbiotecnologia\/files\/2016\/01\/contacto.jpg 225w, https:\/\/grupos.unileon.es\/masterbiotecnologia\/files\/2016\/01\/contacto-150x150.jpg 150w\" sizes=\"auto, (max-width: 125px) 100vw, 125px\" \/><br \/>\nEl M\u00e1ster Universitario de Investigaci\u00f3n en Biotecnolog\u00eda y Biomedicina (MBB) depende de la <a href=\"http:\/\/centros.unileon.es\/biologia\/\">Facultad de Ciencias Biol\u00f3gicas y Ambientales<\/a> de la Universidad de Le\u00f3n. Desde el curso 2017-18, no obstante, la gesti\u00f3n del MBB depende de la <a href=\"mailto:posgrado@unileon.es\">Unidad de Estudios de Posgrado<\/a> de la ULE, ubicada en el Edificio de gesti\u00f3n Acad\u00e9mica (EGA) del Campus.<\/p>\n<p>El coordinador del M\u00e1ster es la Prof. <a href=\"mailto:llopf@unileon.es\">LORENA L\u00d3PEZ FERRERAS<\/a>.<\/p>\n<p>El mapa siguiente permite ubicar la Facultad en el conjunto de instalaciones del campus principal de la Universidad de Le\u00f3n.<\/p>\n<p><i><br \/>\nThe Master&#8217;s degree in Research on Fundamental Biology and Biomedicine depends on the Faculty of Biological and Environmental Sciences, University of Le\u00f3n. Starting 2017-18 the Master is managed from the Postgraduate Studies Unit, located in the Academic Management Building (EGA), main University Campus. The Master&#8217;s Coordinator is Prof. <a href=\"mailto:llopf@unileon.es\">LORENA L\u00d3PEZ FERRERAS<\/a>.<\/i><\/p>\n<p><em>The following map will help you locate the Faculty among other buildings in the main University campus.<\/em><\/p>\n<p class=\"aligncenter\"><iframe loading=\"lazy\" src=\"http:\/\/maps.google.es\/maps\/ms?ie=UTF8&amp;t=h&amp;hl=es&amp;msa=0&amp;msid=103089966166272627644.000485e9a42f6f7fb6ff8&amp;ll=42.613023,-5.559297&amp;spn=0.012633,0.024848&amp;z=15&amp;output=embed\" width=\"580\" height=\"400\" frameborder=\"0\" marginwidth=\"0\" marginheight=\"0\" scrolling=\"no\"><\/iframe><br \/>\n<small>Ver <a style=\"color: #0000ff; text-align: left;\" href=\"http:\/\/maps.google.es\/maps\/ms?ie=UTF8&amp;t=h&amp;hl=es&amp;msa=0&amp;msid=103089966166272627644.000485e9a42f6f7fb6ff8&amp;ll=42.613023,-5.559297&amp;spn=0.012633,0.024848&amp;z=15&amp;source=embed\">Zonas Universidad<\/a> en un mapa m\u00e1s grande<\/small><\/p>\n<div id=\"link64_adl_tabid\" style=\"display: none;\" data-url=\"http:\/\/grupos.unileon.es\/masterbiologia\/wp-admin\/post-new.php?post_type=page\">763<\/div>\n","protected":false},"excerpt":{"rendered":"<p>El M\u00e1ster Universitario de Investigaci\u00f3n en Biotecnolog\u00eda y Biomedicina (MBB) depende de la Facultad de Ciencias Biol\u00f3gicas y Ambientales de la Universidad de Le\u00f3n. Desde el curso 2017-18, no obstante, la gesti\u00f3n del MBB depende de la Unidad de Estudios de Posgrado de la ULE, ubicada en el Edificio de gesti\u00f3n Acad\u00e9mica (EGA) del Campus. [&hellip;]<\/p>\n","protected":false},"author":52,"featured_media":0,"parent":0,"menu_order":0,"comment_status":"closed","ping_status":"closed","template":"","meta":{"footnotes":""},"class_list":["post-34","page","type-page","status-publish","hentry"],"_links":{"self":[{"href":"https:\/\/grupos.unileon.es\/masterbiotecnologia\/wp-json\/wp\/v2\/pages\/34","targetHints":{"allow":["GET"]}}],"collection":[{"href":"https:\/\/grupos.unileon.es\/masterbiotecnologia\/wp-json\/wp\/v2\/pages"}],"about":[{"href":"https:\/\/grupos.unileon.es\/masterbiotecnologia\/wp-json\/wp\/v2\/types\/page"}],"author":[{"embeddable":true,"href":"https:\/\/grupos.unileon.es\/masterbiotecnologia\/wp-json\/wp\/v2\/users\/52"}],"replies":[{"embeddable":true,"href":"https:\/\/grupos.unileon.es\/masterbiotecnologia\/wp-json\/wp\/v2\/comments?post=34"}],"version-history":[{"count":13,"href":"https:\/\/grupos.unileon.es\/masterbiotecnologia\/wp-json\/wp\/v2\/pages\/34\/revisions"}],"predecessor-version":[{"id":767,"href":"https:\/\/grupos.unileon.es\/masterbiotecnologia\/wp-json\/wp\/v2\/pages\/34\/revisions\/767"}],"wp:attachment":[{"href":"https:\/\/grupos.unileon.es\/masterbiotecnologia\/wp-json\/wp\/v2\/media?parent=34"}],"curies":[{"name":"wp","href":"https:\/\/api.w.org\/{rel}","templated":true}]}}