{"id":616,"date":"2022-05-11T09:38:56","date_gmt":"2022-05-11T09:38:56","guid":{"rendered":"https:\/\/grupos.unileon.es\/masterbiotecnologia\/?page_id=616"},"modified":"2024-09-02T16:04:23","modified_gmt":"2024-09-02T16:04:23","slug":"acceso-y-matricula","status":"publish","type":"page","link":"https:\/\/grupos.unileon.es\/masterbiotecnologia\/acceso-y-matricula\/","title":{"rendered":"Acceso y matr\u00edcula"},"content":{"rendered":"<p><a href=\"https:\/\/www.unileon.es\/files\/2021-05\/requisitos_especificos_mu_investigacion_biotecnologia_y_biomedicina20210513.pdf\">Requisitos espec\u00edficos de admisi\u00f3n.<\/a> (Importante informaci\u00f3n)<\/p>\n<p>Se otorgar\u00e1 prioridad a los estudiantes que cumplan con los siguientes criterios::<\/p>\n<p>1. Tener un Trabajo de Fin de M\u00e1ster comprometido con un profesor incluido en el plan docente del M\u00e1ster.<br \/>\n2. No poseer una titulaci\u00f3n similar o superior (M\u00e1ster Universitario o Doctorado).<br \/>\n3. Contar con un expediente acad\u00e9mico destacado en una titulaci\u00f3n af\u00edn a la tem\u00e1tica del M\u00e1ster (Biotecnolog\u00eda, Biomedicina, Biolog\u00eda, etc.).<br \/>\n4. Tener disponibilidad horaria para realizar el Trabajo de Fin de M\u00e1ster (todas las ma\u00f1anas de lunes a jueves y viernes d\u00eda completo).<\/p>\n<p>Adem\u00e1s se podr\u00e1 tener el cuenta el haber obtenido una Beca Talent u otras becas equivalentes.<\/p>\n<p>Enlaces de inter\u00e9s:<\/p>\n<p><a href=\"https:\/\/www.unileon.es\/estudiantes\/futuros-estudiantes\/preinscripcion\/master\/formacion\/acreditacion-idioma\">Acreditaci\u00f3n del Nivel B2 de Lengua Extranjera<\/a><\/p>\n<p><a href=\"https:\/\/fgulem.unileon.es\/cimodernos\/toeic.aspx\">Test of English for International Communication (TOEIC\u00ae)<\/a><\/p>\n<p><a href=\"https:\/\/www.unileon.es\/estudiantes\/futuros-estudiantes\/preinscripcion\/master\">Preinscripci\u00f3n en el M\u00e1ster<\/a><\/p>\n","protected":false},"excerpt":{"rendered":"<p>Requisitos espec\u00edficos de admisi\u00f3n. (Importante informaci\u00f3n) Se otorgar\u00e1 prioridad a los estudiantes que cumplan con los siguientes criterios:: 1. Tener un Trabajo de Fin de M\u00e1ster comprometido con un profesor incluido en el plan docente del M\u00e1ster. 2. No poseer una titulaci\u00f3n similar o superior (M\u00e1ster Universitario o Doctorado). 3. Contar con un expediente acad\u00e9mico [&hellip;]<\/p>\n","protected":false},"author":99,"featured_media":0,"parent":0,"menu_order":0,"comment_status":"closed","ping_status":"closed","template":"","meta":{"footnotes":""},"class_list":["post-616","page","type-page","status-publish","hentry"],"_links":{"self":[{"href":"https:\/\/grupos.unileon.es\/masterbiotecnologia\/wp-json\/wp\/v2\/pages\/616","targetHints":{"allow":["GET"]}}],"collection":[{"href":"https:\/\/grupos.unileon.es\/masterbiotecnologia\/wp-json\/wp\/v2\/pages"}],"about":[{"href":"https:\/\/grupos.unileon.es\/masterbiotecnologia\/wp-json\/wp\/v2\/types\/page"}],"author":[{"embeddable":true,"href":"https:\/\/grupos.unileon.es\/masterbiotecnologia\/wp-json\/wp\/v2\/users\/99"}],"replies":[{"embeddable":true,"href":"https:\/\/grupos.unileon.es\/masterbiotecnologia\/wp-json\/wp\/v2\/comments?post=616"}],"version-history":[{"count":9,"href":"https:\/\/grupos.unileon.es\/masterbiotecnologia\/wp-json\/wp\/v2\/pages\/616\/revisions"}],"predecessor-version":[{"id":732,"href":"https:\/\/grupos.unileon.es\/masterbiotecnologia\/wp-json\/wp\/v2\/pages\/616\/revisions\/732"}],"wp:attachment":[{"href":"https:\/\/grupos.unileon.es\/masterbiotecnologia\/wp-json\/wp\/v2\/media?parent=616"}],"curies":[{"name":"wp","href":"https:\/\/api.w.org\/{rel}","templated":true}]}}