{"id":37,"date":"2015-07-05T10:21:29","date_gmt":"2015-07-05T10:21:29","guid":{"rendered":"http:\/\/grupos.unileon.es\/mastercultura\/?page_id=37"},"modified":"2023-07-14T18:33:01","modified_gmt":"2023-07-14T18:33:01","slug":"trabajo-fin-de-master","status":"publish","type":"page","link":"https:\/\/grupos.unileon.es\/mastercultura\/trabajo-fin-de-master\/","title":{"rendered":"Trabajo Fin de M\u00e1ster"},"content":{"rendered":"<p style=\"text-align: justify;\">El TFM del t\u00edtulo a extinguir (plan de estudios de 2014) consta de 22 ECTS y el del m\u00e1ster actual (plan de estudios de 2019) de 12 ECTS. Se concretar\u00e1 en la realizaci\u00f3n por parte del estudiante, bajo la supervisi\u00f3n de un tutor, de un proyecto o estudio que permita evaluar los conocimientos y capacidades adquiridos por el alumno dentro de las \u00e1reas de conocimiento del M\u00e1ster, teniendo en cuenta el car\u00e1cter especializado o multidisciplinar de este y su orientaci\u00f3n a la especializaci\u00f3n acad\u00e9mica o profesional, o bien a promover la iniciaci\u00f3n en tareas de investigaci\u00f3n.<\/p>\n<ul style=\"list-style-type: square;\">\n<li><a href=\"https:\/\/www.unileon.es\/modelos\/archivo\/norregint\/201911189503468_n_reglamento_tfm.pdf\" target=\"_blank\" rel=\"noopener noreferrer\">Reglamento sobre TFM de la ULE<\/a><\/li>\n<li><a href=\"https:\/\/www.unileon.es\/files\/2020-06\/mu_cultura_pensamiento_europeo_reglamento_tfm202021.pdf\" target=\"_blank\" rel=\"noopener noreferrer\">Reglamento espec\u00edfico del M\u00e1ster<\/a><\/li>\n<li><a href=\"https:\/\/www.unileon.es\/files\/2023-01\/mu_cultura_pensamiento_europeo_temas_tfm202223.pdf\">Temas Propuestos TFM 2022-2023<\/a><\/li>\n<\/ul>\n<ul style=\"list-style-type: square;\">\n<li><strong>Procedimiento<\/strong><\/li>\n<\/ul>\n<p>La solicitud de inscripci\u00f3n y los pasos que hay que realizar para depositar el TFM se realizar\u00e1n, exclusivamente, a trav\u00e9s de la plataforma indicada para ello, a la que se puede acceder en el siguiente enlace: <a style=\"font-size: inherit;\" href=\"https:\/\/tfg.unileon.es\/home\">https:\/\/tfg.unileon.es\/home<\/a><span style=\"font-size: inherit;\"> o en la p\u00e1gina web de la Ule, en el apartado Recursos en L\u00ednea.<\/span><\/p>\n<ul style=\"list-style-type: square;\">\n<li><strong>Convocatorias<\/strong><\/li>\n<\/ul>\n<p>El estudiante tiene derecho a dos convocatorias por curso acad\u00e9mico para su defensa. Las convocatorias ordinarias asignadas por defecto ser\u00e1n las de julio y septiembre. Si desea concurrir a las convocatorias de febrero y de diciembre, debe solicitarlo expresamente mediante un correo enviado a: <span style=\"color: #000000; background-color: #ffffff;\">posgrado@unileon.es\u00a0<\/span><\/p>\n<ul style=\"list-style-type: square;\">\n<li>\u00a0<strong>Impresos<\/strong>\n<ul>\n<li><a href=\"http:\/\/grupos.unileon.es\/mastercultura\/files\/2016\/03\/TFM_Portada.docx\" target=\"_blank\" rel=\"noopener noreferrer\">Portada de TFM<\/a><\/li>\n<li><a href=\"http:\/\/grupos.unileon.es\/mastercultura\/files\/2016\/03\/TFM_informe_tutor-1.docx\" target=\"_blank\" rel=\"noopener noreferrer\">Informe del Tutor<\/a><\/li>\n<\/ul>\n<\/li>\n<\/ul>\n<p><!-- \/wp:post-content --><\/p>\n<p><!-- wp:paragraph --><\/p>\n<ul style=\"list-style-type: square;\">\n<li><strong>\u00a0Fechas de dep\u00f3sito y defensa y comisiones <a href=\"https:\/\/www.unileon.es\/files\/2023-07\/mu_cultura_pensamiento_europeo_deposito_y_defensa_tfm202324.pdf\">2022-2023<\/a><\/strong><\/li>\n<\/ul>\n<p><!-- \/wp:paragraph --><\/p>\n","protected":false},"excerpt":{"rendered":"<p>El TFM del t\u00edtulo a extinguir (plan de estudios de 2014) consta de 22 ECTS y el del m\u00e1ster actual (plan de estudios de 2019) de 12 ECTS. Se concretar\u00e1 en la realizaci\u00f3n por parte del estudiante, bajo la supervisi\u00f3n de un tutor, de un proyecto o estudio que permita evaluar los conocimientos y capacidades [&hellip;]<\/p>\n","protected":false},"author":86,"featured_media":0,"parent":0,"menu_order":0,"comment_status":"closed","ping_status":"closed","template":"","meta":{"footnotes":""},"class_list":["post-37","page","type-page","status-publish","hentry"],"_links":{"self":[{"href":"https:\/\/grupos.unileon.es\/mastercultura\/wp-json\/wp\/v2\/pages\/37","targetHints":{"allow":["GET"]}}],"collection":[{"href":"https:\/\/grupos.unileon.es\/mastercultura\/wp-json\/wp\/v2\/pages"}],"about":[{"href":"https:\/\/grupos.unileon.es\/mastercultura\/wp-json\/wp\/v2\/types\/page"}],"author":[{"embeddable":true,"href":"https:\/\/grupos.unileon.es\/mastercultura\/wp-json\/wp\/v2\/users\/86"}],"replies":[{"embeddable":true,"href":"https:\/\/grupos.unileon.es\/mastercultura\/wp-json\/wp\/v2\/comments?post=37"}],"version-history":[{"count":92,"href":"https:\/\/grupos.unileon.es\/mastercultura\/wp-json\/wp\/v2\/pages\/37\/revisions"}],"predecessor-version":[{"id":1164,"href":"https:\/\/grupos.unileon.es\/mastercultura\/wp-json\/wp\/v2\/pages\/37\/revisions\/1164"}],"wp:attachment":[{"href":"https:\/\/grupos.unileon.es\/mastercultura\/wp-json\/wp\/v2\/media?parent=37"}],"curies":[{"name":"wp","href":"https:\/\/api.w.org\/{rel}","templated":true}]}}