{"id":43,"date":"2015-07-05T10:23:04","date_gmt":"2015-07-05T10:23:04","guid":{"rendered":"http:\/\/grupos.unileon.es\/mastercultura\/?page_id=43"},"modified":"2020-06-14T19:43:56","modified_gmt":"2020-06-14T19:43:56","slug":"movilidad-internacional","status":"publish","type":"page","link":"https:\/\/grupos.unileon.es\/mastercultura\/movilidad-internacional\/","title":{"rendered":"Movilidad internacional"},"content":{"rendered":"<p style=\"text-align: justify;\"><img loading=\"lazy\" decoding=\"async\" class=\"aligncenter wp-image-281\" src=\"http:\/\/grupos.unileon.es\/mastercultura\/files\/2015\/07\/internacional-1024x581.jpg\" alt=\"internacional\" width=\"550\" height=\"312\" srcset=\"https:\/\/grupos.unileon.es\/mastercultura\/files\/2015\/07\/internacional-1024x581.jpg 1024w, https:\/\/grupos.unileon.es\/mastercultura\/files\/2015\/07\/internacional-300x170.jpg 300w, https:\/\/grupos.unileon.es\/mastercultura\/files\/2015\/07\/internacional.jpg 1352w\" sizes=\"auto, (max-width: 550px) 100vw, 550px\" \/><\/p>\n<p style=\"text-align: justify;\">La internacionalizaci\u00f3n es clave para dotar a los estudiantes del necesario bagaje ling\u00fc\u00edstico, cultural y formativo-vivencial, que les facilitar\u00e1 enfrentarse posteriormente a los retos de la sociedad actual globalizada, con mayor garant\u00eda de \u00e9xito.<\/p>\n<p style=\"text-align: justify;\">Para avanzar en este reto, se ha formalizado un convenio con Rhenish Friedrich Wilhelm Universidad de Bonn (Romanistik -Die Bonner Romanistik), que permite el intercambio de alumnos y profesores entre esta instituci\u00f3n y la ULE.<\/p>\n<p style=\"text-align: justify; padding-left: 30px;\"><a href=\"http:\/\/grupos.unileon.es\/mastercultura\/files\/2015\/07\/adenda_firmada_espa\u00f1ol_ingles.pdf\" target=\"_blank\" rel=\"noopener noreferrer\">Convenio ULE-Bonn<\/a><br \/>\n<a href=\"https:\/\/www.unileon.es\/estudiantes\/internacional-movilidad\" rel=\"noopener noreferrer\">Movilidad internacional<\/a><br \/>\n<a href=\"http:\/\/www.spanische-kultur-in-europa.uni-bonn.de\" target=\"_blank\" rel=\"noopener noreferrer\">Master of Arts (M.A.) in Spanische Kultur und europ\u00e4ische Identit\u00e4t<br \/>\n<\/a><a href=\"http:\/\/grupos.unileon.es\/mastercultura\/files\/2015\/07\/Spanische-Kultur-und-europ\u00e4ische-Identit\u00e4t-Flyer_web.pdf\">D\u00edptico Master of Spanische Kultur und europ\u00e4ische Identit\u00e4t<\/a><\/p>\n<p style=\"text-align: justify;\">Las estancias se encuadran en el marco del programa de movilidad Erasmus+.<\/p>\n<ul style=\"list-style-type: square;\">\n<li style=\"text-align: justify;\">La duraci\u00f3n m\u00ednima de la estancia ser\u00e1 de un semestre y la m\u00e1xima de dos.<\/li>\n<li style=\"text-align: justify;\">Los alumnos de la Universidad de Bonn han de cursar un m\u00ednimo de 30 ECTS en el M\u00e1ster en Cultura y Pensamiento Europeo de la ULE.<\/li>\n<li style=\"text-align: justify;\">Los estudiantes de la Universidad de Le\u00f3n han de cursar un m\u00ednimo de 48 ECTS en el Master of Arts (M.A.) in Spanische Kultur und europ\u00e4ische Identit\u00e4t.<\/li>\n<li style=\"text-align: justify;\">El TFM se defender\u00e1 en la Universidad de origen del estudiante, pero deber\u00e1 estar codirigido por docentes de las dos universidades.<\/li>\n<\/ul>\n<p>https:\/\/www.spanische-kultur-in-europa.uni-bonn.de\/<\/p>\n","protected":false},"excerpt":{"rendered":"<p>La internacionalizaci\u00f3n es clave para dotar a los estudiantes del necesario bagaje ling\u00fc\u00edstico, cultural y formativo-vivencial, que les facilitar\u00e1 enfrentarse posteriormente a los retos de la sociedad actual globalizada, con mayor garant\u00eda de \u00e9xito. Para avanzar en este reto, se ha formalizado un convenio con Rhenish Friedrich Wilhelm Universidad de Bonn (Romanistik -Die Bonner Romanistik), [&hellip;]<\/p>\n","protected":false},"author":86,"featured_media":0,"parent":0,"menu_order":0,"comment_status":"closed","ping_status":"closed","template":"","meta":{"footnotes":""},"class_list":["post-43","page","type-page","status-publish","hentry"],"_links":{"self":[{"href":"https:\/\/grupos.unileon.es\/mastercultura\/wp-json\/wp\/v2\/pages\/43","targetHints":{"allow":["GET"]}}],"collection":[{"href":"https:\/\/grupos.unileon.es\/mastercultura\/wp-json\/wp\/v2\/pages"}],"about":[{"href":"https:\/\/grupos.unileon.es\/mastercultura\/wp-json\/wp\/v2\/types\/page"}],"author":[{"embeddable":true,"href":"https:\/\/grupos.unileon.es\/mastercultura\/wp-json\/wp\/v2\/users\/86"}],"replies":[{"embeddable":true,"href":"https:\/\/grupos.unileon.es\/mastercultura\/wp-json\/wp\/v2\/comments?post=43"}],"version-history":[{"count":29,"href":"https:\/\/grupos.unileon.es\/mastercultura\/wp-json\/wp\/v2\/pages\/43\/revisions"}],"predecessor-version":[{"id":1064,"href":"https:\/\/grupos.unileon.es\/mastercultura\/wp-json\/wp\/v2\/pages\/43\/revisions\/1064"}],"wp:attachment":[{"href":"https:\/\/grupos.unileon.es\/mastercultura\/wp-json\/wp\/v2\/media?parent=43"}],"curies":[{"name":"wp","href":"https:\/\/api.w.org\/{rel}","templated":true}]}}