{"id":47,"date":"2015-07-05T10:24:46","date_gmt":"2015-07-05T10:24:46","guid":{"rendered":"http:\/\/grupos.unileon.es\/mastercultura\/?page_id=47"},"modified":"2019-09-30T09:16:33","modified_gmt":"2019-09-30T09:16:33","slug":"formacion-complementaria","status":"publish","type":"page","link":"https:\/\/grupos.unileon.es\/mastercultura\/formacion-complementaria\/","title":{"rendered":"Formaci\u00f3n complementaria"},"content":{"rendered":"<ul>\n<li>\n<h2><b><strong>Pr\u00e1cticas<\/strong>\u00a0<\/b><\/h2>\n<\/li>\n<\/ul>\n<p style=\"padding-left: 60px; text-align: justify;\">Las pr\u00e1cticas en empresas son voluntarias y extracurriculares. Se facilita a todos los alumnos que lo solicitan. Ser\u00e1n adjudicadas en funci\u00f3n de la disponibilidad de plazas, el expediente acad\u00e9mico y el orden de preferencia<\/p>\n<p style=\"padding-left: 60px; text-align: justify;\">Docente responsable de su gesti\u00f3n: Carlos Fern\u00e1ndez Rodr\u00edguez \u00a0(<a href=\"mailto:cferr@unileon.es\">cferr<wbr \/>@unileon.es<\/a>)<\/p>\n<h3 style=\"padding-left: 60px; text-align: justify;\"><strong>Instituciones y Centros con convenio de Pr\u00e1cticas<\/strong><\/h3>\n<table>\n<tbody>\n<tr>\n<td style=\"vertical-align: middle;\"><img loading=\"lazy\" decoding=\"async\" class=\" wp-image-297 size-thumbnail aligncenter\" src=\"http:\/\/grupos.unileon.es\/mastercultura\/files\/2015\/07\/archivohistoricoProvincial-150x87.jpg\" alt=\"archivohistoricoProvincial\" width=\"150\" height=\"87\" \/><\/td>\n<td style=\"vertical-align: middle;\">\u00a0Archivo Hist\u00f3rico Provincial de Le\u00f3n<\/td>\n<\/tr>\n<tr>\n<td style=\"vertical-align: middle;\">\u00a0<img loading=\"lazy\" decoding=\"async\" class=\" wp-image-397 aligncenter\" src=\"http:\/\/grupos.unileon.es\/mastercultura\/files\/2015\/07\/practicas2-300x157.jpg\" alt=\"practicas2\" width=\"168\" height=\"88\" srcset=\"https:\/\/grupos.unileon.es\/mastercultura\/files\/2015\/07\/practicas2-300x157.jpg 300w, https:\/\/grupos.unileon.es\/mastercultura\/files\/2015\/07\/practicas2.jpg 448w\" sizes=\"auto, (max-width: 168px) 100vw, 168px\" \/><\/td>\n<td style=\"vertical-align: middle;\">\u00a0Museo Etnogr\u00e1fico de Mansilla de las Mulas<\/td>\n<\/tr>\n<tr>\n<td style=\"vertical-align: middle;\">\u00a0<img loading=\"lazy\" decoding=\"async\" class=\" wp-image-398 aligncenter\" src=\"http:\/\/grupos.unileon.es\/mastercultura\/files\/2015\/07\/pr\u00e1cticas3-300x177.jpg\" alt=\"pr\u00e1cticas3\" width=\"130\" height=\"77\" srcset=\"https:\/\/grupos.unileon.es\/mastercultura\/files\/2015\/07\/pr\u00e1cticas3-300x177.jpg 300w, https:\/\/grupos.unileon.es\/mastercultura\/files\/2015\/07\/pr\u00e1cticas3.jpg 320w\" sizes=\"auto, (max-width: 130px) 100vw, 130px\" \/><\/td>\n<td style=\"vertical-align: middle;\">\u00a0Archivo Ayuntamiento de Astorga<\/td>\n<\/tr>\n<tr>\n<td style=\"vertical-align: middle;\">\u00a0<img loading=\"lazy\" decoding=\"async\" class=\" wp-image-399 aligncenter\" src=\"http:\/\/grupos.unileon.es\/mastercultura\/files\/2015\/07\/practicas4-204x300.png\" alt=\"practicas4\" width=\"105\" height=\"154\" srcset=\"https:\/\/grupos.unileon.es\/mastercultura\/files\/2015\/07\/practicas4-204x300.png 204w, https:\/\/grupos.unileon.es\/mastercultura\/files\/2015\/07\/practicas4.png 260w\" sizes=\"auto, (max-width: 105px) 100vw, 105px\" \/><\/td>\n<td style=\"vertical-align: middle;\">\u00a0Ayuntamiento de Ponferrada. Museo de Ponferrada<\/td>\n<\/tr>\n<tr>\n<td style=\"vertical-align: middle;\">\u00a0<img loading=\"lazy\" decoding=\"async\" class=\" wp-image-400 aligncenter\" src=\"http:\/\/grupos.unileon.es\/mastercultura\/files\/2015\/07\/practicas5.png\" alt=\"practicas5\" width=\"94\" height=\"139\" srcset=\"https:\/\/grupos.unileon.es\/mastercultura\/files\/2015\/07\/practicas5.png 229w, https:\/\/grupos.unileon.es\/mastercultura\/files\/2015\/07\/practicas5-203x300.png 203w\" sizes=\"auto, (max-width: 94px) 100vw, 94px\" \/><\/td>\n<td style=\"vertical-align: middle;\">\u00a0Ayuntamiento de Cistierna<\/td>\n<\/tr>\n<tr>\n<td style=\"vertical-align: middle;\">\u00a0<img loading=\"lazy\" decoding=\"async\" class=\" wp-image-401 aligncenter\" src=\"http:\/\/grupos.unileon.es\/mastercultura\/files\/2015\/07\/practicas6-150x150.jpg\" alt=\"practicas6\" width=\"103\" height=\"103\" \/><\/td>\n<td style=\"vertical-align: middle;\">\u00a0Ecomus\u00e9u La Ponte (Santoadriano, Asturias)<\/td>\n<\/tr>\n<tr>\n<td style=\"vertical-align: middle;\">\u00a0<img loading=\"lazy\" decoding=\"async\" class=\" wp-image-402 aligncenter\" src=\"http:\/\/grupos.unileon.es\/mastercultura\/files\/2015\/07\/practicas7-150x150.jpg\" alt=\"practicas7\" width=\"108\" height=\"108\" \/><\/td>\n<td style=\"vertical-align: middle;\">\u00a0Archivo Diocesano de Le\u00f3n<\/td>\n<\/tr>\n<tr>\n<td style=\"vertical-align: middle;\">\u00a0<img loading=\"lazy\" decoding=\"async\" class=\" wp-image-403 aligncenter\" src=\"http:\/\/grupos.unileon.es\/mastercultura\/files\/2015\/07\/practicas8-150x150.jpg\" alt=\"practicas8\" width=\"103\" height=\"103\" \/><\/td>\n<td style=\"vertical-align: middle;\">\u00a0Archivo de la Catedral de Le\u00f3n<\/td>\n<\/tr>\n<tr>\n<td style=\"vertical-align: middle;\">\u00a0<img loading=\"lazy\" decoding=\"async\" class=\" wp-image-404 aligncenter\" src=\"http:\/\/grupos.unileon.es\/mastercultura\/files\/2015\/07\/practicas9-300x171.png\" alt=\"practicas9\" width=\"147\" height=\"84\" srcset=\"https:\/\/grupos.unileon.es\/mastercultura\/files\/2015\/07\/practicas9-300x171.png 300w, https:\/\/grupos.unileon.es\/mastercultura\/files\/2015\/07\/practicas9.png 431w\" sizes=\"auto, (max-width: 147px) 100vw, 147px\" \/><\/td>\n<td style=\"vertical-align: middle;\">\u00a0Fundaci\u00f3n Sierra Pambley:<\/td>\n<\/tr>\n<tr>\n<td style=\"vertical-align: middle;\">\u00a0<img loading=\"lazy\" decoding=\"async\" class=\" wp-image-405 aligncenter\" src=\"http:\/\/grupos.unileon.es\/mastercultura\/files\/2015\/07\/practicas10-150x150.jpg\" alt=\"practicas10\" width=\"103\" height=\"103\" srcset=\"https:\/\/grupos.unileon.es\/mastercultura\/files\/2015\/07\/practicas10-150x150.jpg 150w, https:\/\/grupos.unileon.es\/mastercultura\/files\/2015\/07\/practicas10.jpg 160w\" sizes=\"auto, (max-width: 103px) 100vw, 103px\" \/><\/td>\n<td style=\"vertical-align: middle;\">\u00a0Instituto de Estudios Medievales. Pr\u00e1cticas de arqueolog\u00eda<\/td>\n<\/tr>\n<tr>\n<td style=\"vertical-align: middle;\"><img loading=\"lazy\" decoding=\"async\" class=\" wp-image-406 aligncenter\" src=\"http:\/\/grupos.unileon.es\/mastercultura\/files\/2015\/07\/practicas11.png\" alt=\"practicas11\" width=\"103\" height=\"111\" \/><\/td>\n<td style=\"vertical-align: middle;\">Instituto de Humanismo y Tradici\u00f3n Cl\u00e1sica. Fondos Archiv\u00edsticos y Bibliogr\u00e1ficos y Pr\u00e1cticas de arqueolog\u00eda<\/td>\n<\/tr>\n<tr>\n<td style=\"vertical-align: middle;\"><img loading=\"lazy\" decoding=\"async\" class=\" wp-image-407 aligncenter\" src=\"http:\/\/grupos.unileon.es\/mastercultura\/files\/2015\/07\/practicas12.jpg\" alt=\"practicas12\" width=\"104\" height=\"138\" \/><\/td>\n<td style=\"vertical-align: middle;\">Junta Vecinal de Cea.<\/td>\n<\/tr>\n<tr>\n<td style=\"vertical-align: middle;\"><img loading=\"lazy\" decoding=\"async\" class=\" wp-image-408 aligncenter\" src=\"http:\/\/grupos.unileon.es\/mastercultura\/files\/2015\/07\/practicas13-150x150.png\" alt=\"practicas13\" width=\"105\" height=\"105\" srcset=\"https:\/\/grupos.unileon.es\/mastercultura\/files\/2015\/07\/practicas13-150x150.png 150w, https:\/\/grupos.unileon.es\/mastercultura\/files\/2015\/07\/practicas13-300x300.png 300w, https:\/\/grupos.unileon.es\/mastercultura\/files\/2015\/07\/practicas13.png 310w\" sizes=\"auto, (max-width: 105px) 100vw, 105px\" \/><\/td>\n<td style=\"vertical-align: middle;\">Fundaci\u00f3n Ferm\u00edn Carnero (Valderas)<\/td>\n<\/tr>\n<tr>\n<td style=\"vertical-align: middle;\"><img loading=\"lazy\" decoding=\"async\" class=\" wp-image-409 aligncenter\" src=\"http:\/\/grupos.unileon.es\/mastercultura\/files\/2015\/07\/practicas14-150x150.jpg\" alt=\"practicas14\" width=\"103\" height=\"103\" \/><\/td>\n<td style=\"vertical-align: middle;\">Museo de la Miner\u00eda y Siderurgia de Sabero<\/td>\n<\/tr>\n<\/tbody>\n<\/table>\n<p style=\"padding-left: 60px; text-align: justify;\">\n","protected":false},"excerpt":{"rendered":"<p>Pr\u00e1cticas\u00a0 Las pr\u00e1cticas en empresas son voluntarias y extracurriculares. Se facilita a todos los alumnos que lo solicitan. Ser\u00e1n adjudicadas en funci\u00f3n de la disponibilidad de plazas, el expediente acad\u00e9mico y el orden de preferencia Docente responsable de su gesti\u00f3n: Carlos Fern\u00e1ndez Rodr\u00edguez \u00a0(cferr@unileon.es) Instituciones y Centros con convenio de Pr\u00e1cticas \u00a0Archivo Hist\u00f3rico Provincial de [&hellip;]<\/p>\n","protected":false},"author":86,"featured_media":0,"parent":0,"menu_order":0,"comment_status":"closed","ping_status":"closed","template":"","meta":{"footnotes":""},"class_list":["post-47","page","type-page","status-publish","hentry"],"_links":{"self":[{"href":"https:\/\/grupos.unileon.es\/mastercultura\/wp-json\/wp\/v2\/pages\/47","targetHints":{"allow":["GET"]}}],"collection":[{"href":"https:\/\/grupos.unileon.es\/mastercultura\/wp-json\/wp\/v2\/pages"}],"about":[{"href":"https:\/\/grupos.unileon.es\/mastercultura\/wp-json\/wp\/v2\/types\/page"}],"author":[{"embeddable":true,"href":"https:\/\/grupos.unileon.es\/mastercultura\/wp-json\/wp\/v2\/users\/86"}],"replies":[{"embeddable":true,"href":"https:\/\/grupos.unileon.es\/mastercultura\/wp-json\/wp\/v2\/comments?post=47"}],"version-history":[{"count":21,"href":"https:\/\/grupos.unileon.es\/mastercultura\/wp-json\/wp\/v2\/pages\/47\/revisions"}],"predecessor-version":[{"id":630,"href":"https:\/\/grupos.unileon.es\/mastercultura\/wp-json\/wp\/v2\/pages\/47\/revisions\/630"}],"wp:attachment":[{"href":"https:\/\/grupos.unileon.es\/mastercultura\/wp-json\/wp\/v2\/media?parent=47"}],"curies":[{"name":"wp","href":"https:\/\/api.w.org\/{rel}","templated":true}]}}