{"id":58,"date":"2015-07-05T10:41:33","date_gmt":"2015-07-05T10:41:33","guid":{"rendered":"http:\/\/grupos.unileon.es\/mastercultura\/?page_id=58"},"modified":"2020-06-14T19:35:26","modified_gmt":"2020-06-14T19:35:26","slug":"acceso-y-admision","status":"publish","type":"page","link":"https:\/\/grupos.unileon.es\/mastercultura\/acceso-y-admision\/","title":{"rendered":"Convocatorias"},"content":{"rendered":"<p class=\"aligncenter\"><img loading=\"lazy\" decoding=\"async\" class=\" size-full wp-image-381 aligncenter\" src=\"http:\/\/grupos.unileon.es\/mastercultura\/files\/2015\/07\/estudiante-tras-libros.jpg\" alt=\"convocatorias\" width=\"168\" height=\"168\" srcset=\"https:\/\/grupos.unileon.es\/mastercultura\/files\/2015\/07\/estudiante-tras-libros.jpg 168w, https:\/\/grupos.unileon.es\/mastercultura\/files\/2015\/07\/estudiante-tras-libros-150x150.jpg 150w\" sizes=\"auto, (max-width: 168px) 100vw, 168px\" \/><\/p>\n<ul style=\"list-style-type: square;\">\n<li>\n<h3 style=\"text-align: justify;\">Convocatorias ordinarias:<\/h3>\n<ul>\n<li>Asignaturas primer y tercer semestre: figurar\u00e1n en acta de evaluaci\u00f3n en la convocatoria de enero. Los alumnos que no superen la asignatura en dicha convocatoria, constar\u00e1n en el acta de febrero.<\/li>\n<li>Asignaturas del segundo semestre: constar\u00e1n en el acta de junio y, en caso de no ser superadas, en la de julio.<\/li>\n<li>Trabajo Fin de M\u00e1ster: el estudiante tiene derecho a dos convocatorias por curso acad\u00e9mico para su defensa. Las convocatorias ordinarias asignadas por defecto ser\u00e1n las de julio y septiembre. Si desea concurrir a las convocatorias de febrero y de diciembre, debe solicitarlo expresamente mediante un correo enviado a:<span style=\"color: #000000;\"> posgrado@unileon.es\u00a0<\/span><\/li>\n<\/ul>\n<\/li>\n<\/ul>\n<ul>\n<li>\n<h3>Convocatoria de Diciembre:<\/h3>\n<p>Tendr\u00e1n un car\u00e1cter especial y, en consecuencia, el alumno debe cumplir una serie de requisitos acad\u00e9micos y administrativos\u00a0 y solicitarla expresamente:<\/p>\n<ul>\n<li><a href=\"http:\/\/www.unileon.es\/estudiantes\/estudiantes-master\/convocatorias-de-evaluacion-examenes\/diciembre\" target=\"_blank\" rel=\"noopener noreferrer\">Requisitos y enlace al documento de solicitud de la convocatoria de diciembre<\/a><\/li>\n<\/ul>\n<\/li>\n<\/ul>\n<p style=\"text-align: justify;\">\n","protected":false},"excerpt":{"rendered":"<p>Convocatorias ordinarias: Asignaturas primer y tercer semestre: figurar\u00e1n en acta de evaluaci\u00f3n en la convocatoria de enero. Los alumnos que no superen la asignatura en dicha convocatoria, constar\u00e1n en el acta de febrero. Asignaturas del segundo semestre: constar\u00e1n en el acta de junio y, en caso de no ser superadas, en la de julio. Trabajo [&hellip;]<\/p>\n","protected":false},"author":86,"featured_media":0,"parent":0,"menu_order":0,"comment_status":"closed","ping_status":"closed","template":"","meta":{"footnotes":""},"class_list":["post-58","page","type-page","status-publish","hentry"],"_links":{"self":[{"href":"https:\/\/grupos.unileon.es\/mastercultura\/wp-json\/wp\/v2\/pages\/58","targetHints":{"allow":["GET"]}}],"collection":[{"href":"https:\/\/grupos.unileon.es\/mastercultura\/wp-json\/wp\/v2\/pages"}],"about":[{"href":"https:\/\/grupos.unileon.es\/mastercultura\/wp-json\/wp\/v2\/types\/page"}],"author":[{"embeddable":true,"href":"https:\/\/grupos.unileon.es\/mastercultura\/wp-json\/wp\/v2\/users\/86"}],"replies":[{"embeddable":true,"href":"https:\/\/grupos.unileon.es\/mastercultura\/wp-json\/wp\/v2\/comments?post=58"}],"version-history":[{"count":25,"href":"https:\/\/grupos.unileon.es\/mastercultura\/wp-json\/wp\/v2\/pages\/58\/revisions"}],"predecessor-version":[{"id":1057,"href":"https:\/\/grupos.unileon.es\/mastercultura\/wp-json\/wp\/v2\/pages\/58\/revisions\/1057"}],"wp:attachment":[{"href":"https:\/\/grupos.unileon.es\/mastercultura\/wp-json\/wp\/v2\/media?parent=58"}],"curies":[{"name":"wp","href":"https:\/\/api.w.org\/{rel}","templated":true}]}}