{"id":65,"date":"2015-07-05T10:46:34","date_gmt":"2015-07-05T10:46:34","guid":{"rendered":"http:\/\/grupos.unileon.es\/mastercultura\/?page_id=65"},"modified":"2023-07-14T18:27:57","modified_gmt":"2023-07-14T18:27:57","slug":"horarios","status":"publish","type":"page","link":"https:\/\/grupos.unileon.es\/mastercultura\/horarios\/","title":{"rendered":"Horarios y calendario escolar 2023-2024"},"content":{"rendered":"<p>El M\u00e1ster se imparte en modalidad semipresencial.<\/p>\n<p style=\"text-align: justify;\">Las clases se impartir\u00e1n en la sede del Instituto de Humanismo y Tradici\u00f3n Cl\u00e1sica de la Facultad de Filosof\u00eda y Letras (Aula 2, planta baja), situada en el Campus de Vegazana s\/n.<\/p>\n<p><strong><span style=\"background-color: #ffffff;\">Horario del m\u00e1ster para el curso 2023-2024<\/span><\/strong><\/p>\n<p>Las clases dar\u00e1n inicio el lunes 25 de septiembre de 2023.<\/p>\n<p><a href=\"https:\/\/www.unileon.es\/files\/2023-07\/mu_cultura_pensamiento_europeo_horario1semestre202324.pdf\" target=\"_blank\" rel=\"noopener noreferrer\">Calendario presencial de Primero. Semestre 1\u00a0<\/a><\/p>\n<p><a href=\"https:\/\/www.unileon.es\/files\/2023-07\/mu_cultura_pensamiento_europeo_horario2semestre202324.pdf\" target=\"_blank\" rel=\"noopener noreferrer\">Calendario presencial de Primero. Semestre 2<\/a><\/p>\n<p><a href=\"https:\/\/www.unileon.es\/files\/2023-07\/mu_cultura_pensamiento_europeo_horario3semestre202324.pdf\" target=\"_blank\" rel=\"noopener noreferrer\">Calendario presencial de Segundo. Semestre 1<\/a><\/p>\n<p><a href=\"https:\/\/www.unileon.es\/files\/2023-07\/mu_cultura_pensamiento_europeo_horario_examenes202324.pdf\" target=\"_blank\" rel=\"noopener noreferrer\"><span style=\"background-color: #ffffff;\">Calendario de ex\u00e1menes curso 2023-2024<\/span><\/a><\/p>\n<p><iframe loading=\"lazy\" style=\"border-width: 0;\" src=\"https:\/\/calendar.google.com\/calendar\/embed?title=Horarios%201%C2%BA%20M%C3%A1ster%20U.%20Cultura%20y%20Pensamiento%20Europeo&amp;mode=WEEK&amp;height=500&amp;wkst=2&amp;hl=es&amp;bgcolor=%23FFFFFF&amp;src=ck5klnlgdgt8tlic57pj4l7324%40group.calendar.google.com&amp;color=%238C500B&amp;src=uk75km8e5umitp7jqbkhdu563o%40group.calendar.google.com&amp;color=%23865A5A&amp;src=50qf504qera3f2qb5id7qa0eug%40group.calendar.google.com&amp;color=%236B3304&amp;src=loco5qf4vr6l3c43n0nenhocng%40group.calendar.google.com&amp;color=%23125A12&amp;src=081i0rmn5admlbe7o1dc36ja1g%40group.calendar.google.com&amp;color=%238D6F47&amp;src=kkus1l18qpl0b388jrlv8n235k%40group.calendar.google.com&amp;color=%23182C57&amp;src=7q4vtecnj2pvpcp531bgkp3bkg%40group.calendar.google.com&amp;color=%23853104&amp;src=i583gqlfp832grtt5ceoa6unao%40group.calendar.google.com&amp;color=%236B3304&amp;src=a1nmkmnhqquv1gq592sn34lruo%40group.calendar.google.com&amp;color=%2329527A&amp;src=lq1cg37kau7k23oo3f417u7fq4%40group.calendar.google.com&amp;color=%232952A3&amp;src=tfbl53eko0kb5mvlo23pf4ivl4%40group.calendar.google.com&amp;color=%23853104&amp;src=jad0bk41k9nank0a7tlutp11tk%40group.calendar.google.com&amp;color=%23711616&amp;src=tp79dhmdcf8rcarv9ikef66nrk%40group.calendar.google.com&amp;color=%23875509&amp;src=hpmdo44deccd4maoevnh8os6n4%40group.calendar.google.com&amp;color=%232F6309&amp;src=illjssmecpdvl60g4v6gb0ujto%40group.calendar.google.com&amp;color=%235229A3&amp;src=ohcmbkl2mv1mf17f68fnb2pqlk%40group.calendar.google.com&amp;color=%23182C57&amp;src=mqiap9s9ndns2b6rpkfkustsig%40group.calendar.google.com&amp;color=%23853104&amp;src=q3ficvbf0a3mgccdfvs756d4po%40group.calendar.google.com&amp;color=%238D6F47&amp;src=lgrfv54ogngpj4msfcnok98a6g%40group.calendar.google.com&amp;color=%23865A5A&amp;src=3k0ugfsqg1mic8k4n005vr3rkc%40group.calendar.google.com&amp;color=%235F6B02&amp;src=1kevjuh64c4g7ie0iiqecn1sp4%40group.calendar.google.com&amp;color=%2328754E&amp;src=ic2nogvif12fgjih1rcn9ip4ig%40group.calendar.google.com&amp;color=%2342104A&amp;src=calendario.lectivo.ule%40gmail.com&amp;color=%23711616&amp;ctz=Europe%2FMadrid\" width=\"650\" height=\"500\" frameborder=\"0\" scrolling=\"no\"><\/iframe><\/p>\n<p><iframe loading=\"lazy\" style=\"border-width: 0;\" src=\"https:\/\/calendar.google.com\/calendar\/embed?title=Horarios%202%C2%BA%20M%C3%A1ster%20U.%20Cultura%20y%20Pensamiento%20Europeo&amp;mode=WEEK&amp;height=500&amp;wkst=2&amp;hl=es&amp;bgcolor=%23FFFFFF&amp;src=m5hr2lf4cl4qvjflsn4o6ehfhc%40group.calendar.google.com&amp;color=%235229A3&amp;src=agupgipgo2upkuqfr03oggkdq4%40group.calendar.google.com&amp;color=%2329527A&amp;src=vg78cugjbg8pv1vbabn7morqtc%40group.calendar.google.com&amp;color=%238C500B&amp;src=ntn935uuc1nc13qst9v9declak%40group.calendar.google.com&amp;color=%23B1365F&amp;src=6epo456en7bgvpmuqajiuqhu4s%40group.calendar.google.com&amp;color=%230F4B38&amp;src=calendario.lectivo.ule%40gmail.com&amp;color=%23711616&amp;ctz=Europe%2FMadrid\" width=\"650\" height=\"500\" frameborder=\"0\" scrolling=\"no\"><\/iframe><\/p>\n","protected":false},"excerpt":{"rendered":"<p>El M\u00e1ster se imparte en modalidad semipresencial. Las clases se impartir\u00e1n en la sede del Instituto de Humanismo y Tradici\u00f3n Cl\u00e1sica de la Facultad de Filosof\u00eda y Letras (Aula 2, planta baja), situada en el Campus de Vegazana s\/n. Horario del m\u00e1ster para el curso 2023-2024 Las clases dar\u00e1n inicio el lunes 25 de septiembre [&hellip;]<\/p>\n","protected":false},"author":86,"featured_media":0,"parent":0,"menu_order":0,"comment_status":"closed","ping_status":"closed","template":"","meta":{"footnotes":""},"class_list":["post-65","page","type-page","status-publish","hentry"],"_links":{"self":[{"href":"https:\/\/grupos.unileon.es\/mastercultura\/wp-json\/wp\/v2\/pages\/65","targetHints":{"allow":["GET"]}}],"collection":[{"href":"https:\/\/grupos.unileon.es\/mastercultura\/wp-json\/wp\/v2\/pages"}],"about":[{"href":"https:\/\/grupos.unileon.es\/mastercultura\/wp-json\/wp\/v2\/types\/page"}],"author":[{"embeddable":true,"href":"https:\/\/grupos.unileon.es\/mastercultura\/wp-json\/wp\/v2\/users\/86"}],"replies":[{"embeddable":true,"href":"https:\/\/grupos.unileon.es\/mastercultura\/wp-json\/wp\/v2\/comments?post=65"}],"version-history":[{"count":90,"href":"https:\/\/grupos.unileon.es\/mastercultura\/wp-json\/wp\/v2\/pages\/65\/revisions"}],"predecessor-version":[{"id":1163,"href":"https:\/\/grupos.unileon.es\/mastercultura\/wp-json\/wp\/v2\/pages\/65\/revisions\/1163"}],"wp:attachment":[{"href":"https:\/\/grupos.unileon.es\/mastercultura\/wp-json\/wp\/v2\/media?parent=65"}],"curies":[{"name":"wp","href":"https:\/\/api.w.org\/{rel}","templated":true}]}}