{"id":15,"date":"2015-07-05T08:21:49","date_gmt":"2015-07-05T08:21:49","guid":{"rendered":"http:\/\/grupos.unileon.es\/masterculture\/?page_id=15"},"modified":"2019-09-30T09:23:10","modified_gmt":"2019-09-30T09:23:10","slug":"presentacion-del-master","status":"publish","type":"page","link":"https:\/\/grupos.unileon.es\/masterculture\/","title":{"rendered":"Presentation"},"content":{"rendered":"<h2 style=\"text-align: center;\"><strong>Master\u2019s degree in European Culture and Thought: Tradition and Continuity<\/strong><\/h2>\n<h2 style=\"text-align: center;\"><strong>M\u00e1ster de investigaci\u00f3n en Cultura y Pensamiento Europeo: Tradici\u00f3n y Pervivencia<\/strong><\/h2>\n<p style=\"text-align: justify;\"><img loading=\"lazy\" decoding=\"async\" class=\"alignnone wp-image-518 size-full\" src=\"http:\/\/grupos.unileon.es\/masterculture\/files\/2015\/07\/Master.jpg\" alt=\"Master\" width=\"600\" height=\"361\" \/><\/p>\n<p style=\"text-align: justify;\">This Master\u00b4s degree is geared towards Art and Humanities as well as Social Science students interested in expanding their knowledge of European Culture. It is focused on European\u00b4s classical and humanist roots all from an interdisciplinary and transversal perspective.<\/p>\n<p style=\"text-align: justify;\">The theoretical approach is combined with courses dealing with more practical subjects which aim at enabling the students\u2019 capacity to find, select and interpret the different resources. The main purpose is to provide the students with a methodological orientation and familiarize them with the different requirements of a scientific work.<\/p>\n<p style=\"text-align: justify;\">The Organizing institutions of the Master&#8217;s degree are:<\/p>\n<ul>\n<li><a href=\"http:\/\/www.humanismoytradicionclasica.es\" target=\"_blank\" rel=\"noopener noreferrer\">Instituto de Humanismo y Tradici\u00f3n cl\u00e1sica<\/a><\/li>\n<li><a href=\"http:\/\/institutos.unileon.es\/instituto-estudios-medievales\/\" target=\"_blank\" rel=\"noopener noreferrer\">Instituto\u00a0 de Estudios Medievales<\/a><\/li>\n<\/ul>\n","protected":false},"excerpt":{"rendered":"<p>Master\u2019s degree in European Culture and Thought: Tradition and Continuity M\u00e1ster de investigaci\u00f3n en Cultura y Pensamiento Europeo: Tradici\u00f3n y Pervivencia This Master\u00b4s degree is geared towards Art and Humanities as well as Social Science students interested in expanding their knowledge of European Culture. It is focused on European\u00b4s classical and humanist roots all from [&hellip;]<\/p>\n","protected":false},"author":86,"featured_media":0,"parent":0,"menu_order":0,"comment_status":"closed","ping_status":"closed","template":"","meta":{"footnotes":""},"class_list":["post-15","page","type-page","status-publish","hentry"],"_links":{"self":[{"href":"https:\/\/grupos.unileon.es\/masterculture\/wp-json\/wp\/v2\/pages\/15","targetHints":{"allow":["GET"]}}],"collection":[{"href":"https:\/\/grupos.unileon.es\/masterculture\/wp-json\/wp\/v2\/pages"}],"about":[{"href":"https:\/\/grupos.unileon.es\/masterculture\/wp-json\/wp\/v2\/types\/page"}],"author":[{"embeddable":true,"href":"https:\/\/grupos.unileon.es\/masterculture\/wp-json\/wp\/v2\/users\/86"}],"replies":[{"embeddable":true,"href":"https:\/\/grupos.unileon.es\/masterculture\/wp-json\/wp\/v2\/comments?post=15"}],"version-history":[{"count":27,"href":"https:\/\/grupos.unileon.es\/masterculture\/wp-json\/wp\/v2\/pages\/15\/revisions"}],"predecessor-version":[{"id":774,"href":"https:\/\/grupos.unileon.es\/masterculture\/wp-json\/wp\/v2\/pages\/15\/revisions\/774"}],"wp:attachment":[{"href":"https:\/\/grupos.unileon.es\/masterculture\/wp-json\/wp\/v2\/media?parent=15"}],"curies":[{"name":"wp","href":"https:\/\/api.w.org\/{rel}","templated":true}]}}