{"id":33,"date":"2015-07-05T10:19:48","date_gmt":"2015-07-05T10:19:48","guid":{"rendered":"http:\/\/grupos.unileon.es\/masterculture\/?page_id=33"},"modified":"2020-06-19T11:15:19","modified_gmt":"2020-06-19T11:15:19","slug":"plan-de-estudios","status":"publish","type":"page","link":"https:\/\/grupos.unileon.es\/masterculture\/plan-de-estudios\/","title":{"rendered":"Programme"},"content":{"rendered":"<h3 style=\"text-align: center;\"><\/h3>\n<table style=\"width: 95.62%; height: 1634px;\">\n<tbody>\n<tr style=\"height: 32px;\">\n<td style=\"width: 553px; height: 32px;\" colspan=\"2\">\n<h2><strong>First Semester 32 ECTS<\/strong><\/h2>\n<\/td>\n<\/tr>\n<tr style=\"height: 32px;\">\n<td style=\"width: 553px; height: 32px;\" colspan=\"2\"><strong>COMPULSORY SUBJECTS<\/strong><\/td>\n<\/tr>\n<tr style=\"height: 61px;\">\n<td style=\"width: 484.45px; height: 49px;\"><a href=\"https:\/\/www.unileon.es\/estudiantes\/estudiantes-master\/oferta-titulaciones\/mu-cultura-y-pensamiento-europeo-tradicion-y-pervivencia\/plan-estudios?id=1743001&amp;curso=2019\">Herramientas documentales para la investigaci\u00f3n y la comunicaci\u00f3n cient\u00edfica<\/a><\/td>\n<td style=\"width: 66.55px; height: 49px;\">\u00a04 ECTS<\/td>\n<\/tr>\n<tr style=\"height: 32px;\">\n<td style=\"width: 484.45px; height: 32px;\"><a href=\"https:\/\/www.unileon.es\/estudiantes\/estudiantes-master\/oferta-titulaciones\/mu-cultura-y-pensamiento-europeo-tradicion-y-pervivencia\/plan-estudios?id=1743002&amp;curso=2019\">M\u00e9todos de investigaci\u00f3n en Humanidades<\/a><\/td>\n<td style=\"width: 66.55px; height: 32px;\">4 ECTS<\/td>\n<\/tr>\n<tr style=\"height: 32px;\">\n<td style=\"width: 484.45px; height: 32px;\"><a href=\"https:\/\/www.unileon.es\/estudiantes\/estudiantes-master\/oferta-titulaciones\/mu-cultura-y-pensamiento-europeo-tradicion-y-pervivencia\/plan-estudios?id=1743003&amp;curso=2019\">Pensamiento y filosof\u00eda de la historia<\/a><\/td>\n<td style=\"width: 66.55px; height: 32px;\"><u><\/u>4 ECTS<\/td>\n<\/tr>\n<tr style=\"height: 32px;\">\n<td style=\"width: 553px; height: 32px;\" colspan=\"2\"><strong>ITINERARY 1. EUROPEAN IDENTITY<\/strong><\/td>\n<\/tr>\n<tr style=\"height: 32px;\">\n<td style=\"width: 484.45px; height: 32px;\"><a href=\"https:\/\/www.unileon.es\/estudiantes\/estudiantes-master\/oferta-titulaciones\/mu-cultura-y-pensamiento-europeo-tradicion-y-pervivencia\/plan-estudios?id=1743004&amp;curso=2019\">La construcci\u00f3n de Europa<\/a><\/td>\n<td style=\"width: 66.55px; height: 32px;\">4 ECTS<\/td>\n<\/tr>\n<tr style=\"height: 32px;\">\n<td style=\"width: 484.45px; height: 32px;\"><a href=\"https:\/\/www.unileon.es\/estudiantes\/estudiantes-master\/oferta-titulaciones\/mu-cultura-y-pensamiento-europeo-tradicion-y-pervivencia\/plan-estudios?id=1743005&amp;curso=2019\">El espacio geogr\u00e1fico europeo<\/a><\/td>\n<td style=\"width: 66.55px; height: 32px;\">4 ECTS<\/td>\n<\/tr>\n<tr style=\"height: 61px;\">\n<td style=\"width: 553px; height: 61px;\" colspan=\"2\"><strong>ITINERARY 2. HISPANIC CULTURE AND ITS PROJECTION<\/strong><\/td>\n<\/tr>\n<tr style=\"height: 32px;\">\n<td style=\"width: 484.45px; height: 32px;\"><a href=\"https:\/\/www.unileon.es\/estudiantes\/estudiantes-master\/oferta-titulaciones\/mu-cultura-y-pensamiento-europeo-tradicion-y-pervivencia\/plan-estudios?id=1743006&amp;curso=2019\">El mundo hisp\u00e1nico y su proyecci\u00f3n europea<\/a><\/td>\n<td style=\"width: 66.55px; height: 32px;\">4 ECTS<\/td>\n<\/tr>\n<tr style=\"height: 61px;\">\n<td style=\"width: 484.45px; height: 43px;\"><a href=\"https:\/\/www.unileon.es\/estudiantes\/estudiantes-master\/oferta-titulaciones\/mu-cultura-y-pensamiento-europeo-tradicion-y-pervivencia\/plan-estudios?id=1743007&amp;curso=2019\">Ampliaci\u00f3n de la frontera europea: Am\u00e9rica<\/a><\/td>\n<td style=\"width: 66.55px; height: 43px;\">4 ECTS<\/td>\n<\/tr>\n<tr style=\"height: 32px;\">\n<td style=\"width: 484.45px; height: 32px;\"><strong>OPTATIVES SUBJECTS (4)\u00a0<\/strong><\/td>\n<td style=\"width: 66.55px; height: 32px;\">12 ECTS<\/td>\n<\/tr>\n<tr style=\"height: 32px;\">\n<td style=\"width: 553px; height: 32px;\" colspan=\"2\">\n<h2><strong>Second Semester. 28 ECTS<\/strong><\/h2>\n<\/td>\n<\/tr>\n<tr style=\"height: 32px;\">\n<td style=\"width: 553px; height: 32px;\" colspan=\"2\"><b>COMPULSORY SUBJECTS<\/b><\/td>\n<\/tr>\n<tr style=\"height: 32px;\">\n<td style=\"width: 484.45px; height: 32px;\"><a href=\"https:\/\/www.unileon.es\/estudiantes\/estudiantes-master\/oferta-titulaciones\/mu-cultura-y-pensamiento-europeo-tradicion-y-pervivencia\/plan-estudios?id=1743008&amp;curso=2019\">Las religiones en la cultura de Europa<\/a><\/td>\n<td style=\"width: 66.55px; height: 32px;\">4 ECTS<\/td>\n<\/tr>\n<tr style=\"height: 61px;\">\n<td style=\"width: 484.45px; height: 61px;\"><a href=\"https:\/\/www.unileon.es\/estudiantes\/estudiantes-master\/oferta-titulaciones\/mu-cultura-y-pensamiento-europeo-tradicion-y-pervivencia\/plan-estudios?id=1743009&amp;curso=2019\">Construcci\u00f3n del patrimonio material e inmaterial europeo<\/a><\/td>\n<td style=\"width: 66.55px; height: 61px;\">4 ECTS<\/td>\n<\/tr>\n<tr style=\"height: 32px;\">\n<td style=\"width: 484.45px; height: 32px;\"><a href=\"https:\/\/www.unileon.es\/estudiantes\/estudiantes-master\/oferta-titulaciones\/mu-cultura-y-pensamiento-europeo-tradicion-y-pervivencia\/plan-estudios?id=1743010&amp;curso=2019\">Escritura y comunicaci\u00f3n social<\/a><\/td>\n<td style=\"width: 66.55px; height: 32px;\">4 ECTS<\/td>\n<\/tr>\n<tr style=\"height: 24px;\">\n<td style=\"width: 484.45px; height: 24px;\"><a href=\"https:\/\/www.unileon.es\/estudiantes\/estudiantes-master\/oferta-titulaciones\/mu-cultura-y-pensamiento-europeo-tradicion-y-pervivencia\/plan-estudios?id=1743011&amp;curso=2019\">Legado cultural de Grecia y Roma<\/a><\/td>\n<td style=\"width: 66.55px; height: 24px;\">4 ECTS<\/td>\n<\/tr>\n<tr style=\"height: 32px;\">\n<td style=\"width: 553px; height: 32px;\" colspan=\"2\"><strong>ITINERARY 1. EUROPEAN IDENTITY<\/strong><\/td>\n<\/tr>\n<tr style=\"height: 32px;\">\n<td style=\"width: 484.45px; height: 32px;\"><a href=\"https:\/\/www.unileon.es\/estudiantes\/estudiantes-master\/oferta-titulaciones\/mu-cultura-y-pensamiento-europeo-tradicion-y-pervivencia\/plan-estudios?id=1743012&amp;curso=2019\">Literaturas europeas comparadas<\/a><\/td>\n<td style=\"width: 66.55px; height: 32px;\">4 ECTS<\/td>\n<\/tr>\n<tr style=\"height: 32px;\">\n<td style=\"width: 484.45px; height: 32px;\"><a href=\"https:\/\/www.unileon.es\/estudiantes\/estudiantes-master\/oferta-titulaciones\/mu-cultura-y-pensamiento-europeo-tradicion-y-pervivencia\/plan-estudios?id=1743013&amp;curso=2019\">Humanismo renacentista e identidad cultural europea<\/a><\/td>\n<td style=\"width: 66.55px; height: 32px;\">4 ECTS<\/td>\n<\/tr>\n<tr style=\"height: 32px;\">\n<td style=\"width: 484.45px; height: 32px;\"><a href=\"https:\/\/www.unileon.es\/estudiantes\/estudiantes-master\/oferta-titulaciones\/mu-cultura-y-pensamiento-europeo-tradicion-y-pervivencia\/plan-estudios?id=1743014&amp;curso=2019\">Cultura visual y esc\u00e9nica<\/a><\/td>\n<td style=\"width: 66.55px; height: 32px;\">4 ECTS<\/td>\n<\/tr>\n<tr style=\"height: 61px;\">\n<td style=\"width: 553px; height: 61px;\" colspan=\"2\"><strong>ITINERARY 2. HISPANIC CULTURE AND ITS PROJECTION<\/strong><\/td>\n<\/tr>\n<tr style=\"height: 32px;\">\n<td style=\"width: 484.45px; height: 32px;\"><a href=\"https:\/\/www.unileon.es\/estudiantes\/estudiantes-master\/oferta-titulaciones\/mu-cultura-y-pensamiento-europeo-tradicion-y-pervivencia\/plan-estudios?id=1743015&amp;curso=2019\">Literatura espa\u00f1ola y cultura europea<\/a><\/td>\n<td style=\"width: 66.55px; height: 32px;\">4 ECTS<\/td>\n<\/tr>\n<tr style=\"height: 32px;\">\n<td style=\"width: 484.45px; height: 32px;\"><a href=\"https:\/\/www.unileon.es\/estudiantes\/estudiantes-master\/oferta-titulaciones\/mu-cultura-y-pensamiento-europeo-tradicion-y-pervivencia\/plan-estudios?id=1743016&amp;curso=2019\">Europa y el arte hispano: confluencias art\u00edsticas<\/a><\/td>\n<td style=\"width: 66.55px; height: 32px;\">4 ECTS<\/td>\n<\/tr>\n<tr style=\"height: 32px;\">\n<td style=\"width: 484.45px; height: 32px;\"><a href=\"https:\/\/www.unileon.es\/estudiantes\/estudiantes-master\/oferta-titulaciones\/mu-cultura-y-pensamiento-europeo-tradicion-y-pervivencia\/plan-estudios?id=1743017&amp;curso=2019\">El espa\u00f1ol: unidad y variedad<\/a><\/td>\n<td style=\"width: 66.55px; height: 32px;\">4 ECTS<\/td>\n<\/tr>\n<tr style=\"height: 32px;\">\n<td style=\"width: 553px; height: 32px;\" colspan=\"2\">\n<h2><strong>Third Semester. 30 ECTS<\/strong><\/h2>\n<\/td>\n<\/tr>\n<tr style=\"height: 32px;\">\n<td style=\"width: 553px; height: 32px;\" colspan=\"2\"><strong>OPTATIVES SUBJECTS (6)<\/strong><\/td>\n<\/tr>\n<tr style=\"height: 32px;\">\n<td style=\"width: 484.45px; height: 32px;\"><a href=\"https:\/\/www.unileon.es\/estudiantes\/estudiantes-master\/oferta-titulaciones\/mu-cultura-y-pensamiento-europeo-tradicion-y-pervivencia\/plan-estudios?id=1743018&amp;curso=2019\">Del final del Imperio a la aldea medieval<\/a><\/td>\n<td style=\"width: 66.55px; height: 32px;\">3 ECTS<\/td>\n<\/tr>\n<tr style=\"height: 61px;\">\n<td style=\"width: 484.45px; height: 10px;\"><a href=\"https:\/\/www.unileon.es\/estudiantes\/estudiantes-master\/oferta-titulaciones\/mu-cultura-y-pensamiento-europeo-tradicion-y-pervivencia\/plan-estudios?id=1743019&amp;curso=2019\">Monarqu\u00eda e Iglesia en la Edad Media: espacio y poder<\/a><\/td>\n<td style=\"width: 66.55px; height: 10px;\">3 ECTS<\/td>\n<\/tr>\n<tr style=\"height: 24px;\">\n<td style=\"width: 484.45px; height: 24px;\"><a href=\"https:\/\/www.unileon.es\/estudiantes\/estudiantes-master\/oferta-titulaciones\/mu-cultura-y-pensamiento-europeo-tradicion-y-pervivencia\/plan-estudios?id=1743020&amp;curso=2019\">El Islam: cultura y pensamiento<\/a><\/td>\n<td style=\"width: 66.55px; height: 24px;\">3 ECTS<\/td>\n<\/tr>\n<tr style=\"height: 24px;\">\n<td style=\"width: 484.45px; height: 24px;\"><a href=\"https:\/\/www.unileon.es\/estudiantes\/estudiantes-master\/oferta-titulaciones\/mu-cultura-y-pensamiento-europeo-tradicion-y-pervivencia\/plan-estudios?id=1743023&amp;curso=2019\">La antig\u00fcedad cl\u00e1sica y el simbolismo en el arte occidental<\/a><\/td>\n<td style=\"width: 66.55px; height: 24px;\">3 ECTS<\/td>\n<\/tr>\n<tr style=\"height: 24px;\">\n<td style=\"width: 484.45px; height: 24px;\"><a href=\"https:\/\/www.unileon.es\/estudiantes\/estudiantes-master\/oferta-titulaciones\/mu-cultura-y-pensamiento-europeo-tradicion-y-pervivencia\/plan-estudios?id=1743024&amp;curso=2019\">La arqueolog\u00eda del siglo XXI<\/a><\/td>\n<td style=\"width: 66.55px; height: 24px;\">3 ECTS<\/td>\n<\/tr>\n<tr style=\"height: 24px;\">\n<td style=\"width: 484.45px; height: 24px;\"><a href=\"https:\/\/www.unileon.es\/estudiantes\/estudiantes-master\/oferta-titulaciones\/mu-cultura-y-pensamiento-europeo-tradicion-y-pervivencia\/plan-estudios?id=1743026&amp;curso=2019\">Cultura griega y mitemas universales en el cine<\/a><\/td>\n<td style=\"width: 66.55px; height: 24px;\">3 ECTS<\/td>\n<\/tr>\n<tr style=\"height: 24px;\">\n<td style=\"width: 484.45px; height: 24px;\"><a href=\"https:\/\/www.unileon.es\/estudiantes\/estudiantes-master\/oferta-titulaciones\/mu-cultura-y-pensamiento-europeo-tradicion-y-pervivencia\/plan-estudios?id=1743028&amp;curso=2019\">La ciudad: tradici\u00f3n e innovaci\u00f3n<\/a><\/td>\n<td style=\"width: 66.55px; height: 24px;\">3 ECTS<\/td>\n<\/tr>\n<tr style=\"height: 24px;\">\n<td style=\"width: 484.45px; height: 24px;\"><a href=\"https:\/\/www.unileon.es\/estudiantes\/estudiantes-master\/oferta-titulaciones\/mu-cultura-y-pensamiento-europeo-tradicion-y-pervivencia\/plan-estudios?id=1743029&amp;curso=2019\">Racionalidad pr\u00e1ctica y te\u00f3rica: sus l\u00edmites y evoluci\u00f3n<\/a><\/td>\n<td style=\"width: 66.55px; height: 24px;\">3 ECTS<\/td>\n<\/tr>\n<tr style=\"height: 24px;\">\n<td style=\"width: 484.45px; height: 24px;\"><a href=\"https:\/\/www.unileon.es\/estudiantes\/estudiantes-master\/oferta-titulaciones\/mu-cultura-y-pensamiento-europeo-tradicion-y-pervivencia\/plan-estudios?id=1743031&amp;curso=2019\">El imaginario literario medieval: ra\u00edces y pervivencia<\/a><\/td>\n<td style=\"width: 66.55px; height: 24px;\">3 ECTS<\/td>\n<\/tr>\n<tr style=\"height: 24px;\">\n<td style=\"width: 484.45px; height: 24px;\"><a href=\"https:\/\/www.unileon.es\/estudiantes\/estudiantes-master\/oferta-titulaciones\/mu-cultura-y-pensamiento-europeo-tradicion-y-pervivencia\/plan-estudios?id=1743033&amp;curso=2019\">Espa\u00f1a: gran teatro del mundo<\/a><\/td>\n<td style=\"width: 66.55px; height: 24px;\">3 ECTS<\/td>\n<\/tr>\n<tr style=\"height: 24px;\">\n<td style=\"width: 484.45px; height: 24px;\"><a href=\"https:\/\/www.unileon.es\/estudiantes\/oferta-academica\/masteres\/mu-cultura-y-pensamiento-europeo-tradicion-y-pervivencia\/plan-estudios?id=1743021&amp;cursoa=2020\">Sociedades europeas del Antiguo R\u00e9gimen<\/a><\/td>\n<td style=\"width: 66.55px; height: 24px;\">3 ECTS<\/td>\n<\/tr>\n<tr style=\"height: 24px;\">\n<td style=\"width: 484.45px; height: 24px;\"><a href=\"https:\/\/www.unileon.es\/estudiantes\/oferta-academica\/masteres\/mu-cultura-y-pensamiento-europeo-tradicion-y-pervivencia\/plan-estudios?id=1743022&amp;cursoa=2020\">Marginaci\u00f3n y asistencia en Europa<\/a><\/td>\n<td style=\"width: 66.55px; height: 24px;\">3 ECTS<\/td>\n<\/tr>\n<tr style=\"height: 24px;\">\n<td style=\"width: 484.45px; height: 24px;\"><a href=\"https:\/\/www.unileon.es\/estudiantes\/oferta-academica\/masteres\/mu-cultura-y-pensamiento-europeo-tradicion-y-pervivencia\/plan-estudios?id=1743025&amp;cursoa=2020\">Recepci\u00f3n del mito cl\u00e1sico en las literaturas europeas<\/a><\/td>\n<td style=\"width: 66.55px; height: 24px;\">3 ECTS<\/td>\n<\/tr>\n<tr style=\"height: 24px;\">\n<td style=\"width: 484.45px; height: 24px;\"><a href=\"https:\/\/www.unileon.es\/estudiantes\/oferta-academica\/masteres\/mu-cultura-y-pensamiento-europeo-tradicion-y-pervivencia\/plan-estudios?id=1743027&amp;cursoa=2020\">Viajes transoce\u00e1nicos de ida y vuelta<\/a><\/td>\n<td style=\"width: 66.55px; height: 24px;\">3 ECTS<\/td>\n<\/tr>\n<tr style=\"height: 24px;\">\n<td style=\"width: 484.45px; height: 24px;\"><a href=\"https:\/\/www.unileon.es\/estudiantes\/oferta-academica\/masteres\/mu-cultura-y-pensamiento-europeo-tradicion-y-pervivencia\/plan-estudios?id=1743030&amp;cursoa=2020\">La salud como elemento cultural: In corpore sano<\/a><\/td>\n<td style=\"width: 66.55px; height: 24px;\">3 ECTS<\/td>\n<\/tr>\n<tr style=\"height: 24px;\">\n<td style=\"width: 484.45px; height: 24px;\"><a href=\"https:\/\/www.unileon.es\/estudiantes\/oferta-academica\/masteres\/mu-cultura-y-pensamiento-europeo-tradicion-y-pervivencia\/plan-estudios?id=1743032&amp;cursoa=2020\">Edici\u00f3n filol\u00f3gica y digital<\/a><\/td>\n<td style=\"width: 66.55px; height: 24px;\">3 ECTS<\/td>\n<\/tr>\n<tr style=\"height: 45px;\">\n<td style=\"width: 484.45px; height: 45px;\"><a href=\"https:\/\/www.unileon.es\/estudiantes\/oferta-academica\/masteres\/mu-cultura-y-pensamiento-europeo-tradicion-y-pervivencia\/plan-estudios?id=1743034&amp;cursoa=2020\">Di\u00e1logos transoce\u00e1nicos en la narrativa contempor\u00e1nea en espa\u00f1ol<\/a><\/td>\n<td style=\"width: 66.55px; height: 45px;\">3 ECTS<\/td>\n<\/tr>\n<tr style=\"height: 24px;\">\n<td style=\"width: 484.45px; height: 24px;\"><a href=\"https:\/\/www.unileon.es\/estudiantes\/oferta-academica\/masteres\/mu-cultura-y-pensamiento-europeo-tradicion-y-pervivencia\/plan-estudios?id=1743035&amp;cursoa=2020\">Tradiciones literarias anglosajonas importadas<\/a><\/td>\n<td style=\"width: 66.55px; height: 24px;\">3 ECTS<\/td>\n<\/tr>\n<tr style=\"height: 24px;\">\n<td style=\"width: 484.45px; height: 24px;\"><a href=\"https:\/\/www.unileon.es\/estudiantes\/oferta-academica\/masteres\/mu-cultura-y-pensamiento-europeo-tradicion-y-pervivencia\/plan-estudios?id=1743036&amp;cursoa=2020\">Cervantes y Shakespeare<\/a><\/td>\n<td style=\"width: 66.55px; height: 24px;\">3 ECTS<\/td>\n<\/tr>\n<tr style=\"height: 24px;\">\n<td style=\"width: 484.45px; height: 24px;\"><a href=\"https:\/\/www.unileon.es\/estudiantes\/oferta-academica\/masteres\/mu-cultura-y-pensamiento-europeo-tradicion-y-pervivencia\/plan-estudios?id=1743037&amp;cursoa=2020\">El oro de los siglos de la poes\u00eda espa\u00f1ola<\/a><\/td>\n<td style=\"width: 66.55px; height: 24px;\">3 ECTS<\/td>\n<\/tr>\n<tr style=\"height: 24px;\">\n<td style=\"width: 484.45px; height: 24px;\"><a href=\"https:\/\/www.unileon.es\/estudiantes\/oferta-academica\/masteres\/mu-cultura-y-pensamiento-europeo-tradicion-y-pervivencia\/plan-estudios?id=1743038&amp;cursoa=2020\">Elementos identitarios en la Prehistoria europea<\/a><\/td>\n<td style=\"width: 66.55px; height: 24px;\">3 ECTS<\/td>\n<\/tr>\n<tr style=\"height: 24px;\">\n<td style=\"width: 484.45px; height: 24px;\"><a href=\"https:\/\/www.unileon.es\/estudiantes\/oferta-academica\/masteres\/mu-cultura-y-pensamiento-europeo-tradicion-y-pervivencia\/plan-estudios?id=1743039&amp;cursoa=2020\">Itinerarios culturales europeos<\/a><\/td>\n<td style=\"width: 66.55px; height: 24px;\">3 ECTS<\/td>\n<\/tr>\n<tr style=\"height: 24px;\">\n<td style=\"width: 484.45px; height: 24px;\"><a href=\"https:\/\/www.unileon.es\/estudiantes\/oferta-academica\/masteres\/mu-cultura-y-pensamiento-europeo-tradicion-y-pervivencia\/plan-estudios?id=1743040&amp;cursoa=2020\">La presencia del espa\u00f1ol y su cultura en el mundo<\/a><\/td>\n<td style=\"width: 66.55px; height: 24px;\">3 ECTS<\/td>\n<\/tr>\n<tr style=\"height: 32px;\">\n<td style=\"width: 484.45px; height: 32px;\"><strong><a href=\"http:\/\/www.unileon.es\/estudiantes\/estudiantes-master\/oferta-titulaciones\/mu-cultura-pensamiento-europeo-tradicion-y-pervivencia\/plan-estudios?id=1729177&amp;curso=2015\" target=\"_blank\" rel=\"noopener noreferrer\">MASTER&#8217;S TESIS<\/a><\/strong><\/td>\n<td style=\"width: 66.55px; height: 32px;\">12 ECTS<\/td>\n<\/tr>\n<tr style=\"height: 32px;\">\n<td style=\"width: 484.45px; height: 32px;\"><strong>TOTAL<\/strong><\/td>\n<td style=\"width: 66.55px; height: 32px;\"><strong>90 E<\/strong><\/td>\n<\/tr>\n<\/tbody>\n<\/table>\n","protected":false},"excerpt":{"rendered":"<p>First Semester 32 ECTS COMPULSORY SUBJECTS Herramientas documentales para la investigaci\u00f3n y la comunicaci\u00f3n cient\u00edfica \u00a04 ECTS M\u00e9todos de investigaci\u00f3n en Humanidades 4 ECTS Pensamiento y filosof\u00eda de la historia 4 ECTS ITINERARY 1. EUROPEAN IDENTITY La construcci\u00f3n de Europa 4 ECTS El espacio geogr\u00e1fico europeo 4 ECTS ITINERARY 2. HISPANIC CULTURE AND ITS PROJECTION [&hellip;]<\/p>\n","protected":false},"author":86,"featured_media":0,"parent":0,"menu_order":0,"comment_status":"closed","ping_status":"closed","template":"","meta":{"footnotes":""},"class_list":["post-33","page","type-page","status-publish","hentry"],"_links":{"self":[{"href":"https:\/\/grupos.unileon.es\/masterculture\/wp-json\/wp\/v2\/pages\/33","targetHints":{"allow":["GET"]}}],"collection":[{"href":"https:\/\/grupos.unileon.es\/masterculture\/wp-json\/wp\/v2\/pages"}],"about":[{"href":"https:\/\/grupos.unileon.es\/masterculture\/wp-json\/wp\/v2\/types\/page"}],"author":[{"embeddable":true,"href":"https:\/\/grupos.unileon.es\/masterculture\/wp-json\/wp\/v2\/users\/86"}],"replies":[{"embeddable":true,"href":"https:\/\/grupos.unileon.es\/masterculture\/wp-json\/wp\/v2\/comments?post=33"}],"version-history":[{"count":41,"href":"https:\/\/grupos.unileon.es\/masterculture\/wp-json\/wp\/v2\/pages\/33\/revisions"}],"predecessor-version":[{"id":803,"href":"https:\/\/grupos.unileon.es\/masterculture\/wp-json\/wp\/v2\/pages\/33\/revisions\/803"}],"wp:attachment":[{"href":"https:\/\/grupos.unileon.es\/masterculture\/wp-json\/wp\/v2\/media?parent=33"}],"curies":[{"name":"wp","href":"https:\/\/api.w.org\/{rel}","templated":true}]}}