{"id":74,"date":"2015-07-05T10:50:09","date_gmt":"2015-07-05T10:50:09","guid":{"rendered":"http:\/\/grupos.unileon.es\/masterculture\/?page_id=74"},"modified":"2020-06-15T12:10:34","modified_gmt":"2020-06-15T12:10:34","slug":"contacto","status":"publish","type":"page","link":"https:\/\/grupos.unileon.es\/masterculture\/contacto\/","title":{"rendered":"Contacto"},"content":{"rendered":"<table class=\"sinbordes extendida\">\n<tbody>\n<tr>\n<td style=\"vertical-align: middle;\">\u00a0<img loading=\"lazy\" decoding=\"async\" class=\" aligncenter wp-image-98\" src=\"http:\/\/grupos.unileon.es\/masterculture\/files\/2015\/07\/direccion.jpg\" alt=\"direccion\" width=\"65\" height=\"65\" \/><\/td>\n<td style=\"vertical-align: middle;\">Sede del Instituto de Humanismo y Tradici\u00f3n Cl\u00e1sica.<br \/>\nEdificio Biblioteca Central San Isidoro.<br \/>\nUniversidad de Le\u00f3n<br \/>\nCampus de Vegazana s\/n.<br \/>\n24071 Le\u00f3n<\/td>\n<\/tr>\n<tr>\n<td style=\"vertical-align: middle;\"><img loading=\"lazy\" decoding=\"async\" class=\" aligncenter wp-image-100\" src=\"http:\/\/grupos.unileon.es\/masterculture\/files\/2015\/07\/teleefono.jpg\" alt=\"teleefono\" width=\"62\" height=\"62\" srcset=\"https:\/\/grupos.unileon.es\/masterculture\/files\/2015\/07\/teleefono.jpg 168w, https:\/\/grupos.unileon.es\/masterculture\/files\/2015\/07\/teleefono-150x150.jpg 150w\" sizes=\"auto, (max-width: 62px) 100vw, 62px\" \/><\/td>\n<td style=\"vertical-align: middle;\">987 291015<\/td>\n<\/tr>\n<tr>\n<td style=\"vertical-align: middle;\"><img loading=\"lazy\" decoding=\"async\" class=\"alignnone wp-image-304\" src=\"http:\/\/grupos.unileon.es\/masterculture\/files\/2015\/07\/arroba1.gif\" alt=\"arroba1\" width=\"62\" height=\"62\" \/><\/td>\n<td style=\"vertical-align: middle;\">Natalia \u00c1lvarez M\u00e9ndez (Coordinadora del M\u00e1ster)<br \/>\n<a href=\"mailto:mcrodl@unileon.es\">natalia.alvarez@unileon.es<\/a><\/td>\n<\/tr>\n<tr>\n<td style=\"vertical-align: middle;\">\u00a0<a href=\"http:\/\/goo.gl\/forms\/WXRG6yHJGv\" target=\"_blank\" rel=\"noopener noreferrer\"><img loading=\"lazy\" decoding=\"async\" class=\"alignnone wp-image-101\" src=\"http:\/\/grupos.unileon.es\/masterculture\/files\/2015\/07\/email.jpg\" alt=\"email\" width=\"62\" height=\"62\" srcset=\"https:\/\/grupos.unileon.es\/masterculture\/files\/2015\/07\/email.jpg 168w, https:\/\/grupos.unileon.es\/masterculture\/files\/2015\/07\/email-150x150.jpg 150w\" sizes=\"auto, (max-width: 62px) 100vw, 62px\" \/><\/a><\/td>\n<td style=\"vertical-align: middle;\"><a href=\"http:\/\/goo.gl\/forms\/WXRG6yHJGv\" target=\"_blank\" rel=\"noopener noreferrer\">Buz\u00f3n de sugerencias<\/a><\/td>\n<\/tr>\n<tr>\n<td style=\"vertical-align: middle;\"><a href=\"https:\/\/www.facebook.com\/mastercultura.unileon\" target=\"_blank\" rel=\"noopener noreferrer\"><img loading=\"lazy\" decoding=\"async\" class=\"aligncenter wp-image-103\" src=\"http:\/\/grupos.unileon.es\/masterculture\/files\/2015\/07\/facebook.png\" alt=\"facebook\" width=\"80\" height=\"57\" \/><\/a><\/td>\n<td style=\"vertical-align: middle;\"><a href=\"https:\/\/www.facebook.com\/mastercultura.unileon\" target=\"_blank\" rel=\"noopener noreferrer\">https:\/\/www.facebook.com\/mastercultura.unileon<\/a>\/<\/td>\n<\/tr>\n<\/tbody>\n<\/table>\n<h3>\u00bfD\u00f3nde estamos?<\/h3>\n<p style=\"text-align: center;\"><a href=\"http:\/\/grupos.unileon.es\/masterculture\/files\/2015\/07\/408787.jpg\">\u00a0<\/a><\/p>\n<p><img loading=\"lazy\" decoding=\"async\" class=\"floatleft\" src=\"http:\/\/grupos.unileon.es\/masterculture\/files\/2015\/07\/instituto-300x173.jpg\" alt=\"instituto\" width=\"300\" height=\"173\" \/><a href=\"http:\/\/grupos.unileon.es\/masterculture\/files\/2015\/07\/mapa.jpg\"><img loading=\"lazy\" decoding=\"async\" class=\"floatright\" src=\"http:\/\/grupos.unileon.es\/masterculture\/files\/2015\/07\/mapa-300x218.jpg\" alt=\"mapa\" width=\"232\" height=\"169\" \/><\/a><\/p>\n<p class=\"clear\">\n","protected":false},"excerpt":{"rendered":"<p>\u00a0 Sede del Instituto de Humanismo y Tradici\u00f3n Cl\u00e1sica. Edificio Biblioteca Central San Isidoro. Universidad de Le\u00f3n Campus de Vegazana s\/n. 24071 Le\u00f3n 987 291015 Natalia \u00c1lvarez M\u00e9ndez (Coordinadora del M\u00e1ster) natalia.alvarez@unileon.es \u00a0 Buz\u00f3n de sugerencias https:\/\/www.facebook.com\/mastercultura.unileon\/ \u00bfD\u00f3nde estamos? \u00a0<\/p>\n","protected":false},"author":86,"featured_media":0,"parent":0,"menu_order":0,"comment_status":"closed","ping_status":"closed","template":"","meta":{"footnotes":""},"class_list":["post-74","page","type-page","status-publish","hentry"],"_links":{"self":[{"href":"https:\/\/grupos.unileon.es\/masterculture\/wp-json\/wp\/v2\/pages\/74","targetHints":{"allow":["GET"]}}],"collection":[{"href":"https:\/\/grupos.unileon.es\/masterculture\/wp-json\/wp\/v2\/pages"}],"about":[{"href":"https:\/\/grupos.unileon.es\/masterculture\/wp-json\/wp\/v2\/types\/page"}],"author":[{"embeddable":true,"href":"https:\/\/grupos.unileon.es\/masterculture\/wp-json\/wp\/v2\/users\/86"}],"replies":[{"embeddable":true,"href":"https:\/\/grupos.unileon.es\/masterculture\/wp-json\/wp\/v2\/comments?post=74"}],"version-history":[{"count":45,"href":"https:\/\/grupos.unileon.es\/masterculture\/wp-json\/wp\/v2\/pages\/74\/revisions"}],"predecessor-version":[{"id":778,"href":"https:\/\/grupos.unileon.es\/masterculture\/wp-json\/wp\/v2\/pages\/74\/revisions\/778"}],"wp:attachment":[{"href":"https:\/\/grupos.unileon.es\/masterculture\/wp-json\/wp\/v2\/media?parent=74"}],"curies":[{"name":"wp","href":"https:\/\/api.w.org\/{rel}","templated":true}]}}