{"id":102,"date":"2013-07-03T17:12:31","date_gmt":"2013-07-03T17:12:31","guid":{"rendered":"http:\/\/grupos.unileon.es\/mebar\/?page_id=102"},"modified":"2013-12-20T16:28:55","modified_gmt":"2013-12-20T16:28:55","slug":"jose-manuel-trabado-cabado","status":"publish","type":"page","link":"https:\/\/grupos.unileon.es\/mebar\/participantes-del-grupo\/jose-manuel-trabado-cabado\/","title":{"rendered":"Jose Manuel Trabado Cabado"},"content":{"rendered":"<p style=\"text-align: justify;\"><a href=\"http:\/\/grupos.unileon.es\/mebar\/files\/2013\/07\/ManuelTrabado.jpg\"><img loading=\"lazy\" decoding=\"async\" class=\"alignleft  wp-image-103\" style=\"border: white 10px solid;\" alt=\"ManuelTrabado\" src=\"http:\/\/grupos.unileon.es\/mebar\/files\/2013\/07\/ManuelTrabado-225x300.jpg\" width=\"146\" height=\"197\" \/><\/a>Profesor titular de Teor\u00eda de la Literatura y Literatura Comparada de la Universidad de Le\u00f3n. Se doctor\u00f3 con una tesis que analizaba la poes\u00eda de <i>La Galatea <\/i>de Miguel de Cervantes.<\/p>\n<p style=\"text-align: justify;\">Entre sus publicaciones cabe contar los libros: <i>Po\u00e9tica y pragm\u00e1tica del discurso l\u00edrico. El cancionero pastoril de la Galatea<\/i>, Madrid, CSIC, 2000; <i>La lectura l\u00edrica. Asedios pragm\u00e1ticos a textos po\u00e9ticos<\/i>, Madrid, Universidad de Le\u00f3n, 2002; <i>La escritura n\u00f3mada. Los l\u00edmites gen\u00e9ricos del cuento contempor\u00e1neo<\/i>, Le\u00f3n, Universidad de Le\u00f3n, 2005; <i>Antes de la novela gr\u00e1fica. Cl\u00e1sicos del c\u00f3mic en la prensa norteamericana<\/i>, Madrid, C\u00e1tedra, 2012; <i>La novela gr\u00e1fica. Po\u00e9ticas y modelos narrativos<\/i>, Madrid, Arco Libros, 2013 (en prensa). Ha trabajo en el \u00e1mbito del Siglo de Oro con art\u00edculos sobre Lope de Vega, Cervantes, G\u00f3ngora, Herrera, Calder\u00f3n de la Barca y en la literatura contempor\u00e1nea sobre autores como Jenaro Talens, Pablo Garc\u00eda Baena, Tom\u00e1s S\u00e1nchez Santiago, \u00c1ngel Crespo, Jos\u00e9 Corredor Matheos, etc<\/p>\n","protected":false},"excerpt":{"rendered":"<p>Profesor titular de Teor\u00eda de la Literatura y Literatura Comparada de la Universidad de Le\u00f3n. Se doctor\u00f3 con una tesis que analizaba la poes\u00eda de La Galatea de Miguel de Cervantes. Entre sus publicaciones cabe contar los libros: Po\u00e9tica y pragm\u00e1tica del discurso l\u00edrico. El cancionero pastoril de la Galatea, Madrid, CSIC, 2000; La lectura [&hellip;]<\/p>\n","protected":false},"author":16,"featured_media":0,"parent":42,"menu_order":0,"comment_status":"closed","ping_status":"closed","template":"","meta":{"footnotes":""},"class_list":["post-102","page","type-page","status-publish","hentry"],"_links":{"self":[{"href":"https:\/\/grupos.unileon.es\/mebar\/wp-json\/wp\/v2\/pages\/102","targetHints":{"allow":["GET"]}}],"collection":[{"href":"https:\/\/grupos.unileon.es\/mebar\/wp-json\/wp\/v2\/pages"}],"about":[{"href":"https:\/\/grupos.unileon.es\/mebar\/wp-json\/wp\/v2\/types\/page"}],"author":[{"embeddable":true,"href":"https:\/\/grupos.unileon.es\/mebar\/wp-json\/wp\/v2\/users\/16"}],"replies":[{"embeddable":true,"href":"https:\/\/grupos.unileon.es\/mebar\/wp-json\/wp\/v2\/comments?post=102"}],"version-history":[{"count":7,"href":"https:\/\/grupos.unileon.es\/mebar\/wp-json\/wp\/v2\/pages\/102\/revisions"}],"predecessor-version":[{"id":243,"href":"https:\/\/grupos.unileon.es\/mebar\/wp-json\/wp\/v2\/pages\/102\/revisions\/243"}],"up":[{"embeddable":true,"href":"https:\/\/grupos.unileon.es\/mebar\/wp-json\/wp\/v2\/pages\/42"}],"wp:attachment":[{"href":"https:\/\/grupos.unileon.es\/mebar\/wp-json\/wp\/v2\/media?parent=102"}],"curies":[{"name":"wp","href":"https:\/\/api.w.org\/{rel}","templated":true}]}}