{"id":1226,"date":"2015-08-22T23:17:26","date_gmt":"2015-08-22T23:17:26","guid":{"rendered":"http:\/\/grupos.unileon.es\/mebar\/?page_id=1226"},"modified":"2015-08-22T23:17:26","modified_gmt":"2015-08-22T23:17:26","slug":"antithesis-critica-literaria-aleman","status":"publish","type":"page","link":"https:\/\/grupos.unileon.es\/mebar\/antithesis-critica-literaria-aleman\/","title":{"rendered":"Antithesis. Cr\u00edtica literaria alem\u00e1n"},"content":{"rendered":"<p><strong>RICHTER<\/strong>, Jean Paul. <em>Vorschule der \u00c4sthetik<\/em>. 1804. \u00a0Nach der Ausgabe von Norbert Miller; Herausgegeben textkritisch durchgesehen und eigeleitet von Wolfhart Henckmann. Hamburg: Meiner Verlag, 1990. Impreso.<\/p>\n<p style=\"padding-left: 30px;\"><span style=\"color: #999999;\"><strong>Richter<\/strong>, Jean Paul. <em>Introducci\u00f3n a la est\u00e9tica. <\/em>1804.<em> \u00a0<\/em>Ed. de P. Aull\u00f3n de Haro (con la colaboraci\u00f3n de F. Sierra) sobre la versi\u00f3n de J. de Vargas. Madrid: Verbum, 1991. Impreso.<\/span><\/p>\n<p style=\"text-align: justify;\">[p. 132-133] \u00a0Wie die ernste Romantik, so ist auch die komische \u2013 im Gegensatz der klassischen Objektivit\u00e4t \u2013 die Regentin der Subjektivit\u00e4t. Denn wenn das Komische im verwechselnden Kontraste der subjektiven und objektiven Maxime besteht; so kann ich, da nach dem Obigen die objektive eine verlangte Unendlichkeit sein soll, diese nicht <em>au\u00dfer<\/em> mir gedenken und setzen, sondern nur in mir, wo ich ihr die subjektive unterlege. Folglich setz&#8217; ich mich selber in diesen Zwiespalt \u2013 aber nicht etwa an eine fremde Stelle, wie bei der Kom\u00f6die geschieht \u2013 und zerteile mein Ich in den endlichen und unendlichen Faktor und lasse aus jenem diesen kommen. Da lacht der Mensch, denn er sagt: \u00bbUnm\u00f6glich! Es ist viel zu toll!\u00ab Gewi\u00df! Daher spielt bei jedem Humoristen das Ich die erste Rolle; wo er kann, zieht er sogar seine pers\u00f6nlichen Verh\u00e4ltnisse auf sein komisches Theater, wiewohl nur, um sie poetisch zu vernichten.<\/p>\n<p style=\"text-align: justify; padding-left: 30px;\"><span style=\"color: #999999;\">[p. 101] Del mismo modo que lo serio rom\u00e1ntico, lo rom\u00e1ntico c\u00f3mico es, como en oposici\u00f3n con la objetividad cl\u00e1sica, el rey de la objetividad. Porque, consistiendo lo c\u00f3mico en la destrucci\u00f3n del contraste que existe entre los dos principios, el subjetivo y el objetivo, y seg\u00fan hemos dicho, debiendo ser el principio objetivo un infinito del que deseamos apoderarnos, no puedo imaginar ni poner este principio fuera de m\u00ed, sino que lo coloco en m\u00ed mismo, donde lo sustituyo con el principio subjetivo. Me pongo, por consiguiente, a m\u00ed mismo en esta oposici\u00f3n, sin colocarme por ello en sitio extra\u00f1o, como sucede con la comedia; divido mi yo en dos factores, el finito y el infinito, y hago emanar \u00e9ste del primero. El hombre r\u00ede entonces porque dice: \u00ab\u00a1Esto es imposible!\u00bb, \u00ab\u00a1Esto es absurdo!\u00bb \u00a1Sin duda!, y por eso en el humorista el <em>yo<\/em> desempe\u00f1a el papel principal, y all\u00ed donde esto es posible lleva su teatro c\u00f3mico sus relaciones personales, pero tan s\u00f3lo para aniquilarlas po\u00e9ticamente.<\/span><\/p>\n","protected":false},"excerpt":{"rendered":"<p>RICHTER, Jean Paul. Vorschule der \u00c4sthetik. 1804. \u00a0Nach der Ausgabe von Norbert Miller; Herausgegeben textkritisch durchgesehen und eigeleitet von Wolfhart Henckmann. Hamburg: Meiner Verlag, 1990. Impreso. Richter, Jean Paul. Introducci\u00f3n a la est\u00e9tica. 1804. \u00a0Ed. de P. Aull\u00f3n de Haro (con la colaboraci\u00f3n de F. Sierra) sobre la versi\u00f3n de J. de Vargas. Madrid: Verbum, [&hellip;]<\/p>\n","protected":false},"author":16,"featured_media":0,"parent":0,"menu_order":0,"comment_status":"closed","ping_status":"closed","template":"","meta":{"footnotes":""},"class_list":["post-1226","page","type-page","status-publish","hentry"],"_links":{"self":[{"href":"https:\/\/grupos.unileon.es\/mebar\/wp-json\/wp\/v2\/pages\/1226","targetHints":{"allow":["GET"]}}],"collection":[{"href":"https:\/\/grupos.unileon.es\/mebar\/wp-json\/wp\/v2\/pages"}],"about":[{"href":"https:\/\/grupos.unileon.es\/mebar\/wp-json\/wp\/v2\/types\/page"}],"author":[{"embeddable":true,"href":"https:\/\/grupos.unileon.es\/mebar\/wp-json\/wp\/v2\/users\/16"}],"replies":[{"embeddable":true,"href":"https:\/\/grupos.unileon.es\/mebar\/wp-json\/wp\/v2\/comments?post=1226"}],"version-history":[{"count":1,"href":"https:\/\/grupos.unileon.es\/mebar\/wp-json\/wp\/v2\/pages\/1226\/revisions"}],"predecessor-version":[{"id":1227,"href":"https:\/\/grupos.unileon.es\/mebar\/wp-json\/wp\/v2\/pages\/1226\/revisions\/1227"}],"wp:attachment":[{"href":"https:\/\/grupos.unileon.es\/mebar\/wp-json\/wp\/v2\/media?parent=1226"}],"curies":[{"name":"wp","href":"https:\/\/api.w.org\/{rel}","templated":true}]}}