{"id":1334,"date":"2015-08-23T15:57:55","date_gmt":"2015-08-23T15:57:55","guid":{"rendered":"http:\/\/grupos.unileon.es\/mebar\/?page_id=1334"},"modified":"2015-09-18T15:25:25","modified_gmt":"2015-09-18T15:25:25","slug":"insinuatio-critica-literaria-ingles","status":"publish","type":"page","link":"https:\/\/grupos.unileon.es\/mebar\/insinuatio-critica-literaria-ingles\/","title":{"rendered":"Insinuatio. Cr\u00edtica literaria ingl\u00e9s"},"content":{"rendered":"<p><strong>CAMPBELL, George<\/strong>. <em>The Philosophy of Rhetoric. <\/em>London: V. Strahan and T. Cadell, \u00a01776. 2 vols.<\/p>\n<p><strong>Insi<span style=\"color: #339966;\">nuatio<\/span><\/strong><br \/>\n<span style=\"color: #339966;\">Aparece en un cuadro de la divisi\u00f3n de los g\u00e9neros po\u00e9ticos como el modo de expresi\u00f3n propio de la \u00e9pica (a su vez dividida en mayor y menor)<\/span>. falta contextualizar<\/p>\n","protected":false},"excerpt":{"rendered":"<p>CAMPBELL, George. The Philosophy of Rhetoric. London: V. Strahan and T. Cadell, \u00a01776. 2 vols. Insinuatio Aparece en un cuadro de la divisi\u00f3n de los g\u00e9neros po\u00e9ticos como el modo de expresi\u00f3n propio de la \u00e9pica (a su vez dividida en mayor y menor). falta contextualizar<\/p>\n","protected":false},"author":16,"featured_media":0,"parent":0,"menu_order":0,"comment_status":"closed","ping_status":"closed","template":"","meta":{"footnotes":""},"class_list":["post-1334","page","type-page","status-publish","hentry"],"_links":{"self":[{"href":"https:\/\/grupos.unileon.es\/mebar\/wp-json\/wp\/v2\/pages\/1334","targetHints":{"allow":["GET"]}}],"collection":[{"href":"https:\/\/grupos.unileon.es\/mebar\/wp-json\/wp\/v2\/pages"}],"about":[{"href":"https:\/\/grupos.unileon.es\/mebar\/wp-json\/wp\/v2\/types\/page"}],"author":[{"embeddable":true,"href":"https:\/\/grupos.unileon.es\/mebar\/wp-json\/wp\/v2\/users\/16"}],"replies":[{"embeddable":true,"href":"https:\/\/grupos.unileon.es\/mebar\/wp-json\/wp\/v2\/comments?post=1334"}],"version-history":[{"count":2,"href":"https:\/\/grupos.unileon.es\/mebar\/wp-json\/wp\/v2\/pages\/1334\/revisions"}],"predecessor-version":[{"id":2013,"href":"https:\/\/grupos.unileon.es\/mebar\/wp-json\/wp\/v2\/pages\/1334\/revisions\/2013"}],"wp:attachment":[{"href":"https:\/\/grupos.unileon.es\/mebar\/wp-json\/wp\/v2\/media?parent=1334"}],"curies":[{"name":"wp","href":"https:\/\/api.w.org\/{rel}","templated":true}]}}