{"id":1377,"date":"2015-08-23T17:56:47","date_gmt":"2015-08-23T17:56:47","guid":{"rendered":"http:\/\/grupos.unileon.es\/mebar\/?page_id=1377"},"modified":"2015-08-23T17:56:47","modified_gmt":"2015-08-23T17:56:47","slug":"elogium-recepcion-aleman","status":"publish","type":"page","link":"https:\/\/grupos.unileon.es\/mebar\/elogium-recepcion-aleman\/","title":{"rendered":"Elogium. Recepci\u00f3n alem\u00e1n"},"content":{"rendered":"<p><strong>UEDING, G<\/strong>.\u00a0<em>Historisches W\u00f6rterbuch der Rhetorik.<\/em>\u00a0T\u00fcrbingen: Niemeyer, 1992-2009, 10 vols.<\/p>\n<p>Eloge,\u00a0<em>laudatio, enkomio<\/em><\/p>\n<p><strong>Ueding, G.<\/strong> <em>Historisches W\u00f6rterbuch<\/em>: Band II, pp. 1083-1086)<\/p>\n<p style=\"text-align: justify;\">[p. 1083] Die Eloge ist \u201aeine Lobrede auf eine Person oder eine Sache, die wegen ihrer Vorz\u00fcglichkeit, ihres Ranges oder ihrer guten Eigenschaften ger\u00fchmt wird\u2019 (E. Mallet: Art. Eloge in encyclop\u00e9die Bd. 4, Paris, 1755) Das franz\u00f6sische Word Eloge belegt seit dem 16. Jh. entstand aus mittellateinische Eulogium, das seinerseits auf grieschische eulogia verweist. In der franz\u00f6sischen Kultur hat die Eloge besondere Funktionen, Anwendungsbereiche und Themen. Sie liefert das Grundmuster f\u00fcr bestimmte rhetorische Gattungen (z. B. Grabrede, akademische Festrede). Ihr rhetorischen Konzept und die \u00fcberlieferten Modalit\u00e4ten gehen auf das enkomium zur\u00fcck.<\/p>\n<p style=\"text-align: justify;\">\n","protected":false},"excerpt":{"rendered":"<p>UEDING, G.\u00a0Historisches W\u00f6rterbuch der Rhetorik.\u00a0T\u00fcrbingen: Niemeyer, 1992-2009, 10 vols. Eloge,\u00a0laudatio, enkomio Ueding, G. Historisches W\u00f6rterbuch: Band II, pp. 1083-1086) [p. 1083] Die Eloge ist \u201aeine Lobrede auf eine Person oder eine Sache, die wegen ihrer Vorz\u00fcglichkeit, ihres Ranges oder ihrer guten Eigenschaften ger\u00fchmt wird\u2019 (E. Mallet: Art. Eloge in encyclop\u00e9die Bd. 4, Paris, 1755) Das [&hellip;]<\/p>\n","protected":false},"author":16,"featured_media":0,"parent":0,"menu_order":0,"comment_status":"closed","ping_status":"closed","template":"","meta":{"footnotes":""},"class_list":["post-1377","page","type-page","status-publish","hentry"],"_links":{"self":[{"href":"https:\/\/grupos.unileon.es\/mebar\/wp-json\/wp\/v2\/pages\/1377","targetHints":{"allow":["GET"]}}],"collection":[{"href":"https:\/\/grupos.unileon.es\/mebar\/wp-json\/wp\/v2\/pages"}],"about":[{"href":"https:\/\/grupos.unileon.es\/mebar\/wp-json\/wp\/v2\/types\/page"}],"author":[{"embeddable":true,"href":"https:\/\/grupos.unileon.es\/mebar\/wp-json\/wp\/v2\/users\/16"}],"replies":[{"embeddable":true,"href":"https:\/\/grupos.unileon.es\/mebar\/wp-json\/wp\/v2\/comments?post=1377"}],"version-history":[{"count":1,"href":"https:\/\/grupos.unileon.es\/mebar\/wp-json\/wp\/v2\/pages\/1377\/revisions"}],"predecessor-version":[{"id":1378,"href":"https:\/\/grupos.unileon.es\/mebar\/wp-json\/wp\/v2\/pages\/1377\/revisions\/1378"}],"wp:attachment":[{"href":"https:\/\/grupos.unileon.es\/mebar\/wp-json\/wp\/v2\/media?parent=1377"}],"curies":[{"name":"wp","href":"https:\/\/api.w.org\/{rel}","templated":true}]}}