{"id":1395,"date":"2015-08-23T18:25:17","date_gmt":"2015-08-23T18:25:17","guid":{"rendered":"http:\/\/grupos.unileon.es\/mebar\/?page_id=1395"},"modified":"2015-08-23T18:25:17","modified_gmt":"2015-08-23T18:25:17","slug":"licentia-recepcion-aleman","status":"publish","type":"page","link":"https:\/\/grupos.unileon.es\/mebar\/licentia-recepcion-aleman\/","title":{"rendered":"Licentia. Recepci\u00f3n alem\u00e1n"},"content":{"rendered":"<p><strong>UEDING, G<\/strong>.\u00a0<em>Historisches W\u00f6rterbuch der Rhetorik.<\/em>\u00a0T\u00fcrbingen: Niemeyer, 1992-2009, 10 vols.<\/p>\n<p><strong>Licentia, oratio libera, parrhesia<\/strong><\/p>\n<p><strong>Ueding, G<\/strong>. <em>Historisches W\u00f6rterbuch<\/em>: Band V, pp. 253-258<\/p>\n<p style=\"text-align: justify;\">[p. 253] In der Lehre vom Redeschmuck (ornatus), einem Teilbereich der elocutio, steht der von der Verb licere abgeleitete Terminus Licentia f\u00fcr eine Gedankefigur: Der Redner nimmt sich die Freizeit, sein Publikum um der guten Sache willen offen zu r\u00fcgen, auf die wirkliche oder fingierte Gefahr hin, den Unmut der H\u00f6rer zu erregen. In der allgemeinen Kunsttheorie ist die Licentia die Abweichung von der Sprach -oder Kunstregel, die entweder negativ als regellose Willk\u00fcr oder positiv als gewissen K\u00fcnstlern bzw. K\u00fcnsten (insbesondere Dichtung und Musik) zugestandene, geduldete oder gar erw\u00fcnschte \u201aLizenz\u2019 im Gegensatz zum Regelverstoss (vitium) verstanden werden kann.<\/p>\n","protected":false},"excerpt":{"rendered":"<p>UEDING, G.\u00a0Historisches W\u00f6rterbuch der Rhetorik.\u00a0T\u00fcrbingen: Niemeyer, 1992-2009, 10 vols. Licentia, oratio libera, parrhesia Ueding, G. Historisches W\u00f6rterbuch: Band V, pp. 253-258 [p. 253] In der Lehre vom Redeschmuck (ornatus), einem Teilbereich der elocutio, steht der von der Verb licere abgeleitete Terminus Licentia f\u00fcr eine Gedankefigur: Der Redner nimmt sich die Freizeit, sein Publikum um der [&hellip;]<\/p>\n","protected":false},"author":16,"featured_media":0,"parent":0,"menu_order":0,"comment_status":"closed","ping_status":"closed","template":"","meta":{"footnotes":""},"class_list":["post-1395","page","type-page","status-publish","hentry"],"_links":{"self":[{"href":"https:\/\/grupos.unileon.es\/mebar\/wp-json\/wp\/v2\/pages\/1395","targetHints":{"allow":["GET"]}}],"collection":[{"href":"https:\/\/grupos.unileon.es\/mebar\/wp-json\/wp\/v2\/pages"}],"about":[{"href":"https:\/\/grupos.unileon.es\/mebar\/wp-json\/wp\/v2\/types\/page"}],"author":[{"embeddable":true,"href":"https:\/\/grupos.unileon.es\/mebar\/wp-json\/wp\/v2\/users\/16"}],"replies":[{"embeddable":true,"href":"https:\/\/grupos.unileon.es\/mebar\/wp-json\/wp\/v2\/comments?post=1395"}],"version-history":[{"count":1,"href":"https:\/\/grupos.unileon.es\/mebar\/wp-json\/wp\/v2\/pages\/1395\/revisions"}],"predecessor-version":[{"id":1396,"href":"https:\/\/grupos.unileon.es\/mebar\/wp-json\/wp\/v2\/pages\/1395\/revisions\/1396"}],"wp:attachment":[{"href":"https:\/\/grupos.unileon.es\/mebar\/wp-json\/wp\/v2\/media?parent=1395"}],"curies":[{"name":"wp","href":"https:\/\/api.w.org\/{rel}","templated":true}]}}