{"id":14,"date":"2013-07-02T11:40:35","date_gmt":"2013-07-02T11:40:35","guid":{"rendered":"http:\/\/grupos.unileon.es\/mebar\/?page_id=14"},"modified":"2015-12-09T12:17:32","modified_gmt":"2015-12-09T12:17:32","slug":"antitesis","status":"publish","type":"page","link":"https:\/\/grupos.unileon.es\/mebar\/antitesis\/","title":{"rendered":"Publicaciones"},"content":{"rendered":"<p style=\"text-align: justify;\"><strong>\u00c1lvarez Ordo\u00f1ez, Gemma<\/strong> (ed.), <em>Ret\u00f3rica de la felicidad<\/em>, Palermo, Officina di Studi Medievali, 2011.<\/p>\n<p><strong>\u00c1lvarez Ordo\u00f1ez , Gemma,<\/strong> <strong>\u00a0<\/strong>\u00bb Les orages desir\u00e9s, dans Ren\u00e9 de Chateaubriand\u00bb, \u00a0en <em>International Congress Rhetoric<\/em>, Universidad de Le\u00f3n, enero 2014.<\/p>\n<p><strong>Arenas-Dol\u00e7, Francisco<\/strong>. \u00a0<i>Ret\u00f3rica y democracia. Perspectivas cr\u00edticas sobre el estado de la investigaci\u00f3n<\/i>, Valencia, Instituci\u00f3 Alfons el Magnanim, 2012, ISBN: 978-84-7822-629-0.<\/p>\n<p style=\"text-align: justify;\"><strong>Arenas Dol\u00e7, Francisco<\/strong>, \u00a0\u201cKnowing when you do not know enough: a Rhetoric of Serendipity\u201d, \u00a0en<em> Eighteenth-Century Studies Conference<\/em> . Hugh\u2019s College, Oxford (Reino Unido), 2015.<\/p>\n<p style=\"text-align: justify;\"><strong>Gallego Lorenzo, Josefa<\/strong>,\u00a0\u201cWiki, herramienta colaborativa para el desarrollo del proyecto\u201d, en\u00a0<em>International Congress Rhetoric and Narrative<\/em>. Universidad de Le\u00f3n, 2014.<\/p>\n<p style=\"text-align: justify;\"><strong>Guti\u00e9rrez Vi\u00f1ayo, F\u00e9lix C\u00e9sar,<\/strong> \u201cSpirite de Th\u00e9ophile Gautier\u00a0: la qu\u00eate du bonheur accompli\u201d, en\u00a0 <em>Ret\u00f3rica de la felicidad,<\/em> Gemma \u00c1lvarez Ord\u00f3\u00f1ez (ed.), Palermo, Officina di Studi Medievali, 2011.<em>\u00a0<\/em><\/p>\n<p><strong>Guti\u00e9rrez Vi\u00f1ayo, F\u00e9lix C\u00e9sar,<\/strong>\u00a0\u00abLe r\u00eave et la re\u00e1lit\u00e9 dans \u00abSpirite\u00bb de Th\u00e9ophile Gautier. La rh\u00e9torique des apparences\u201d, en <em>International Congress Rhetoric,<\/em> Universidad de Le\u00f3n, enero 2014.<\/p>\n<p style=\"text-align: justify;\"><strong>Mari\u00f1o G\u00f3mez, Francisco Manuel,<\/strong>\u00a0 \u201cDer Geisterseher, de Schiller, como obra rom\u00e1ntica\u201d, en <em>International Congress Rhetoric and Narrative<\/em>. Universidad de Le\u00f3n, enero 2014.<\/p>\n<p><strong>Mari\u00f1o G\u00f3mez, Francisco Manuel,<\/strong>\u00a0 \u201c<em>Los \u00faltimos d\u00edas de la humanidad<\/em>, de Karl Kraus. Una cr\u00f3nica de la I Guerra Mundial\u201d, \u00a0<em>100 a\u00f1os de la I Guerra Mundial: una<\/em> memoria, Universidad de Le\u00f3n, 2014.<\/p>\n<p><strong>Mari\u00f1o G\u00f3mez, Francisco Manuel,\u00a0<\/strong> \u201c\u00bfLos \u00faltimos d\u00edas de la humanidad?: La visi\u00f3n de Karl Kraus sobre la Primera Guerra Mundial\u201d, en <em>Wastage as never before<\/em>. Universidad de Sevilla, 2014.<\/p>\n<p><strong>Mari\u00f1o G\u00f3mez, Francisco Manuel<\/strong>, \u00abGoethes Nausikaa-Projekt und Seine galicische Fortsetzung\u00bb, en M. Sigu\u00e1n; L. Vilar \/ R. P\u00e9rez Zancas (Hrsg.), <em>WortKulturen, TonWelten<\/em>, Marburg, Tectum Verlag, 2014, \u00a0pp. 25-33.\u00a0ISBN: 978-3-8288-3284-8<\/p>\n<p style=\"text-align: justify;\"><strong>Mari\u00f1o G\u00f3mez, Francisco Manue<\/strong>l, \u00abLa recepci\u00f3n de los hermanos Grimm en Galicia\u00bb, en I. Hern\u00e1ndez \/ M. Llamas (coords.), Los hermanos Grimm en contexto. Reescritura e interpretaci\u00f3n de un legado universal, Madrid, S\u00edntesis, 2014, pp. 223-235. ISBN: 978-84-995884-4-5.<\/p>\n<p style=\"text-align: justify;\">\u00a0<b>Mari\u00f1o G\u00f3mez<\/b>, <strong>Francisco Manuel<\/strong>. \u00a0\u201cDie Wahrscheinlichkeit des Ph\u00e4ntastischen:\u00a0 Alexander von Lernet-Holenias Der Baron Bagge\u201d, en E. Parra- Membrives \/ A. Classen (Hrsg.), Literatur am Rand. Perspektiven der\u00a0 Trivialliteratur vom Mittelalter bis zum 21. Jhrhundert, T\u00fcbingen, Narr Verlag, pp. 147-159, 2013. \u00a0ISBN 978-3-8233-6764-2.<\/p>\n<p style=\"text-align: justify;\"><strong>Mari\u00f1o G\u00f3mez, Francisco Manuel<\/strong>, \u201cDer Geisterseher de Schiller: ret\u00f3rica y construcci\u00f3n rom\u00e1ntica\u201d, en Mar\u00eda Asunci\u00f3n S\u00e1nchez Manzano (ed.) Ret\u00f3rica: fundamentos del estilo narrativo en la novela rom\u00e1ntica. Berlin: Logos Verlag, 2015, \u00a0pp. 107-120. ISBN: 978-3-8325-3863-7.<\/p>\n<p style=\"text-align: justify;\"><strong>Perojo Arronte, Mar\u00eda Eugenia,<\/strong> \u201cHugh Blair and Spanish Romanticism\u201d, en International Congress Rhetoric and Narrative. Le\u00f3n, enero 2014<\/p>\n<p style=\"text-align: justify;\"><strong>Perojo Arronte, Mar\u00eda Eugenia<\/strong>, \u201cHistoriography and the Novel in the Eighteenth-Century Rhetorical Discourse\u201d. \u00a0En <em>XXXVIII AEDEAN Conference<\/em>. Universidad Alcal\u00e1 de Henares, \u00a0nov. 2014<\/p>\n<p style=\"text-align: justify;\"><strong>S\u00e1nchez Manzano, \u00a0Mar\u00eda Asunci\u00f3n<\/strong> (Inv. principal); \u00a0<strong>\u00c1lvarez Ord\u00f3\u00f1ez, Gemma; Arenas Dol\u00e7, Francisco; Gallego Lorenzo, Josefa; Guti\u00e9rrez Vi\u00f1ayo, F\u00e9lix; Mari\u00f1o G\u00f3mez, Francisco Manuel; Perojo Arronte, M\u00aa Eugenia; Trabado Cabado, Jose Manuel; Varela Olea, M\u00aa \u00c1ngeles<\/strong> (colabs.). <em>Informe anual proyecto: <\/em><em>Ret\u00f3rica y Ficci\u00f3n narrativa de la Ilustraci\u00f3n a los romanticismos (en las literaturas espa\u00f1ola, francesa, inglesa y alemana)<\/em>. 2013.<\/p>\n<p style=\"text-align: justify;\"><strong>S\u00e1nchez Manzano, \u00a0Mar\u00eda Asunci\u00f3n<\/strong> (Inv. principal); \u00a0<strong>\u00c1lvarez Ord\u00f3\u00f1ez, Gemma; Arenas Dol\u00e7, Francisco; Gallego Lorenzo, Josefa; Guti\u00e9rrez Vi\u00f1ayo, F\u00e9lix; Mari\u00f1o G\u00f3mez, Francisco Manuel; Perojo Arronte, M\u00aa Eugenia; Trabado Cabado, Jose Manuel; Varela Olea, M\u00aa \u00c1ngeles<\/strong> (colabs.). <em>Informe anual proyecto: <\/em><em>Ret\u00f3rica y Ficci\u00f3n narrativa de la Ilustraci\u00f3n a los romanticismos (en las literaturas espa\u00f1ola, francesa, inglesa y alemana)<\/em>. 2014.<\/p>\n<p><strong>S\u00e1nchez Manzano, Mar\u00eda Asunci\u00f3n<\/strong>, <strong>\u00a0<\/strong>\u201cSem\u00e1ntica y uso de la palabra <em>intentio <\/em>en la ret\u00f3rica y en la filosof\u00eda\u201d, en Christian Lehmann-Concepci\u00f3n Cabrillana Leal (eds.) <em>Acta XIV Colloquii Linguisticae Latinae,<\/em> Ediciones cl\u00e1sicas, 2014, pp. 103 -113.<\/p>\n<p><strong>S\u00e1nchez Manzano, Mar\u00eda Asunci\u00f3n,<\/strong> \u201cLa aportaci\u00f3n de los tratados ret\u00f3ricos (1670-1750) a la teor\u00eda de la composici\u00f3n narrativa\u201d, en <em>International Congress Rhetoric and Narrative<\/em>. Universidad de Le\u00f3n, enero 2014.<\/p>\n<p><strong>S\u00e1nchez Manzano, Mar\u00eda Asunci\u00f3n<\/strong>, \u201cMitolog\u00eda y ficci\u00f3n ret\u00f3rica: propaganda del progreso humano en el discurso de los preilustrados\u201d, en <em>I Congreso Iberoamericano de Ret\u00f3rica<\/em>. Porto, mayo 2014.<\/p>\n<p><strong>S\u00e1nchez Manzano, Mar\u00eda Asunci\u00f3n,<\/strong> <strong>\u201c<\/strong>La f\u00e1bula en la <em>Rhetorica Nova <\/em>(1301) y en el <em>Liber de praedicatione <\/em>(1309) de Raimundo Lulio\u201d, en <em>Congreso Internacional La f\u00e1bula<\/em>. Le\u00f3n, mayo 2014.<\/p>\n<p><strong>S\u00e1nchez Manzano, Mar\u00eda Asunci\u00f3n<\/strong>, <strong>\u201c<\/strong>La elocuci\u00f3n ret\u00f3rica: comparaci\u00f3n entre las definiciones de Jorge de Trebisonda y de Juan Luis Vives\u201d en XII Reuni\u00f3n cient\u00edfica de Humanistas Espa\u00f1oles. Le\u00f3n, septiembre 2014.<\/p>\n<p><strong>S\u00e1nchez Manzano, M\u00aa Asunci\u00f3n <\/strong>(ed.),\u00a0<em>Ret\u00f3rica: Fundamentos del estilo narrativo en la novela rom\u00e1ntica.<\/em>\u00a0Berlin: Logos Verlag. 2015.\u00a0ISBN 978-3-8325-3863-7. Disponible en:\u00a0<a href=\"http:\/\/logos-verlag.de\/cgi-bin\/engbuchmid?isbn=3863&amp;lng=deu&amp;id=\">http:\/\/logos-verlag.de\/cgi-bin\/engbuchmid?isbn=3863&amp;lng=deu&amp;id=<\/a><\/p>\n<p><strong>S\u00e1nchez Manzano, \u00a0Mar\u00eda Asunci\u00f3n; Gallego Lorenzo, Josefa <\/strong>(Eds.). <em>La novela en la tradici\u00f3n ret\u00f3rica: conceptos ret\u00f3rico-po\u00e9ticos en la literatura espa\u00f1ola, francesa inglesa y alemana (1650-1900)<\/em>. Con la colab. de \u00c1lvarez Ord\u00f3\u00f1ez, Gemma; Arenas Dol\u00e7, Francisco; \u00a0Guti\u00e9rrez Vi\u00f1ayo, F\u00e9lix; Mari\u00f1o G\u00f3mez, Francisco Manuel; Perojo Arronte, M\u00aa Eugenia; Trabado Cabado, Jose Manuel; Varela Olea, M\u00aa \u00c1ngeles. Berl\u00edn: Logos Verlag, 2015<\/p>\n<p><strong>Trabado Cabado, Jos\u00e9 Manuel,<\/strong> \u00a0\u201cEl lenguaje como m\u00e1scara ret\u00f3rica en Las amistades peligrosas\u201d, \u00a0en <em>International Congress Rhetoric,<\/em> Universidad de Le\u00f3n, enero 2014.<\/p>\n<p style=\"text-align: justify;\"><strong>Varela Olea, Mar\u00eda \u00c1ngeles<\/strong>, \u00abCronotopia en La Malquerida\u201d, en <em>XVI Jornadas Internacionales Theatralia<\/em>. \u00a0Sociedad Cervantina de Madrid, abril 2014.<\/p>\n<p><strong>Varela Olea, Mar\u00eda \u00c1ngeles,<\/strong> \u00a0\u00abRet\u00f3rica y er\u00edstica del follet\u00edn: El ejemplo de Mar\u00eda, la hija de un jornalero de Ayguals de Izco\u00bb, en <em>International Congress Rhetoric<\/em>,\u00a0Universidad de Le\u00f3n, enero 2014.<\/p>\n","protected":false},"excerpt":{"rendered":"<p>\u00c1lvarez Ordo\u00f1ez, Gemma (ed.), Ret\u00f3rica de la felicidad, Palermo, Officina di Studi Medievali, 2011. \u00c1lvarez Ordo\u00f1ez , Gemma, \u00a0\u00bb Les orages desir\u00e9s, dans Ren\u00e9 de Chateaubriand\u00bb, \u00a0en International Congress Rhetoric, Universidad de Le\u00f3n, enero 2014. Arenas-Dol\u00e7, Francisco. \u00a0Ret\u00f3rica y democracia. Perspectivas cr\u00edticas sobre el estado de la investigaci\u00f3n, Valencia, Instituci\u00f3 Alfons el Magnanim, 2012, ISBN: [&hellip;]<\/p>\n","protected":false},"author":8,"featured_media":0,"parent":0,"menu_order":0,"comment_status":"closed","ping_status":"open","template":"","meta":{"footnotes":""},"class_list":["post-14","page","type-page","status-publish","hentry"],"_links":{"self":[{"href":"https:\/\/grupos.unileon.es\/mebar\/wp-json\/wp\/v2\/pages\/14","targetHints":{"allow":["GET"]}}],"collection":[{"href":"https:\/\/grupos.unileon.es\/mebar\/wp-json\/wp\/v2\/pages"}],"about":[{"href":"https:\/\/grupos.unileon.es\/mebar\/wp-json\/wp\/v2\/types\/page"}],"author":[{"embeddable":true,"href":"https:\/\/grupos.unileon.es\/mebar\/wp-json\/wp\/v2\/users\/8"}],"replies":[{"embeddable":true,"href":"https:\/\/grupos.unileon.es\/mebar\/wp-json\/wp\/v2\/comments?post=14"}],"version-history":[{"count":12,"href":"https:\/\/grupos.unileon.es\/mebar\/wp-json\/wp\/v2\/pages\/14\/revisions"}],"predecessor-version":[{"id":2243,"href":"https:\/\/grupos.unileon.es\/mebar\/wp-json\/wp\/v2\/pages\/14\/revisions\/2243"}],"wp:attachment":[{"href":"https:\/\/grupos.unileon.es\/mebar\/wp-json\/wp\/v2\/media?parent=14"}],"curies":[{"name":"wp","href":"https:\/\/api.w.org\/{rel}","templated":true}]}}