{"id":1407,"date":"2015-08-23T18:40:28","date_gmt":"2015-08-23T18:40:28","guid":{"rendered":"http:\/\/grupos.unileon.es\/mebar\/?page_id=1407"},"modified":"2015-09-18T02:37:38","modified_gmt":"2015-09-18T02:37:38","slug":"verisimile-recepcion-aleman","status":"publish","type":"page","link":"https:\/\/grupos.unileon.es\/mebar\/verisimile-recepcion-aleman\/","title":{"rendered":"Verisimile. Recepci\u00f3n alem\u00e1n"},"content":{"rendered":"<p><strong>UEDING, G<\/strong>.\u00a0<em>Historisches W\u00f6rterbuch der Rhetorik.<\/em>\u00a0T\u00fcrbingen: Niemeyer, 1992-2009. 10 vols.<\/p>\n<p><strong>Narratio,\u00a0<em>diegesis<\/em><\/strong><\/p>\n<p><strong>Ueding.<\/strong> <em>Historisches W\u00f6rterbuch.<\/em>\u00a0Band VI. \u00a098-106<\/p>\n<p>[p. 98] Die Narratio kann in Hinblick auf ihre Superstrukturmerkmale, ihre textuelle Einbettung, ihre Funktion und ihre funktionsabh\u00e4ngigen Eigenschaften wie folgt charakterisiert werden: In der Narratio wird ein als Handlungsablauf fassbares Geschehen mitgeteilt. Die Narratio \u201aerz\u00e4hlt\u2019 also und unterscheidet sich damit superstruktural grundlegens von der Argumentation und der Deskription Textuell eingebettet wird sie in der klassisch-rhetorischen Redeteillehre nach dem Exordium als zweites Redesegment vor der Argumentatio. Ihre Funktion bestehet darin, erz\u00e4hlerisch die Ausgangsereignisse, d. h. jenes Geschehen zu vergegenw\u00e4rtigen, auf das sich die folgende, logisch-syllogistisch strukturierte, beweisende Argumentatio bezieht. Daraus leiten sich als wichtigste Eigenschaften der Narratio ihre Klarheit und Glaubw\u00fcrdigkeit ab, weil sie nur so als Basis der Argumentation des parteiischen Orators dienen kann.<\/p>\n<p><strong>Verisimilitudo,\u00a0<em>pithanon, probabilitas, <\/em>Wahrscheinlichkeit, Wahrheit, <\/strong><\/p>\n<p><strong>Ueding.<\/strong> <em>Historisches W\u00f6rterbuch<\/em>: Band IX. 1285-1340<\/p>\n<p style=\"text-align: justify;\">[p. 1285] \u00a0Die Rhetorik unterscheidet eine Vielzahl von Bedeutungen der Ausdr\u00fccke \u201awahrscheinlich\u2019, \u201aWahrscheinliches\u2019 und \u201aWahrscheinlichkeit\u2019. Erstens hat das Wahrscheinliche oder Glaubhafte ein Fundament in der Sache, f\u00fcr die argumentiert wird. Die Wahrscheinlichkeit ist die Basis der evidentia, die wiederum der mit Kunstmitteln erzeugte Grund der Zustimmung im Urteil eines Richters ist. Zweitens kann sich Wahrscheinlichkeit auf spezielle Techniken der Glaubhaftmachung beziehen. So ist z. B. die similitudo, der \u00c4nlichkeitszusammenhang, welcher die \u00dcberzeugung mittels eines gelungenen Vergleichs herbeif\u00fchrt, wahrscheinlich auf rhetorisch gestaltete Sprache und meint die angemessene Ausgestaltung der klassischen Redeteile. Die inventio ist in diesem Sinne wahrscheinlich, wenn sie f\u00fcr die bef\u00fcrwortete Parteisache einnimmt. Die narratio soll auf die nat\u00fcrliche, im Dargestellten angelegte. Wahrscheinlichkeit gegr\u00fcndet, in diesem Sinne Bericht (narratio credibilis) sein. Die argumentatio ist analog einerseits eine oratio ex ipsa re probabilis und andererseits ratiocinatio, ein Folgerungszusammenhang, der nicht zwingend, sondern plausibel ist. Dieser Sprachgebrauch macht deutlich, dass der rhetorische Begriff der Wahrscheinlichkeit seine grundlegende Bedeutung in der Zustimmungsf\u00e4hig-\/p. 1286 keit dessen hat, was zur Rede steht. Das Wahrscheinliche im Sinne der Rhetorik ist das, dem zur Zustimmung verholfen werden kann.<\/p>\n<p style=\"text-align: justify;\">\u00a0\u00a0\u00a0\u00a0\u00a0\u00a0\u00a0\u00a0\u00a0\u00a0\u00a0 Der Begriff der Wahrheit stellt die Rhetorik von altersher vor Schwierigkeiten. Dass eine Rede sich in ihrer narratio auf eine wahre Sache (vera res) bezieht, ist allein noch nicht hinreichend f\u00fcr die Zustimmung zu dieser Sache. Paradox erscheinende\u00a0 Sachverhalte lassen sich mit Kunstmitteln nicht glaubhaft machen, auch dann nicht, wenn sie der Realit\u00e4t entsprechen.<\/p>\n<p style=\"text-align: justify;\">\n<p>&nbsp;<\/p>\n<p style=\"text-align: justify;\">\n<p style=\"text-align: justify;\">\n<p style=\"text-align: justify;\">\n","protected":false},"excerpt":{"rendered":"<p>UEDING, G.\u00a0Historisches W\u00f6rterbuch der Rhetorik.\u00a0T\u00fcrbingen: Niemeyer, 1992-2009. 10 vols. Narratio,\u00a0diegesis Ueding. Historisches W\u00f6rterbuch.\u00a0Band VI. \u00a098-106 [p. 98] Die Narratio kann in Hinblick auf ihre Superstrukturmerkmale, ihre textuelle Einbettung, ihre Funktion und ihre funktionsabh\u00e4ngigen Eigenschaften wie folgt charakterisiert werden: In der Narratio wird ein als Handlungsablauf fassbares Geschehen mitgeteilt. Die Narratio \u201aerz\u00e4hlt\u2019 also und unterscheidet sich [&hellip;]<\/p>\n","protected":false},"author":16,"featured_media":0,"parent":0,"menu_order":0,"comment_status":"closed","ping_status":"closed","template":"","meta":{"footnotes":""},"class_list":["post-1407","page","type-page","status-publish","hentry"],"_links":{"self":[{"href":"https:\/\/grupos.unileon.es\/mebar\/wp-json\/wp\/v2\/pages\/1407","targetHints":{"allow":["GET"]}}],"collection":[{"href":"https:\/\/grupos.unileon.es\/mebar\/wp-json\/wp\/v2\/pages"}],"about":[{"href":"https:\/\/grupos.unileon.es\/mebar\/wp-json\/wp\/v2\/types\/page"}],"author":[{"embeddable":true,"href":"https:\/\/grupos.unileon.es\/mebar\/wp-json\/wp\/v2\/users\/16"}],"replies":[{"embeddable":true,"href":"https:\/\/grupos.unileon.es\/mebar\/wp-json\/wp\/v2\/comments?post=1407"}],"version-history":[{"count":3,"href":"https:\/\/grupos.unileon.es\/mebar\/wp-json\/wp\/v2\/pages\/1407\/revisions"}],"predecessor-version":[{"id":1892,"href":"https:\/\/grupos.unileon.es\/mebar\/wp-json\/wp\/v2\/pages\/1407\/revisions\/1892"}],"wp:attachment":[{"href":"https:\/\/grupos.unileon.es\/mebar\/wp-json\/wp\/v2\/media?parent=1407"}],"curies":[{"name":"wp","href":"https:\/\/api.w.org\/{rel}","templated":true}]}}