{"id":1477,"date":"2015-08-24T04:56:27","date_gmt":"2015-08-24T04:56:27","guid":{"rendered":"http:\/\/grupos.unileon.es\/mebar\/?page_id=1477"},"modified":"2015-09-08T04:12:06","modified_gmt":"2015-09-08T04:12:06","slug":"emphasis-recepcion-espanol","status":"publish","type":"page","link":"https:\/\/grupos.unileon.es\/mebar\/emphasis-recepcion-espanol\/","title":{"rendered":"Emphasis. Recepci\u00f3n espa\u00f1ol"},"content":{"rendered":"<p><strong>ARTIGA, F. J<\/strong>. <em>Epitome de la elocuencia espa\u00f1ola<\/em>. Madrid: Viuda de A. Vindel, 1747.<\/p>\n<p><strong>Artiga, F. J.<\/strong> 1747<\/p>\n<p>[p. 310] La <em>Enfasis<\/em> se hace, quando \/ de tales palabras se usa, \/ que mas dice en las que calla, \/ que en aquellas que pronuncia.<\/p>\n<p style=\"text-align: justify;\"><strong>HERRERA D\u00c1VILA, J.<\/strong> (1827): <em>Lecciones de ret\u00f3rica y po\u00e9tica<\/em>. \u00a0Sevilla: \u00a0Imprenta de D. Mariano Caro.<br \/>\nV\u00e9anse, en especial, los apartados \u201cBibliograf\u00eda\u201d (p. 177-189); \u201cVocabulario\u201d (p. 190-212).<\/p>\n<p style=\"text-align: justify;\"><strong>Herrera D\u00e1vila, J<\/strong>. 1827.<\/p>\n<p style=\"text-align: justify;\"><em>Enfasis<\/em>: voz griega (expresion) fig. de sent. que emplea el orador, cuando da \u00e1 entender mas de lo que significan las voces con que expresa alguna cosa. <span style=\"color: #00ff00;\">P. 59. [p. 198]<br \/>\n<\/span><br \/>\n[p. 59] \u00a0\u00bfQu\u00e9 es <em>Enfasis<\/em>? R. Es una breve explicacion misteriosa; \u00e1 veces una sola palabra, que en el lugar que ocupa significa mucho mas de lo que descubre \u00e1 primera vista. Un c\u00e9lebre tr\u00e1gico franc\u00e9s en la tragedia intitulada <em>Bruto<\/em> despues que este personage manda que su hijo sea conducido al suplicio, dirigiendole la palabra dice: \u00abVen \u00e1 abrazar \u00e1 tu padre: \u00e9l ha debido condenarte; pero te hubiera perdonado \u00e1 no ser Bruto\u00bb<\/p>\n<p>&nbsp;<\/p>\n<hr \/>\n<p>&nbsp;<\/p>\n","protected":false},"excerpt":{"rendered":"<p>ARTIGA, F. J. Epitome de la elocuencia espa\u00f1ola. Madrid: Viuda de A. Vindel, 1747. Artiga, F. J. 1747 [p. 310] La Enfasis se hace, quando \/ de tales palabras se usa, \/ que mas dice en las que calla, \/ que en aquellas que pronuncia. HERRERA D\u00c1VILA, J. (1827): Lecciones de ret\u00f3rica y po\u00e9tica. \u00a0Sevilla: [&hellip;]<\/p>\n","protected":false},"author":16,"featured_media":0,"parent":0,"menu_order":0,"comment_status":"closed","ping_status":"closed","template":"","meta":{"footnotes":""},"class_list":["post-1477","page","type-page","status-publish","hentry"],"_links":{"self":[{"href":"https:\/\/grupos.unileon.es\/mebar\/wp-json\/wp\/v2\/pages\/1477","targetHints":{"allow":["GET"]}}],"collection":[{"href":"https:\/\/grupos.unileon.es\/mebar\/wp-json\/wp\/v2\/pages"}],"about":[{"href":"https:\/\/grupos.unileon.es\/mebar\/wp-json\/wp\/v2\/types\/page"}],"author":[{"embeddable":true,"href":"https:\/\/grupos.unileon.es\/mebar\/wp-json\/wp\/v2\/users\/16"}],"replies":[{"embeddable":true,"href":"https:\/\/grupos.unileon.es\/mebar\/wp-json\/wp\/v2\/comments?post=1477"}],"version-history":[{"count":3,"href":"https:\/\/grupos.unileon.es\/mebar\/wp-json\/wp\/v2\/pages\/1477\/revisions"}],"predecessor-version":[{"id":1625,"href":"https:\/\/grupos.unileon.es\/mebar\/wp-json\/wp\/v2\/pages\/1477\/revisions\/1625"}],"wp:attachment":[{"href":"https:\/\/grupos.unileon.es\/mebar\/wp-json\/wp\/v2\/media?parent=1477"}],"curies":[{"name":"wp","href":"https:\/\/api.w.org\/{rel}","templated":true}]}}