{"id":1567,"date":"2015-08-27T20:32:35","date_gmt":"2015-08-27T20:32:35","guid":{"rendered":"http:\/\/grupos.unileon.es\/mebar\/?page_id=1567"},"modified":"2015-08-27T20:32:35","modified_gmt":"2015-08-27T20:32:35","slug":"fictio-personae-critica-literaria-espanol-2","status":"publish","type":"page","link":"https:\/\/grupos.unileon.es\/mebar\/fictio-personae-critica-literaria-espanol-2\/","title":{"rendered":"Fictio Personae. Cr\u00edtica literaria espa\u00f1ol"},"content":{"rendered":"<p><strong>GIL DE Z\u00c1RATE, A.<\/strong>\u00a0\u00a0<em>Manual de literatura. Primera parte: principios generales de po\u00e9tica y ret\u00f3rica:<\/em>\u00a0Madrid: Imp. de Mart\u00ednez y Minuesa, 1850.<\/p>\n<p><strong>Gil de Z\u00e1rate, A<\/strong>. 1850<\/p>\n<p style=\"text-align: justify;\">[p. 42-43] Prosopopeya o personificacion. Esta es una de las mas vehementes y brillantes figuras. Consiste en atribuir cualidades propias de los seres animados, particularmente del hombre \u00e1 seres inanimados, incorp\u00f3reos y abstractos. Es muy com\u00fan su uso en los violentos accesos de algunas pasiones, cuando nos vemos sumergidos en una profunda tristeza , \u00f3 nos sobreviene alguna desgracia. Entonces creemos que aquellos seres, aun los mas insensibles, son capaces de comprender nuestro dolor, y de compadecernos.<\/p>\n<p style=\"text-align: justify;\">Cuatro son los modos mas generales de esta figura.<\/p>\n<p style=\"text-align: justify;\">1.\u00b0 Cuando simplemente se dan \u00e1 objetos inanimados \u00f3 incorp\u00f3reos ep\u00edtetos que solo convienen \u00e1 los animados \u00f3 incorp\u00f3reos, como cuando se dice: <em>la avaricia es insaciable, la ignorancia es atrevida<\/em>.<\/p>\n<p>2.\u00b0 Cuando se introducen los seres inanimados, obrando como si tuviesen vida.<\/p>\n<p>&nbsp;<\/p>\n","protected":false},"excerpt":{"rendered":"<p>GIL DE Z\u00c1RATE, A.\u00a0\u00a0Manual de literatura. Primera parte: principios generales de po\u00e9tica y ret\u00f3rica:\u00a0Madrid: Imp. de Mart\u00ednez y Minuesa, 1850. Gil de Z\u00e1rate, A. 1850 [p. 42-43] Prosopopeya o personificacion. Esta es una de las mas vehementes y brillantes figuras. Consiste en atribuir cualidades propias de los seres animados, particularmente del hombre \u00e1 seres inanimados, [&hellip;]<\/p>\n","protected":false},"author":16,"featured_media":0,"parent":0,"menu_order":0,"comment_status":"closed","ping_status":"closed","template":"","meta":{"footnotes":""},"class_list":["post-1567","page","type-page","status-publish","hentry"],"_links":{"self":[{"href":"https:\/\/grupos.unileon.es\/mebar\/wp-json\/wp\/v2\/pages\/1567","targetHints":{"allow":["GET"]}}],"collection":[{"href":"https:\/\/grupos.unileon.es\/mebar\/wp-json\/wp\/v2\/pages"}],"about":[{"href":"https:\/\/grupos.unileon.es\/mebar\/wp-json\/wp\/v2\/types\/page"}],"author":[{"embeddable":true,"href":"https:\/\/grupos.unileon.es\/mebar\/wp-json\/wp\/v2\/users\/16"}],"replies":[{"embeddable":true,"href":"https:\/\/grupos.unileon.es\/mebar\/wp-json\/wp\/v2\/comments?post=1567"}],"version-history":[{"count":1,"href":"https:\/\/grupos.unileon.es\/mebar\/wp-json\/wp\/v2\/pages\/1567\/revisions"}],"predecessor-version":[{"id":1568,"href":"https:\/\/grupos.unileon.es\/mebar\/wp-json\/wp\/v2\/pages\/1567\/revisions\/1568"}],"wp:attachment":[{"href":"https:\/\/grupos.unileon.es\/mebar\/wp-json\/wp\/v2\/media?parent=1567"}],"curies":[{"name":"wp","href":"https:\/\/api.w.org\/{rel}","templated":true}]}}