{"id":1588,"date":"2015-09-07T19:29:34","date_gmt":"2015-09-07T19:29:34","guid":{"rendered":"http:\/\/grupos.unileon.es\/mebar\/?page_id=1588"},"modified":"2015-09-17T20:56:11","modified_gmt":"2015-09-17T20:56:11","slug":"allegoria-definicion-espanol","status":"publish","type":"page","link":"https:\/\/grupos.unileon.es\/mebar\/allegoria-definicion-espanol\/","title":{"rendered":"Allegor\u00eda. Definici\u00f3n espa\u00f1ol"},"content":{"rendered":"<p style=\"text-align: justify;\"><strong>GONZ\u00c1LEZ GARC\u00cdA, A<\/strong>. <em>Definiciones de ret\u00f3rica y breve tratado de po\u00e9tica.<\/em>\u00a0Madrid,1831.<\/p>\n<p style=\"text-align: justify;\">[V\u00e9ase: HORNERO DE LA RESURRECCI\u00d3N DEL SE\u00d1OR, C.: <em>Elementos de ret\u00f3rica con egemplos latinos de Ciceron i castellanos de Frai Luis de Granada para uso de las escuelas.\u00a0<\/em>Valencia: Benito Monfort, 1777]<\/p>\n<p><strong>Gonz\u00e1lez Garc\u00eda, A.<\/strong> 1831.<\/p>\n<p>[p. \u00a0\u00a010]\u00a0 P. Qu\u00e9 es alegor\u00eda? R. Un enlace de met\u00e1foras derivadas de un mismo principio.<\/p>\n","protected":false},"excerpt":{"rendered":"<p>GONZ\u00c1LEZ GARC\u00cdA, A. Definiciones de ret\u00f3rica y breve tratado de po\u00e9tica.\u00a0Madrid,1831. [V\u00e9ase: HORNERO DE LA RESURRECCI\u00d3N DEL SE\u00d1OR, C.: Elementos de ret\u00f3rica con egemplos latinos de Ciceron i castellanos de Frai Luis de Granada para uso de las escuelas.\u00a0Valencia: Benito Monfort, 1777] Gonz\u00e1lez Garc\u00eda, A. 1831. [p. \u00a0\u00a010]\u00a0 P. Qu\u00e9 es alegor\u00eda? R. Un enlace [&hellip;]<\/p>\n","protected":false},"author":16,"featured_media":0,"parent":0,"menu_order":0,"comment_status":"closed","ping_status":"closed","template":"","meta":{"footnotes":""},"class_list":["post-1588","page","type-page","status-publish","hentry"],"_links":{"self":[{"href":"https:\/\/grupos.unileon.es\/mebar\/wp-json\/wp\/v2\/pages\/1588","targetHints":{"allow":["GET"]}}],"collection":[{"href":"https:\/\/grupos.unileon.es\/mebar\/wp-json\/wp\/v2\/pages"}],"about":[{"href":"https:\/\/grupos.unileon.es\/mebar\/wp-json\/wp\/v2\/types\/page"}],"author":[{"embeddable":true,"href":"https:\/\/grupos.unileon.es\/mebar\/wp-json\/wp\/v2\/users\/16"}],"replies":[{"embeddable":true,"href":"https:\/\/grupos.unileon.es\/mebar\/wp-json\/wp\/v2\/comments?post=1588"}],"version-history":[{"count":4,"href":"https:\/\/grupos.unileon.es\/mebar\/wp-json\/wp\/v2\/pages\/1588\/revisions"}],"predecessor-version":[{"id":1749,"href":"https:\/\/grupos.unileon.es\/mebar\/wp-json\/wp\/v2\/pages\/1588\/revisions\/1749"}],"wp:attachment":[{"href":"https:\/\/grupos.unileon.es\/mebar\/wp-json\/wp\/v2\/media?parent=1588"}],"curies":[{"name":"wp","href":"https:\/\/api.w.org\/{rel}","templated":true}]}}