{"id":1593,"date":"2015-09-07T19:33:59","date_gmt":"2015-09-07T19:33:59","guid":{"rendered":"http:\/\/grupos.unileon.es\/mebar\/?page_id=1593"},"modified":"2015-09-24T00:45:35","modified_gmt":"2015-09-24T00:45:35","slug":"antithesis-definicion-espanol","status":"publish","type":"page","link":"https:\/\/grupos.unileon.es\/mebar\/antithesis-definicion-espanol\/","title":{"rendered":"Antithesis. Definici\u00f3n espa\u00f1ol"},"content":{"rendered":"<p style=\"text-align: justify;\"><strong>GONZ\u00c1LEZ GARC\u00cdA, A<\/strong>.\u00a0<em>Definiciones de ret\u00f3rica y breve tratado de po\u00e9tica.<\/em>\u00a0Madrid: 1831.<\/p>\n<p style=\"text-align: justify;\">[cf=HORNERO DE LA RESURRECCI\u00d3N DEL SE\u00d1OR, C.\u00a0<em>Elementos de ret\u00f3rica con egemplos latinos de Ciceron i castellanos de Frai Luis de Granada para uso de las escuelas.\u00a0<\/em>Valencia: Benito Monfort, 1777]<\/p>\n<p style=\"text-align: justify;\"><strong>Gonz\u00e1lez Garc\u00eda.\u00a0<\/strong>1831.<\/p>\n<p style=\"text-align: justify;\">[p. 14]\u00a0 P. Qu\u00e9 es ant\u00edtesis? R. Es cuando en el discurso se ponen varias palabras, \u00fa oraciones opuestas unas \u00e1 otras.<\/p>\n","protected":false},"excerpt":{"rendered":"<p>GONZ\u00c1LEZ GARC\u00cdA, A.\u00a0Definiciones de ret\u00f3rica y breve tratado de po\u00e9tica.\u00a0Madrid: 1831. [cf=HORNERO DE LA RESURRECCI\u00d3N DEL SE\u00d1OR, C.\u00a0Elementos de ret\u00f3rica con egemplos latinos de Ciceron i castellanos de Frai Luis de Granada para uso de las escuelas.\u00a0Valencia: Benito Monfort, 1777] Gonz\u00e1lez Garc\u00eda.\u00a01831. [p. 14]\u00a0 P. Qu\u00e9 es ant\u00edtesis? R. Es cuando en el discurso se [&hellip;]<\/p>\n","protected":false},"author":16,"featured_media":0,"parent":0,"menu_order":0,"comment_status":"closed","ping_status":"closed","template":"","meta":{"footnotes":""},"class_list":["post-1593","page","type-page","status-publish","hentry"],"_links":{"self":[{"href":"https:\/\/grupos.unileon.es\/mebar\/wp-json\/wp\/v2\/pages\/1593","targetHints":{"allow":["GET"]}}],"collection":[{"href":"https:\/\/grupos.unileon.es\/mebar\/wp-json\/wp\/v2\/pages"}],"about":[{"href":"https:\/\/grupos.unileon.es\/mebar\/wp-json\/wp\/v2\/types\/page"}],"author":[{"embeddable":true,"href":"https:\/\/grupos.unileon.es\/mebar\/wp-json\/wp\/v2\/users\/16"}],"replies":[{"embeddable":true,"href":"https:\/\/grupos.unileon.es\/mebar\/wp-json\/wp\/v2\/comments?post=1593"}],"version-history":[{"count":4,"href":"https:\/\/grupos.unileon.es\/mebar\/wp-json\/wp\/v2\/pages\/1593\/revisions"}],"predecessor-version":[{"id":2131,"href":"https:\/\/grupos.unileon.es\/mebar\/wp-json\/wp\/v2\/pages\/1593\/revisions\/2131"}],"wp:attachment":[{"href":"https:\/\/grupos.unileon.es\/mebar\/wp-json\/wp\/v2\/media?parent=1593"}],"curies":[{"name":"wp","href":"https:\/\/api.w.org\/{rel}","templated":true}]}}