{"id":160,"date":"2013-11-22T12:49:03","date_gmt":"2013-11-22T12:49:03","guid":{"rendered":"http:\/\/grupos.unileon.es\/mebar\/?page_id=160"},"modified":"2015-09-18T10:34:43","modified_gmt":"2015-09-18T10:34:43","slug":"antithesis","status":"publish","type":"page","link":"https:\/\/grupos.unileon.es\/mebar\/antithesis\/","title":{"rendered":"Antithesis"},"content":{"rendered":"<p><strong>1. DEFINICI\u00d3N<\/strong><br \/>\n1.1. <a href=\"http:\/\/grupos.unileon.es\/mebar\/antithesis-definicion-latin\/\">Textos latinos<\/a><br \/>\n1.2.\u00a0<a href=\"http:\/\/grupos.unileon.es\/mebar\/antithesis-definicion-aleman\/\">Textos alemanes<\/a><br \/>\n1.3.\u00a0<a href=\"http:\/\/grupos.unileon.es\/mebar\/antithesis-definicion-frances\/\">Textos franceses<\/a><br \/>\n1.4.\u00a0<a title=\"Antithesis. Definici\u00f3n ingl\u00e9s\" href=\"http:\/\/grupos.unileon.es\/mebar\/antithesis-definicion-ingles\/\">Textos ingleses<br \/>\n1<\/a>.5. <a href=\"http:\/\/grupos.unileon.es\/mebar\/antithesis-definicion-espanol\/\">Textos espa\u00f1oles<\/a><\/p>\n<p><strong>2. RECEPCI\u00d3N<\/strong><br \/>\n2.1.\u00a0<a href=\"http:\/\/grupos.unileon.es\/mebar\/lemas\/recepcion-antithesis_latinos\/\">Textos latinos<\/a><br \/>\n2.2. <a title=\"Antithesis. Definici\u00f3n alem\u00e1n\" href=\"http:\/\/grupos.unileon.es\/mebar\/antithesis_definicion_aleman\/\">Textos alemanes<\/a><br \/>\n2.3.\u00a0<a title=\"Antithesis. Recepci\u00f3n francesa\" href=\"http:\/\/grupos.unileon.es\/mebar\/lemas\/antithesis_recepcion_francesa\/\">Textos franceses<\/a><br \/>\n2.4.\u00a0Textos ingleses<br \/>\n2.5. <a href=\"http:\/\/grupos.unileon.es\/mebar\/antithesis-recepcion-espanol\/\">Textos espa\u00f1oles<\/a><\/p>\n<p><strong>3. CR\u00cdTICA LITERARIA<a title=\"Antithesis. Cr\u00edtica literaria\" href=\"http:\/\/grupos.unileon.es\/mebar\/antithesis-critica-literaria\/\"><br \/>\n<\/a><\/strong>3.1 <a href=\"http:\/\/grupos.unileon.es\/mebar\/antithesis-critica-literaria-aleman\/\">Textos alemanes<\/a><br \/>\n3.2 <a title=\"Antithesis. Cr\u00edtica literaria\" href=\"http:\/\/grupos.unileon.es\/mebar\/antithesis-critica-literaria\/\">Textos ingleses<br \/>\n<\/a>3.3. <a href=\"http:\/\/grupos.unileon.es\/mebar\/antithesis-critica-literaria-frances\/\">Textos franceses<\/a><br \/>\n3.4. <a href=\"http:\/\/grupos.unileon.es\/mebar\/antithesis-critica-literaria-espanol\/\">Textos espa\u00f1oles<\/a><\/p>\n<p><strong> 4. REFERENTES O MODELOS LITERARIOS<\/strong><br \/>\n<strong> 5. BIBLIOGRAF\u00cdA<\/strong><\/p>\n","protected":false},"excerpt":{"rendered":"<p>1. DEFINICI\u00d3N 1.1. Textos latinos 1.2.\u00a0Textos alemanes 1.3.\u00a0Textos franceses 1.4.\u00a0Textos ingleses 1.5. Textos espa\u00f1oles 2. RECEPCI\u00d3N 2.1.\u00a0Textos latinos 2.2. Textos alemanes 2.3.\u00a0Textos franceses 2.4.\u00a0Textos ingleses 2.5. Textos espa\u00f1oles 3. CR\u00cdTICA LITERARIA 3.1 Textos alemanes 3.2 Textos ingleses 3.3. Textos franceses 3.4. Textos espa\u00f1oles 4. REFERENTES O MODELOS LITERARIOS 5. BIBLIOGRAF\u00cdA<\/p>\n","protected":false},"author":16,"featured_media":0,"parent":0,"menu_order":0,"comment_status":"closed","ping_status":"closed","template":"","meta":{"footnotes":""},"class_list":["post-160","page","type-page","status-publish","hentry"],"_links":{"self":[{"href":"https:\/\/grupos.unileon.es\/mebar\/wp-json\/wp\/v2\/pages\/160","targetHints":{"allow":["GET"]}}],"collection":[{"href":"https:\/\/grupos.unileon.es\/mebar\/wp-json\/wp\/v2\/pages"}],"about":[{"href":"https:\/\/grupos.unileon.es\/mebar\/wp-json\/wp\/v2\/types\/page"}],"author":[{"embeddable":true,"href":"https:\/\/grupos.unileon.es\/mebar\/wp-json\/wp\/v2\/users\/16"}],"replies":[{"embeddable":true,"href":"https:\/\/grupos.unileon.es\/mebar\/wp-json\/wp\/v2\/comments?post=160"}],"version-history":[{"count":34,"href":"https:\/\/grupos.unileon.es\/mebar\/wp-json\/wp\/v2\/pages\/160\/revisions"}],"predecessor-version":[{"id":1933,"href":"https:\/\/grupos.unileon.es\/mebar\/wp-json\/wp\/v2\/pages\/160\/revisions\/1933"}],"wp:attachment":[{"href":"https:\/\/grupos.unileon.es\/mebar\/wp-json\/wp\/v2\/media?parent=160"}],"curies":[{"name":"wp","href":"https:\/\/api.w.org\/{rel}","templated":true}]}}