{"id":1605,"date":"2015-09-07T19:52:43","date_gmt":"2015-09-07T19:52:43","guid":{"rendered":"http:\/\/grupos.unileon.es\/mebar\/?page_id=1605"},"modified":"2015-09-07T19:52:43","modified_gmt":"2015-09-07T19:52:43","slug":"fictio-personae-definicion-espanol","status":"publish","type":"page","link":"https:\/\/grupos.unileon.es\/mebar\/fictio-personae-definicion-espanol\/","title":{"rendered":"Fictio Personae. Definici\u00f3n espa\u00f1ol"},"content":{"rendered":"<p style=\"text-align: justify;\"><strong>GONZ\u00c1LEZ GARC\u00cdA, A<\/strong>.\u00a0<em>Definiciones de ret\u00f3rica y breve tratado de po\u00e9tica<\/em>, Madrid, 1831. [=HORNERO DE LA RESURRECCI\u00d3N DEL SE\u00d1OR, C.:\u00a0<em>Elementos de ret\u00f3rica con egemplos latinos de Ciceron i castellanos de Frai Luis de Granada para uso de las escuelas:\u00a0<\/em>Valencia, Benito Monfort, 1777]<\/p>\n<p style=\"text-align: justify;\"><strong>Gonz\u00e1lez Garc\u00eda, A.<\/strong>\u00a01831.<\/p>\n<p style=\"text-align: justify;\">[p. 14]\u00a0 P. Qu\u00e9 es prosopopeya? R. Es introducir hablando alguna persona viva \u00f3 muerta, \u00f3 alguna cosa inanimada.<\/p>\n","protected":false},"excerpt":{"rendered":"<p>GONZ\u00c1LEZ GARC\u00cdA, A.\u00a0Definiciones de ret\u00f3rica y breve tratado de po\u00e9tica, Madrid, 1831. [=HORNERO DE LA RESURRECCI\u00d3N DEL SE\u00d1OR, C.:\u00a0Elementos de ret\u00f3rica con egemplos latinos de Ciceron i castellanos de Frai Luis de Granada para uso de las escuelas:\u00a0Valencia, Benito Monfort, 1777] Gonz\u00e1lez Garc\u00eda, A.\u00a01831. [p. 14]\u00a0 P. Qu\u00e9 es prosopopeya? R. Es introducir hablando alguna [&hellip;]<\/p>\n","protected":false},"author":16,"featured_media":0,"parent":0,"menu_order":0,"comment_status":"closed","ping_status":"closed","template":"","meta":{"footnotes":""},"class_list":["post-1605","page","type-page","status-publish","hentry"],"_links":{"self":[{"href":"https:\/\/grupos.unileon.es\/mebar\/wp-json\/wp\/v2\/pages\/1605","targetHints":{"allow":["GET"]}}],"collection":[{"href":"https:\/\/grupos.unileon.es\/mebar\/wp-json\/wp\/v2\/pages"}],"about":[{"href":"https:\/\/grupos.unileon.es\/mebar\/wp-json\/wp\/v2\/types\/page"}],"author":[{"embeddable":true,"href":"https:\/\/grupos.unileon.es\/mebar\/wp-json\/wp\/v2\/users\/16"}],"replies":[{"embeddable":true,"href":"https:\/\/grupos.unileon.es\/mebar\/wp-json\/wp\/v2\/comments?post=1605"}],"version-history":[{"count":1,"href":"https:\/\/grupos.unileon.es\/mebar\/wp-json\/wp\/v2\/pages\/1605\/revisions"}],"predecessor-version":[{"id":1606,"href":"https:\/\/grupos.unileon.es\/mebar\/wp-json\/wp\/v2\/pages\/1605\/revisions\/1606"}],"wp:attachment":[{"href":"https:\/\/grupos.unileon.es\/mebar\/wp-json\/wp\/v2\/media?parent=1605"}],"curies":[{"name":"wp","href":"https:\/\/api.w.org\/{rel}","templated":true}]}}