{"id":1631,"date":"2015-09-08T04:21:03","date_gmt":"2015-09-08T04:21:03","guid":{"rendered":"http:\/\/grupos.unileon.es\/mebar\/?page_id=1631"},"modified":"2015-10-05T22:57:53","modified_gmt":"2015-10-05T22:57:53","slug":"licentia-recepcion-espanol","status":"publish","type":"page","link":"https:\/\/grupos.unileon.es\/mebar\/licentia-recepcion-espanol\/","title":{"rendered":"Licentia. Recepci\u00f3n espa\u00f1ol"},"content":{"rendered":"<p><strong>HERRERA D\u00c1VILA, J.<\/strong> (1827): <em>Lecciones de ret\u00f3rica y po\u00e9tica<\/em>. \u00a0Sevilla: Imprenta de D. Mariano Caro.<br \/>\nV\u00e9anse, en especial, los apartados \u201cBibliograf\u00eda\u201d (p. 177-189); \u201cVocabulario\u201d (p. 190-212).<\/p>\n<p><strong>Herrera D\u00e1vila, J<\/strong>. 1827.<\/p>\n<p style=\"text-align: justify;\"><em>Licencia oratoria<\/em>: la libertad que suelen tomarse los grandes oradores para usar algunas frases, figuras \u00f3 voces que no est\u00e1n comunmente admitidas. P. 62. [p. 204]<\/p>\n<p>[p. 62] \u00bfQu\u00e9 significa la figura <em>Licencia<\/em>? R. Es una manera de hablar libre y extraordinaria en ciertas circunstancias; pero no sin templanza y tino; pues lo contrario en lugar de ser primor de elocuencia, ser\u00e1 exceso de mala crianza. Por tanto no es esta figura para muchachos, ni para hombres que no saben de filosof\u00eda de corazon. Vease este ejemplo de Dem\u00f3stenes. \u00ab\u00bfQu\u00e9 nunca habeis de hacer otro que andaros por esa ciudad, preguntando unos \u00e1 otros, que noticias hay? \u00bfHa muerto Filipo? dir\u00e1 este: no; responder\u00e1 aquel, solo est\u00e1 enfermo. \u00bfY qu\u00e9 os va \u00e1 vosotros en que viva Filipo, \u00f3 en que muera? Aunque el cielo os librase de \u00e9l, vosotros os har\u00edais otro Filipo.\u00bb<\/p>\n<hr \/>\n<p><strong>MAYANS Y SISCAR, G<\/strong>. <em>Obras completas<\/em>. Vol. III. <em>Ret\u00f3rica<\/em>. 1755. Ed. A. Maestre Sanch\u00eds. Oliva: Ayuntamiento de Oliva-Diputaci\u00f3n de Valencia, 1984.<\/p>\n<p style=\"text-align: justify;\">[p. 408 \u00a7 12] Licentia en lat\u00edn, seg\u00fan Cornificio, en griego parresia, en castellano, libertad, o desemboltura de hablar, es una discreta ostentaci\u00f3n de decir con libertad, tan aparta de ofender que antes bien obliga. (\u2026) No es lo mismo, pues, hablar libremente que figurar en la oraci\u00f3n con la licencia, porque la libertad de hablar las m\u00e1s veces ofende; i esta desemboltura de la licencia templada con discreci\u00f3n, solamente tira a amonestar o reprehender amorosamente, i por esso, i para que no se ofenda el oyente, conviene pedir licencia para hablar as\u00ed i anticipar las alabanzas d\u00e9l, declarar el amor que se le tiene, decir que el deseo de su bien precisa a hablar as\u00ed, manifestar el sentimiento que tiene el que habla de sus demas\u00edas, i echar a otros la culpa, i tal vez a s\u00ed mismos.<\/p>\n<p>&nbsp;<\/p>\n","protected":false},"excerpt":{"rendered":"<p>HERRERA D\u00c1VILA, J. (1827): Lecciones de ret\u00f3rica y po\u00e9tica. \u00a0Sevilla: Imprenta de D. Mariano Caro. V\u00e9anse, en especial, los apartados \u201cBibliograf\u00eda\u201d (p. 177-189); \u201cVocabulario\u201d (p. 190-212). Herrera D\u00e1vila, J. 1827. Licencia oratoria: la libertad que suelen tomarse los grandes oradores para usar algunas frases, figuras \u00f3 voces que no est\u00e1n comunmente admitidas. P. 62. [p. [&hellip;]<\/p>\n","protected":false},"author":16,"featured_media":0,"parent":0,"menu_order":0,"comment_status":"closed","ping_status":"closed","template":"","meta":{"footnotes":""},"class_list":["post-1631","page","type-page","status-publish","hentry"],"_links":{"self":[{"href":"https:\/\/grupos.unileon.es\/mebar\/wp-json\/wp\/v2\/pages\/1631","targetHints":{"allow":["GET"]}}],"collection":[{"href":"https:\/\/grupos.unileon.es\/mebar\/wp-json\/wp\/v2\/pages"}],"about":[{"href":"https:\/\/grupos.unileon.es\/mebar\/wp-json\/wp\/v2\/types\/page"}],"author":[{"embeddable":true,"href":"https:\/\/grupos.unileon.es\/mebar\/wp-json\/wp\/v2\/users\/16"}],"replies":[{"embeddable":true,"href":"https:\/\/grupos.unileon.es\/mebar\/wp-json\/wp\/v2\/comments?post=1631"}],"version-history":[{"count":2,"href":"https:\/\/grupos.unileon.es\/mebar\/wp-json\/wp\/v2\/pages\/1631\/revisions"}],"predecessor-version":[{"id":2173,"href":"https:\/\/grupos.unileon.es\/mebar\/wp-json\/wp\/v2\/pages\/1631\/revisions\/2173"}],"wp:attachment":[{"href":"https:\/\/grupos.unileon.es\/mebar\/wp-json\/wp\/v2\/media?parent=1631"}],"curies":[{"name":"wp","href":"https:\/\/api.w.org\/{rel}","templated":true}]}}