{"id":1676,"date":"2015-09-08T05:30:08","date_gmt":"2015-09-08T05:30:08","guid":{"rendered":"http:\/\/grupos.unileon.es\/mebar\/?page_id=1676"},"modified":"2015-09-08T05:30:08","modified_gmt":"2015-09-08T05:30:08","slug":"reflexio-critica-espanol","status":"publish","type":"page","link":"https:\/\/grupos.unileon.es\/mebar\/reflexio-critica-espanol\/","title":{"rendered":"Reflexio. Cr\u00edtica espa\u00f1ol"},"content":{"rendered":"<p><strong>MAR\u00cdN Y MORALES, V.<\/strong> <em>Lecciones de ret\u00f3rica y po\u00e9tica<\/em>. Manila: Imprenta del Colegio de Sto. Tom\u00e1s, 1895.<\/p>\n<p><strong>Mar\u00edn y Morales, V.<\/strong> \u00a01895<\/p>\n<p>[p. 105] \u00a0La reflexi\u00f3n \u00f3 epifonema es un corolario del relato \u00f3 per\u00edodo, que se hace en forma de exclamaci\u00f3n.<\/p>\n","protected":false},"excerpt":{"rendered":"<p>MAR\u00cdN Y MORALES, V. Lecciones de ret\u00f3rica y po\u00e9tica. Manila: Imprenta del Colegio de Sto. Tom\u00e1s, 1895. Mar\u00edn y Morales, V. \u00a01895 [p. 105] \u00a0La reflexi\u00f3n \u00f3 epifonema es un corolario del relato \u00f3 per\u00edodo, que se hace en forma de exclamaci\u00f3n.<\/p>\n","protected":false},"author":16,"featured_media":0,"parent":0,"menu_order":0,"comment_status":"closed","ping_status":"closed","template":"","meta":{"footnotes":""},"class_list":["post-1676","page","type-page","status-publish","hentry"],"_links":{"self":[{"href":"https:\/\/grupos.unileon.es\/mebar\/wp-json\/wp\/v2\/pages\/1676","targetHints":{"allow":["GET"]}}],"collection":[{"href":"https:\/\/grupos.unileon.es\/mebar\/wp-json\/wp\/v2\/pages"}],"about":[{"href":"https:\/\/grupos.unileon.es\/mebar\/wp-json\/wp\/v2\/types\/page"}],"author":[{"embeddable":true,"href":"https:\/\/grupos.unileon.es\/mebar\/wp-json\/wp\/v2\/users\/16"}],"replies":[{"embeddable":true,"href":"https:\/\/grupos.unileon.es\/mebar\/wp-json\/wp\/v2\/comments?post=1676"}],"version-history":[{"count":1,"href":"https:\/\/grupos.unileon.es\/mebar\/wp-json\/wp\/v2\/pages\/1676\/revisions"}],"predecessor-version":[{"id":1677,"href":"https:\/\/grupos.unileon.es\/mebar\/wp-json\/wp\/v2\/pages\/1676\/revisions\/1677"}],"wp:attachment":[{"href":"https:\/\/grupos.unileon.es\/mebar\/wp-json\/wp\/v2\/media?parent=1676"}],"curies":[{"name":"wp","href":"https:\/\/api.w.org\/{rel}","templated":true}]}}