{"id":1688,"date":"2015-09-08T05:53:25","date_gmt":"2015-09-08T05:53:25","guid":{"rendered":"http:\/\/grupos.unileon.es\/mebar\/?page_id=1688"},"modified":"2015-09-08T05:53:25","modified_gmt":"2015-09-08T05:53:25","slug":"elogium-recepcion-espanol","status":"publish","type":"page","link":"https:\/\/grupos.unileon.es\/mebar\/elogium-recepcion-espanol\/","title":{"rendered":"Elogium. Recepci\u00f3n espa\u00f1ol"},"content":{"rendered":"<p><strong>MATA Y ARAUJO, L.<\/strong> De. <em>Elementos de ret\u00f3rica y po\u00e9tica extractados de los autores de mejor nota<\/em>. Madrid: Imprenta de Jos\u00e9 Mart\u00edn Avellano, 1818.<\/p>\n<p><strong>Mata y Araujo, L<\/strong>. 1818.<\/p>\n<p>Una de las dos variedades del g\u00e9nero demostrativo o epid\u00edctico.<\/p>\n","protected":false},"excerpt":{"rendered":"<p>MATA Y ARAUJO, L. De. Elementos de ret\u00f3rica y po\u00e9tica extractados de los autores de mejor nota. Madrid: Imprenta de Jos\u00e9 Mart\u00edn Avellano, 1818. Mata y Araujo, L. 1818. Una de las dos variedades del g\u00e9nero demostrativo o epid\u00edctico.<\/p>\n","protected":false},"author":16,"featured_media":0,"parent":0,"menu_order":0,"comment_status":"closed","ping_status":"closed","template":"","meta":{"footnotes":""},"class_list":["post-1688","page","type-page","status-publish","hentry"],"_links":{"self":[{"href":"https:\/\/grupos.unileon.es\/mebar\/wp-json\/wp\/v2\/pages\/1688","targetHints":{"allow":["GET"]}}],"collection":[{"href":"https:\/\/grupos.unileon.es\/mebar\/wp-json\/wp\/v2\/pages"}],"about":[{"href":"https:\/\/grupos.unileon.es\/mebar\/wp-json\/wp\/v2\/types\/page"}],"author":[{"embeddable":true,"href":"https:\/\/grupos.unileon.es\/mebar\/wp-json\/wp\/v2\/users\/16"}],"replies":[{"embeddable":true,"href":"https:\/\/grupos.unileon.es\/mebar\/wp-json\/wp\/v2\/comments?post=1688"}],"version-history":[{"count":1,"href":"https:\/\/grupos.unileon.es\/mebar\/wp-json\/wp\/v2\/pages\/1688\/revisions"}],"predecessor-version":[{"id":1689,"href":"https:\/\/grupos.unileon.es\/mebar\/wp-json\/wp\/v2\/pages\/1688\/revisions\/1689"}],"wp:attachment":[{"href":"https:\/\/grupos.unileon.es\/mebar\/wp-json\/wp\/v2\/media?parent=1688"}],"curies":[{"name":"wp","href":"https:\/\/api.w.org\/{rel}","templated":true}]}}