{"id":1777,"date":"2015-09-17T22:19:55","date_gmt":"2015-09-17T22:19:55","guid":{"rendered":"http:\/\/grupos.unileon.es\/mebar\/?page_id=1777"},"modified":"2015-09-17T23:25:16","modified_gmt":"2015-09-17T23:25:16","slug":"allegoria-bibliografia","status":"publish","type":"page","link":"https:\/\/grupos.unileon.es\/mebar\/allegoria-bibliografia\/","title":{"rendered":"Allegoria. Bibliograf\u00eda"},"content":{"rendered":"<p style=\"text-align: justify;\"><strong>ARPA y L\u00d3PEZ, S.<\/strong>\u00a0<em>Compendio de ret\u00f3rica y po\u00e9tica \u00f3 Literatura preceptiva adaptada a la \u00edndole y extensi\u00f3n de esta asignatura en la segunda ense\u00f1anza.<\/em>\u00a0C\u00e1diz: Imprenta y Litograf\u00eda de la Revista M\u00e9dica, 1878.<\/p>\n<p style=\"text-align: justify;\"><strong>ARTIGA, F. J<\/strong>. <em>Epitome de la <\/em><em>elocuencia<\/em><em> espa\u00f1ola<\/em>, Madrid: Viuda de A. Vindel, 1747.<\/p>\n<p style=\"text-align: justify;\"><strong>CAPMANY \u00a0Y MONTPALAU, A.<\/strong>\u00a0de.\u00a0<em>Filosof\u00eda de la eloquencia<\/em>. Ed. e introd. de Jos\u00e9 Juan Berbel Rodr\u00edguez. Reprod. de la ed. Madrid: Antonio de Sancha, 1777. \u00a0Madrid: Universidad de Almer\u00eda, 2002.<\/p>\n<p style=\"text-align: justify;\"><strong>CAPMANY Y MONTPALAU<\/strong> A. de (1786-1794): <em>Teatro hist\u00f3rico-cr\u00edtico de la eloquencia espa\u00f1ola<\/em>, Antonio de Sancha, Madrid.<\/p>\n<p><strong>GIL DE Z\u00c1RATE, A.<\/strong>\u00a0\u00a0<em>Manual de literatura. Primera parte: principios generales de po\u00e9tica y ret\u00f3rica.<\/em>\u00a0Madrid: Imp. de Mart\u00ednez y Minuesa, 1850.<\/p>\n<p><strong>G\u00d3MEZ HERMOSILLA, J.<\/strong>\u00a0<em>Arte de hablar en prosa y verso<\/em>. Madrid: Imprenta Real, 1826, 2 vols.<\/p>\n<p style=\"text-align: justify;\"><strong>MIGUEL, R. de.\u00a0<\/strong><em>Curso elemental te\u00f3rico pr\u00e1ctico de ret\u00f3rica y po\u00e9tica acomodado a la \u00edndole de los estudios de la 2\u00aa ense\u00f1anza, conforme al programa oficial.<\/em><em>\u00a0<\/em>\u00a0Madrid: Agustin Jubera, 1875. (con ejemplos cervantinos).<\/p>\n<p style=\"text-align: justify;\">\u00a0<em>Prontuario de ret\u00f3rica y po\u00e9tica, extractado de los mejores autores nacionales y extranjeros por un antiguo profesor de estos ramos<\/em>. Madrid: Imp. de Fuentenebro, 1839.<\/p>\n<p style=\"text-align: justify;\"><strong>S\u00c1NCHEZ BARBERO, F.<\/strong>\u00a0<em>Principios de ret\u00f3rica y po\u00e9tica<\/em>. Madrid: Imprenta de la Administraci\u00f3n del Real Arbitrio de Beneficencia,\u00a01805.<\/p>\n<p style=\"text-align: justify;\"><strong>SCHWEIKLE, G. y SCHWEIKLE I<\/strong>. (eds.). <em>Metzler Literatur Lexikon<\/em>, <em>Stichtw\u00f6rter zur Weltliteratu<\/em>r. Stuttgart: Metzler, 1990.<\/p>\n","protected":false},"excerpt":{"rendered":"<p>ARPA y L\u00d3PEZ, S.\u00a0Compendio de ret\u00f3rica y po\u00e9tica \u00f3 Literatura preceptiva adaptada a la \u00edndole y extensi\u00f3n de esta asignatura en la segunda ense\u00f1anza.\u00a0C\u00e1diz: Imprenta y Litograf\u00eda de la Revista M\u00e9dica, 1878. ARTIGA, F. J. Epitome de la elocuencia espa\u00f1ola, Madrid: Viuda de A. Vindel, 1747. CAPMANY \u00a0Y MONTPALAU, A.\u00a0de.\u00a0Filosof\u00eda de la eloquencia. Ed. e [&hellip;]<\/p>\n","protected":false},"author":16,"featured_media":0,"parent":0,"menu_order":0,"comment_status":"closed","ping_status":"closed","template":"","meta":{"footnotes":""},"class_list":["post-1777","page","type-page","status-publish","hentry"],"_links":{"self":[{"href":"https:\/\/grupos.unileon.es\/mebar\/wp-json\/wp\/v2\/pages\/1777","targetHints":{"allow":["GET"]}}],"collection":[{"href":"https:\/\/grupos.unileon.es\/mebar\/wp-json\/wp\/v2\/pages"}],"about":[{"href":"https:\/\/grupos.unileon.es\/mebar\/wp-json\/wp\/v2\/types\/page"}],"author":[{"embeddable":true,"href":"https:\/\/grupos.unileon.es\/mebar\/wp-json\/wp\/v2\/users\/16"}],"replies":[{"embeddable":true,"href":"https:\/\/grupos.unileon.es\/mebar\/wp-json\/wp\/v2\/comments?post=1777"}],"version-history":[{"count":2,"href":"https:\/\/grupos.unileon.es\/mebar\/wp-json\/wp\/v2\/pages\/1777\/revisions"}],"predecessor-version":[{"id":1802,"href":"https:\/\/grupos.unileon.es\/mebar\/wp-json\/wp\/v2\/pages\/1777\/revisions\/1802"}],"wp:attachment":[{"href":"https:\/\/grupos.unileon.es\/mebar\/wp-json\/wp\/v2\/media?parent=1777"}],"curies":[{"name":"wp","href":"https:\/\/api.w.org\/{rel}","templated":true}]}}