{"id":1793,"date":"2015-09-17T23:06:04","date_gmt":"2015-09-17T23:06:04","guid":{"rendered":"http:\/\/grupos.unileon.es\/mebar\/?page_id=1793"},"modified":"2015-09-17T23:06:04","modified_gmt":"2015-09-17T23:06:04","slug":"antithesis-definicion-latin","status":"publish","type":"page","link":"https:\/\/grupos.unileon.es\/mebar\/antithesis-definicion-latin\/","title":{"rendered":"Antithesis. Definici\u00f3n lat\u00edn"},"content":{"rendered":"<p style=\"text-align: justify;\"><em>Antitheton<\/em>: Contrapone dos realidades opuestas, que se pueden expresar mediante palabras aisladas o por frases, fragmentos de discurso, p\u00e1rrafos o actitudes de los personajes. En su forma antigua la igualdad formal o la simetr\u00eda de los p\u00e1rrafos sol\u00eda contrastar con la oposici\u00f3n en el plano del significado (Qvint. inst. 9, 3, 81; Lausb. II, \u00a7 787-793). <em>Oxymoron<\/em>: Forma extrema de contraposici\u00f3n de contrarios por el sentido.<\/p>\n","protected":false},"excerpt":{"rendered":"<p>Antitheton: Contrapone dos realidades opuestas, que se pueden expresar mediante palabras aisladas o por frases, fragmentos de discurso, p\u00e1rrafos o actitudes de los personajes. En su forma antigua la igualdad formal o la simetr\u00eda de los p\u00e1rrafos sol\u00eda contrastar con la oposici\u00f3n en el plano del significado (Qvint. inst. 9, 3, 81; Lausb. II, \u00a7 [&hellip;]<\/p>\n","protected":false},"author":16,"featured_media":0,"parent":0,"menu_order":0,"comment_status":"closed","ping_status":"closed","template":"","meta":{"footnotes":""},"class_list":["post-1793","page","type-page","status-publish","hentry"],"_links":{"self":[{"href":"https:\/\/grupos.unileon.es\/mebar\/wp-json\/wp\/v2\/pages\/1793","targetHints":{"allow":["GET"]}}],"collection":[{"href":"https:\/\/grupos.unileon.es\/mebar\/wp-json\/wp\/v2\/pages"}],"about":[{"href":"https:\/\/grupos.unileon.es\/mebar\/wp-json\/wp\/v2\/types\/page"}],"author":[{"embeddable":true,"href":"https:\/\/grupos.unileon.es\/mebar\/wp-json\/wp\/v2\/users\/16"}],"replies":[{"embeddable":true,"href":"https:\/\/grupos.unileon.es\/mebar\/wp-json\/wp\/v2\/comments?post=1793"}],"version-history":[{"count":1,"href":"https:\/\/grupos.unileon.es\/mebar\/wp-json\/wp\/v2\/pages\/1793\/revisions"}],"predecessor-version":[{"id":1794,"href":"https:\/\/grupos.unileon.es\/mebar\/wp-json\/wp\/v2\/pages\/1793\/revisions\/1794"}],"wp:attachment":[{"href":"https:\/\/grupos.unileon.es\/mebar\/wp-json\/wp\/v2\/media?parent=1793"}],"curies":[{"name":"wp","href":"https:\/\/api.w.org\/{rel}","templated":true}]}}