{"id":1796,"date":"2015-09-17T23:09:58","date_gmt":"2015-09-17T23:09:58","guid":{"rendered":"http:\/\/grupos.unileon.es\/mebar\/?page_id=1796"},"modified":"2015-09-17T23:09:58","modified_gmt":"2015-09-17T23:09:58","slug":"ambiguitas-bibliografia","status":"publish","type":"page","link":"https:\/\/grupos.unileon.es\/mebar\/ambiguitas-bibliografia\/","title":{"rendered":"Ambiguitas. Bibliograf\u00eda"},"content":{"rendered":"<p><strong>ABRAMS, M. H<\/strong>.\u00a0<em>A Glossary of Literary Terms<\/em>. 7th Ed. Fort Worth: Harcourt Brace College Publishers, 1999.<\/p>\n<p>Faltan franceses<\/p>\n<p style=\"text-align: justify;\"><strong>UEDING, G<\/strong>.\u00a0<em>Historisches W\u00f6rterbuch der Rhetorik.<\/em>\u00a0T\u00fcrbingen: Niemeyer, 1992-2009. 10 vols.<\/p>\n<p style=\"text-align: justify;\"><strong>CAMPBELL,<\/strong>\u00a0George.\u00a0<em>The Philosophy of Rhetoric.<\/em><em>\u00a0<\/em>London: V. Strahan and T. Cadell, \u00a01776. Impreso<\/p>\n<p style=\"text-align: justify;\"><strong>BLAIR, Hugh<\/strong>.\u00a0<em>Lectures on Rhetoric and Belles Lettres.\u00a0<\/em>Eds<em>.<\/em>\u00a0Linda Ferreira-Buckley and S. Michael Halloram. \u00a0Carbondale: Southern Illinois University Press, 2005.<br \/>\n(La primera edici\u00f3n apareci\u00f3 en\u00a0<strong>1783<\/strong>)<\/p>\n<p style=\"text-align: justify;\">Blair, Hugo.\u00a0<em>Lecciones sobre la ret\u00f3rica y las bellas letras.\u00a0<\/em>Trad.<em>\u00a0<\/em>\u00a0Jos\u00e9 Luis Munarriz. \u00a0Madrid: Ibarra, 1817, 3\u00aa ed.<br \/>\n(La primera edici\u00f3n apareci\u00f3 en los a\u00f1os\u00a0<strong>1798-1801<\/strong>. Creo que convendr\u00eda citar de ella para la versi\u00f3n definitiva)<\/p>\n","protected":false},"excerpt":{"rendered":"<p>ABRAMS, M. H.\u00a0A Glossary of Literary Terms. 7th Ed. Fort Worth: Harcourt Brace College Publishers, 1999. Faltan franceses UEDING, G.\u00a0Historisches W\u00f6rterbuch der Rhetorik.\u00a0T\u00fcrbingen: Niemeyer, 1992-2009. 10 vols. CAMPBELL,\u00a0George.\u00a0The Philosophy of Rhetoric.\u00a0London: V. Strahan and T. Cadell, \u00a01776. Impreso BLAIR, Hugh.\u00a0Lectures on Rhetoric and Belles Lettres.\u00a0Eds.\u00a0Linda Ferreira-Buckley and S. Michael Halloram. \u00a0Carbondale: Southern Illinois University Press, [&hellip;]<\/p>\n","protected":false},"author":16,"featured_media":0,"parent":0,"menu_order":0,"comment_status":"closed","ping_status":"closed","template":"","meta":{"footnotes":""},"class_list":["post-1796","page","type-page","status-publish","hentry"],"_links":{"self":[{"href":"https:\/\/grupos.unileon.es\/mebar\/wp-json\/wp\/v2\/pages\/1796","targetHints":{"allow":["GET"]}}],"collection":[{"href":"https:\/\/grupos.unileon.es\/mebar\/wp-json\/wp\/v2\/pages"}],"about":[{"href":"https:\/\/grupos.unileon.es\/mebar\/wp-json\/wp\/v2\/types\/page"}],"author":[{"embeddable":true,"href":"https:\/\/grupos.unileon.es\/mebar\/wp-json\/wp\/v2\/users\/16"}],"replies":[{"embeddable":true,"href":"https:\/\/grupos.unileon.es\/mebar\/wp-json\/wp\/v2\/comments?post=1796"}],"version-history":[{"count":1,"href":"https:\/\/grupos.unileon.es\/mebar\/wp-json\/wp\/v2\/pages\/1796\/revisions"}],"predecessor-version":[{"id":1797,"href":"https:\/\/grupos.unileon.es\/mebar\/wp-json\/wp\/v2\/pages\/1796\/revisions\/1797"}],"wp:attachment":[{"href":"https:\/\/grupos.unileon.es\/mebar\/wp-json\/wp\/v2\/media?parent=1796"}],"curies":[{"name":"wp","href":"https:\/\/api.w.org\/{rel}","templated":true}]}}