{"id":1815,"date":"2015-09-17T23:59:42","date_gmt":"2015-09-17T23:59:42","guid":{"rendered":"http:\/\/grupos.unileon.es\/mebar\/?page_id=1815"},"modified":"2015-09-17T23:59:42","modified_gmt":"2015-09-17T23:59:42","slug":"antonomasia-definicion-aleman","status":"publish","type":"page","link":"https:\/\/grupos.unileon.es\/mebar\/antonomasia-definicion-aleman\/","title":{"rendered":"Antonomasia. Definici\u00f3n alem\u00e1n"},"content":{"rendered":"<p><strong>SCHWEIKLE, G. y SCHWEIKLE I<\/strong>. (eds.). <em>Metzler Literatur Lexikon<\/em>, <em>Stichtw\u00f6rter zur Weltliteratu<\/em>r. Stuttgart: Metzler, 1990.<\/p>\n<p><em>Antonomasie<\/em> (gr. = Umbennenung)<\/p>\n<p style=\"text-align: justify;\">1. Umschreibung eines Eigennamens durch bes. Kennzeichen, als Tropus meist stereotyp gebraucht; dient im Kontext als Variation eines \u00f6fters vorkommenden Namens oder als verh\u00fcllende Anspielung. 2. In analoger Umkehrung des urspr\u00fcngen Begriffs die Ersetzung einer Gattungs bez. (Appellativum) durch den Eigennamen eines ihrer typ. Vertreter.<\/p>\n","protected":false},"excerpt":{"rendered":"<p>SCHWEIKLE, G. y SCHWEIKLE I. (eds.). Metzler Literatur Lexikon, Stichtw\u00f6rter zur Weltliteratur. Stuttgart: Metzler, 1990. Antonomasie (gr. = Umbennenung) 1. Umschreibung eines Eigennamens durch bes. Kennzeichen, als Tropus meist stereotyp gebraucht; dient im Kontext als Variation eines \u00f6fters vorkommenden Namens oder als verh\u00fcllende Anspielung. 2. In analoger Umkehrung des urspr\u00fcngen Begriffs die Ersetzung einer Gattungs [&hellip;]<\/p>\n","protected":false},"author":16,"featured_media":0,"parent":0,"menu_order":0,"comment_status":"closed","ping_status":"closed","template":"","meta":{"footnotes":""},"class_list":["post-1815","page","type-page","status-publish","hentry"],"_links":{"self":[{"href":"https:\/\/grupos.unileon.es\/mebar\/wp-json\/wp\/v2\/pages\/1815","targetHints":{"allow":["GET"]}}],"collection":[{"href":"https:\/\/grupos.unileon.es\/mebar\/wp-json\/wp\/v2\/pages"}],"about":[{"href":"https:\/\/grupos.unileon.es\/mebar\/wp-json\/wp\/v2\/types\/page"}],"author":[{"embeddable":true,"href":"https:\/\/grupos.unileon.es\/mebar\/wp-json\/wp\/v2\/users\/16"}],"replies":[{"embeddable":true,"href":"https:\/\/grupos.unileon.es\/mebar\/wp-json\/wp\/v2\/comments?post=1815"}],"version-history":[{"count":1,"href":"https:\/\/grupos.unileon.es\/mebar\/wp-json\/wp\/v2\/pages\/1815\/revisions"}],"predecessor-version":[{"id":1816,"href":"https:\/\/grupos.unileon.es\/mebar\/wp-json\/wp\/v2\/pages\/1815\/revisions\/1816"}],"wp:attachment":[{"href":"https:\/\/grupos.unileon.es\/mebar\/wp-json\/wp\/v2\/media?parent=1815"}],"curies":[{"name":"wp","href":"https:\/\/api.w.org\/{rel}","templated":true}]}}