{"id":1827,"date":"2015-09-18T00:25:35","date_gmt":"2015-09-18T00:25:35","guid":{"rendered":"http:\/\/grupos.unileon.es\/mebar\/?page_id=1827"},"modified":"2015-09-18T00:25:35","modified_gmt":"2015-09-18T00:25:35","slug":"auctoritas-definicion-latin","status":"publish","type":"page","link":"https:\/\/grupos.unileon.es\/mebar\/auctoritas-definicion-latin\/","title":{"rendered":"Auctoritas. Definici\u00f3n lat\u00edn"},"content":{"rendered":"<p style=\"text-align: justify;\"><em>Auctoritas<\/em><br \/>\nEl uso de la lengua que muestran los buenos autores es criterio para el lenguaje normativo, pero tambi\u00e9n las sentencias, pensamientos o modos de expresi\u00f3n que caracterizan una intenci\u00f3n de estilo. Tambi\u00e9n la selecci\u00f3n de palabras, el empleo de arca\u00edsmos o neologismos puede estar inducido por esta figura. Se relaciona tambi\u00e9n con la aplicaci\u00f3n de ejemplos y an\u00e9cdotas a la ilustraci\u00f3n o demostraci\u00f3n de una idea (Qvint. inst. 5, 11, 36; Lausb. I, \u00a7 426).<\/p>\n","protected":false},"excerpt":{"rendered":"<p>Auctoritas El uso de la lengua que muestran los buenos autores es criterio para el lenguaje normativo, pero tambi\u00e9n las sentencias, pensamientos o modos de expresi\u00f3n que caracterizan una intenci\u00f3n de estilo. Tambi\u00e9n la selecci\u00f3n de palabras, el empleo de arca\u00edsmos o neologismos puede estar inducido por esta figura. Se relaciona tambi\u00e9n con la aplicaci\u00f3n [&hellip;]<\/p>\n","protected":false},"author":16,"featured_media":0,"parent":0,"menu_order":0,"comment_status":"closed","ping_status":"closed","template":"","meta":{"footnotes":""},"class_list":["post-1827","page","type-page","status-publish","hentry"],"_links":{"self":[{"href":"https:\/\/grupos.unileon.es\/mebar\/wp-json\/wp\/v2\/pages\/1827","targetHints":{"allow":["GET"]}}],"collection":[{"href":"https:\/\/grupos.unileon.es\/mebar\/wp-json\/wp\/v2\/pages"}],"about":[{"href":"https:\/\/grupos.unileon.es\/mebar\/wp-json\/wp\/v2\/types\/page"}],"author":[{"embeddable":true,"href":"https:\/\/grupos.unileon.es\/mebar\/wp-json\/wp\/v2\/users\/16"}],"replies":[{"embeddable":true,"href":"https:\/\/grupos.unileon.es\/mebar\/wp-json\/wp\/v2\/comments?post=1827"}],"version-history":[{"count":1,"href":"https:\/\/grupos.unileon.es\/mebar\/wp-json\/wp\/v2\/pages\/1827\/revisions"}],"predecessor-version":[{"id":1828,"href":"https:\/\/grupos.unileon.es\/mebar\/wp-json\/wp\/v2\/pages\/1827\/revisions\/1828"}],"wp:attachment":[{"href":"https:\/\/grupos.unileon.es\/mebar\/wp-json\/wp\/v2\/media?parent=1827"}],"curies":[{"name":"wp","href":"https:\/\/api.w.org\/{rel}","templated":true}]}}